{"id":117,"date":"2023-08-21T19:26:33","date_gmt":"2023-08-21T19:26:33","guid":{"rendered":"https:\/\/lifesavers.a.land\/?page_id=117"},"modified":"2023-08-21T20:54:29","modified_gmt":"2023-08-21T20:54:29","slug":"handlung-2","status":"publish","type":"page","link":"https:\/\/lifesavers.a.land\/?page_id=117","title":{"rendered":"Handlung (2)"},"content":{"rendered":"\n\n\n<p>Auf ihre Frage antwortet die Person nicht und zeigt weiterhin keine Reaktion. Wie fahren Sie fort?<\/p>\n\n\n\n<div class=\"wp-block-buttons is-layout-flex wp-block-buttons-is-layout-flex\">\n<div class=\"wp-block-button has-custom-width wp-block-button__width-100\"><a class=\"wp-block-button__link wp-element-button\" href=\"https:\/\/lifesavers.a.land\/?page_id=119\">Die Person antwortet nicht, somit muss eine Bewusstlosigkeit vorliegen. Ich handle dementsprechend!<\/a><\/div>\n\n\n\n<div class=\"wp-block-button has-custom-width wp-block-button__width-100\"><a class=\"wp-block-button__link wp-element-button\" href=\"https:\/\/lifesavers.a.land\/?page_id=119\">Ich ber\u00fchre die Person nicht, da sie m\u00f6glicherweise Krank ist und mich anstecken k\u00f6nnte. Meinem Eigenschutz zuliebe, verlasse ich die Unfallstelle und suche Schutzhandschuhe.<\/a><\/div>\n\n\n\n<div class=\"wp-block-button has-custom-width wp-block-button__width-100\"><a class=\"wp-block-button__link wp-element-button\" href=\"https:\/\/lifesavers.a.land\/?page_id=121\">Ich sch\u00fcttle die Person leicht an der Schulter. Falls sie nicht reagiert kann ich von einer Bewusstlosigkeit ausgehen. Zudem mache ich mich f\u00fcr andere Menschen in meiner N\u00e4he bemerkbar, um weitere Helfer zu finden.<\/a><\/div>\n<\/div>\n","protected":false},"excerpt":{"rendered":"<p>Auf ihre Frage antwortet die Person nicht und zeigt weiterhin keine Reaktion. Wie fahren Sie fort?<\/p>\n","protected":false},"author":1,"featured_media":0,"parent":95,"menu_order":0,"comment_status":"closed","ping_status":"closed","template":"","meta":{"footnotes":""},"_links":{"self":[{"href":"https:\/\/lifesavers.a.land\/index.php?rest_route=\/wp\/v2\/pages\/117"}],"collection":[{"href":"https:\/\/lifesavers.a.land\/index.php?rest_route=\/wp\/v2\/pages"}],"about":[{"href":"https:\/\/lifesavers.a.land\/index.php?rest_route=\/wp\/v2\/types\/page"}],"author":[{"embeddable":true,"href":"https:\/\/lifesavers.a.land\/index.php?rest_route=\/wp\/v2\/users\/1"}],"replies":[{"embeddable":true,"href":"https:\/\/lifesavers.a.land\/index.php?rest_route=%2Fwp%2Fv2%2Fcomments&post=117"}],"version-history":[{"count":4,"href":"https:\/\/lifesavers.a.land\/index.php?rest_route=\/wp\/v2\/pages\/117\/revisions"}],"predecessor-version":[{"id":177,"href":"https:\/\/lifesavers.a.land\/index.php?rest_route=\/wp\/v2\/pages\/117\/revisions\/177"}],"up":[{"embeddable":true,"href":"https:\/\/lifesavers.a.land\/index.php?rest_route=\/wp\/v2\/pages\/95"}],"wp:attachment":[{"href":"https:\/\/lifesavers.a.land\/index.php?rest_route=%2Fwp%2Fv2%2Fmedia&parent=117"}],"curies":[{"name":"wp","href":"https:\/\/api.w.org\/{rel}","templated":true}]}}