{"id":121,"date":"2023-08-21T19:26:33","date_gmt":"2023-08-21T19:26:33","guid":{"rendered":"https:\/\/lifesavers.a.land\/?page_id=121"},"modified":"2023-08-21T20:55:36","modified_gmt":"2023-08-21T20:55:36","slug":"antwort-2-2","status":"publish","type":"page","link":"https:\/\/lifesavers.a.land\/?page_id=121","title":{"rendered":"Antwort (2)"},"content":{"rendered":"\n<h2 class=\"wp-block-heading has-vivid-green-cyan-background-color has-background\">Korrekt!<\/h2>\n\n\n\n<p>Wenn man nur \u00dcberpr\u00fcft, ob die Person ansprechbar ist, kann man noch nicht von einer Bewusstlosigkeit ausgehen, da die Person m\u00f6glicherweise durch andere Probleme nicht Antworten kann. Wenn man die Person jedoch sch\u00fcttelt setzt man einen Ber\u00fchrungsreiz, wird dieser nicht bemerk kann man von einer Bewusstlosigkeit ausgehen, da bewusstlose Personen weder auf Ansprache noch auf Ber\u00fchrungs- und Schmerzreize reagieren.<\/p>\n\n\n\n<p>Auch eine Person in akuter Lebensgefahr, wegen Bef\u00fcrchtungen vor einer Infektion, nicht zu behandeln ist nicht korrekt. Es besteht f\u00fcr den Helfer bei einer Bewusstlosigkeit eine kleine Gefahr. Zudem sollte man die Unfallstelle nicht verlassen, bis z.B. bei schweren F\u00e4llen der Rettungsdienst einen entl\u00e4sst.<\/p>\n\n\n\n<div class=\"wp-block-buttons is-content-justification-right is-layout-flex wp-container-1 wp-block-buttons-is-layout-flex\">\n<div class=\"wp-block-button\"><a class=\"wp-block-button__link wp-element-button\" href=\"https:\/\/lifesavers.a.land\/?page_id=127\">Weiter<\/a><\/div>\n<\/div>\n","protected":false},"excerpt":{"rendered":"<p>Korrekt! Wenn man nur \u00dcberpr\u00fcft, ob die Person ansprechbar ist, kann man noch nicht von einer Bewusstlosigkeit ausgehen, da die Person m\u00f6glicherweise durch andere Probleme nicht Antworten kann. Wenn man die Person jedoch sch\u00fcttelt setzt man einen Ber\u00fchrungsreiz, wird dieser nicht bemerk kann man von einer Bewusstlosigkeit ausgehen, da bewusstlose Personen weder auf Ansprache noch [&hellip;]<\/p>\n","protected":false},"author":1,"featured_media":0,"parent":117,"menu_order":0,"comment_status":"closed","ping_status":"closed","template":"","meta":{"footnotes":""},"_links":{"self":[{"href":"https:\/\/lifesavers.a.land\/index.php?rest_route=\/wp\/v2\/pages\/121"}],"collection":[{"href":"https:\/\/lifesavers.a.land\/index.php?rest_route=\/wp\/v2\/pages"}],"about":[{"href":"https:\/\/lifesavers.a.land\/index.php?rest_route=\/wp\/v2\/types\/page"}],"author":[{"embeddable":true,"href":"https:\/\/lifesavers.a.land\/index.php?rest_route=\/wp\/v2\/users\/1"}],"replies":[{"embeddable":true,"href":"https:\/\/lifesavers.a.land\/index.php?rest_route=%2Fwp%2Fv2%2Fcomments&post=121"}],"version-history":[{"count":4,"href":"https:\/\/lifesavers.a.land\/index.php?rest_route=\/wp\/v2\/pages\/121\/revisions"}],"predecessor-version":[{"id":178,"href":"https:\/\/lifesavers.a.land\/index.php?rest_route=\/wp\/v2\/pages\/121\/revisions\/178"}],"up":[{"embeddable":true,"href":"https:\/\/lifesavers.a.land\/index.php?rest_route=\/wp\/v2\/pages\/117"}],"wp:attachment":[{"href":"https:\/\/lifesavers.a.land\/index.php?rest_route=%2Fwp%2Fv2%2Fmedia&parent=121"}],"curies":[{"name":"wp","href":"https:\/\/api.w.org\/{rel}","templated":true}]}}