{"id":127,"date":"2023-08-21T19:34:06","date_gmt":"2023-08-21T19:34:06","guid":{"rendered":"https:\/\/lifesavers.a.land\/?page_id=127"},"modified":"2023-08-21T20:56:46","modified_gmt":"2023-08-21T20:56:46","slug":"handlung-3","status":"publish","type":"page","link":"https:\/\/lifesavers.a.land\/?page_id=127","title":{"rendered":"Handlung (3)"},"content":{"rendered":"\n\n\n<p>Die Person ist bewusstlos und braucht dringend Ihre Hilfe. Wie handeln Sie?<\/p>\n\n\n\n<div class=\"wp-block-buttons is-layout-flex wp-block-buttons-is-layout-flex\">\n<div class=\"wp-block-button\"><a class=\"wp-block-button__link wp-element-button\" href=\"https:\/\/lifesavers.a.land\/?page_id=129\">Ich fange die Reanimation an, da die Person kein Bewusstsein hat und die Herz-Kreislauf-Funktionen zu Wiederherstellen.<\/a><\/div>\n\n\n\n<div class=\"wp-block-button has-custom-width wp-block-button__width-100\"><a class=\"wp-block-button__link wp-element-button\" href=\"https:\/\/lifesavers.a.land\/?page_id=129\">Ich lagere die Person in eine Bewusstlosenlagerung.<\/a><\/div>\n\n\n\n<div class=\"wp-block-button\"><a class=\"wp-block-button__link wp-element-button\" href=\"https:\/\/lifesavers.a.land\/?page_id=131\">Ich \u00fcberpr\u00fcfe die Atmung. Dazu \u00fcberstrecke ich den Kopf, beuge mich \u00fcber dem Kopf, schaue auf den Brustkorb der Person und h\u00f6re, schaue und f\u00fchle, ob eine Atmung vorhanden ist w\u00e4hrend 10 sekunden.<\/a><\/div>\n<\/div>\n","protected":false},"excerpt":{"rendered":"<p>Die Person ist bewusstlos und braucht dringend Ihre Hilfe. Wie handeln Sie?<\/p>\n","protected":false},"author":1,"featured_media":0,"parent":119,"menu_order":0,"comment_status":"closed","ping_status":"closed","template":"","meta":{"footnotes":""},"_links":{"self":[{"href":"https:\/\/lifesavers.a.land\/index.php?rest_route=\/wp\/v2\/pages\/127"}],"collection":[{"href":"https:\/\/lifesavers.a.land\/index.php?rest_route=\/wp\/v2\/pages"}],"about":[{"href":"https:\/\/lifesavers.a.land\/index.php?rest_route=\/wp\/v2\/types\/page"}],"author":[{"embeddable":true,"href":"https:\/\/lifesavers.a.land\/index.php?rest_route=\/wp\/v2\/users\/1"}],"replies":[{"embeddable":true,"href":"https:\/\/lifesavers.a.land\/index.php?rest_route=%2Fwp%2Fv2%2Fcomments&post=127"}],"version-history":[{"count":4,"href":"https:\/\/lifesavers.a.land\/index.php?rest_route=\/wp\/v2\/pages\/127\/revisions"}],"predecessor-version":[{"id":181,"href":"https:\/\/lifesavers.a.land\/index.php?rest_route=\/wp\/v2\/pages\/127\/revisions\/181"}],"up":[{"embeddable":true,"href":"https:\/\/lifesavers.a.land\/index.php?rest_route=\/wp\/v2\/pages\/119"}],"wp:attachment":[{"href":"https:\/\/lifesavers.a.land\/index.php?rest_route=%2Fwp%2Fv2%2Fmedia&parent=127"}],"curies":[{"name":"wp","href":"https:\/\/api.w.org\/{rel}","templated":true}]}}