{"id":131,"date":"2023-08-21T19:34:06","date_gmt":"2023-08-21T19:34:06","guid":{"rendered":"https:\/\/lifesavers.a.land\/?page_id=131"},"modified":"2023-08-21T20:57:10","modified_gmt":"2023-08-21T20:57:10","slug":"antwort-3-2","status":"publish","type":"page","link":"https:\/\/lifesavers.a.land\/?page_id=131","title":{"rendered":"Antwort (3)"},"content":{"rendered":"\n<h2 class=\"wp-block-heading has-vivid-green-cyan-background-color has-background\">Korrekt!<\/h2>\n\n\n\n<p>Wird die Atmung nicht \u00fcberpr\u00fcft, kann man keine bewusstlose Person von einer Person mit einem Herzstillstand unterscheiden. Wenn man die Person dann in die Bewusstlosenlagerung steckt, k\u00f6nnte eine Person mit einem Herzstillstand sterben und wenn man eine Person voreilig Reanimiert, verursacht man unn\u00f6tig Verletzungen, die m\u00f6glicherweise zum tats\u00e4chlichen Herzstillstand oder Tod f\u00fchren k\u00f6nnten.<\/p>\n\n\n\n<p>Deswegen ist es wichtig die Atmung zu \u00fcberpr\u00fcfen.<\/p>\n\n\n\n<p>Eine Atem\u00fcberpr\u00fcfung geht so:<\/p>\n\n\n\n<ol>\n<li>Der Kopf des Patienten wird \u00fcberstreckt, um die Atemwege freizumachen<\/li>\n\n\n\n<li>Man beugt sich \u00fcber den Kopf des Patienten<\/li>\n\n\n\n<li>Der Helfer schaut auf den Brustkorb der Person (ggf legt man die Hand auf den Bauch und schaut, ob sich der Bauchbereich bewegt)&nbsp;<\/li>\n\n\n\n<li>Zuletzt h\u00f6rt, schaut und f\u00fchlt man, ob eine Atmung vorhanden ist w\u00e4hrend 10 sekunden.<\/li>\n<\/ol>\n\n\n\n<div class=\"wp-block-buttons is-content-justification-right is-layout-flex wp-container-1 wp-block-buttons-is-layout-flex\">\n<div class=\"wp-block-button\"><a class=\"wp-block-button__link wp-element-button\" href=\"https:\/\/lifesavers.a.land\/?page_id=133\">Weiter<\/a><\/div>\n<\/div>\n","protected":false},"excerpt":{"rendered":"<p>Korrekt! Wird die Atmung nicht \u00fcberpr\u00fcft, kann man keine bewusstlose Person von einer Person mit einem Herzstillstand unterscheiden. Wenn man die Person dann in die Bewusstlosenlagerung steckt, k\u00f6nnte eine Person mit einem Herzstillstand sterben und wenn man eine Person voreilig Reanimiert, verursacht man unn\u00f6tig Verletzungen, die m\u00f6glicherweise zum tats\u00e4chlichen Herzstillstand oder Tod f\u00fchren k\u00f6nnten. Deswegen [&hellip;]<\/p>\n","protected":false},"author":1,"featured_media":0,"parent":127,"menu_order":0,"comment_status":"closed","ping_status":"closed","template":"","meta":{"footnotes":""},"_links":{"self":[{"href":"https:\/\/lifesavers.a.land\/index.php?rest_route=\/wp\/v2\/pages\/131"}],"collection":[{"href":"https:\/\/lifesavers.a.land\/index.php?rest_route=\/wp\/v2\/pages"}],"about":[{"href":"https:\/\/lifesavers.a.land\/index.php?rest_route=\/wp\/v2\/types\/page"}],"author":[{"embeddable":true,"href":"https:\/\/lifesavers.a.land\/index.php?rest_route=\/wp\/v2\/users\/1"}],"replies":[{"embeddable":true,"href":"https:\/\/lifesavers.a.land\/index.php?rest_route=%2Fwp%2Fv2%2Fcomments&post=131"}],"version-history":[{"count":3,"href":"https:\/\/lifesavers.a.land\/index.php?rest_route=\/wp\/v2\/pages\/131\/revisions"}],"predecessor-version":[{"id":182,"href":"https:\/\/lifesavers.a.land\/index.php?rest_route=\/wp\/v2\/pages\/131\/revisions\/182"}],"up":[{"embeddable":true,"href":"https:\/\/lifesavers.a.land\/index.php?rest_route=\/wp\/v2\/pages\/127"}],"wp:attachment":[{"href":"https:\/\/lifesavers.a.land\/index.php?rest_route=%2Fwp%2Fv2%2Fmedia&parent=131"}],"curies":[{"name":"wp","href":"https:\/\/api.w.org\/{rel}","templated":true}]}}