{"id":137,"date":"2023-08-21T19:34:06","date_gmt":"2023-08-21T19:34:06","guid":{"rendered":"https:\/\/lifesavers.a.land\/?page_id=137"},"modified":"2023-08-21T21:00:34","modified_gmt":"2023-08-21T21:00:34","slug":"antwort-4-2","status":"publish","type":"page","link":"https:\/\/lifesavers.a.land\/?page_id=137","title":{"rendered":"Antwort (4)"},"content":{"rendered":"\n<h2 class=\"wp-block-heading has-vivid-green-cyan-background-color has-background\">Korrekt!<\/h2>\n\n\n\n<p>Bei Bewusstlosen Personen erschlaffen die Skelettmuskeln, die Schutzreflexe fallen aus, sie sind nicht mehr ansprechbar und k\u00f6nnen keine Ber\u00fchrungs- und Schmerzreize empfinden. Gef\u00e4hrlich k\u00f6nnen hier Erbrochenes, Fl\u00fcssigkeiten oder die Zunge sein , die in den Rachen f\u00e4llt und die Atemwege verlegen k\u00f6nnte. Deswegen ist eine stabile Seitenlagerung notwendig, um die Atemwege freizumachen und falls die Person erbricht, kann das Erbrochene ablaufen ohne die Atemwege zu verlegen oder in die Atemwege zu gelangen.<\/p>\n\n\n\n<div class=\"wp-block-buttons is-content-justification-right is-layout-flex wp-container-1 wp-block-buttons-is-layout-flex\">\n<div class=\"wp-block-button\"><a class=\"wp-block-button__link wp-element-button\" href=\"https:\/\/lifesavers.a.land\/?page_id=139\">Weiter<\/a><\/div>\n<\/div>\n","protected":false},"excerpt":{"rendered":"<p>Korrekt! Bei Bewusstlosen Personen erschlaffen die Skelettmuskeln, die Schutzreflexe fallen aus, sie sind nicht mehr ansprechbar und k\u00f6nnen keine Ber\u00fchrungs- und Schmerzreize empfinden. Gef\u00e4hrlich k\u00f6nnen hier Erbrochenes, Fl\u00fcssigkeiten oder die Zunge sein , die in den Rachen f\u00e4llt und die Atemwege verlegen k\u00f6nnte. Deswegen ist eine stabile Seitenlagerung notwendig, um die Atemwege freizumachen und falls [&hellip;]<\/p>\n","protected":false},"author":1,"featured_media":0,"parent":133,"menu_order":0,"comment_status":"closed","ping_status":"closed","template":"","meta":{"footnotes":""},"_links":{"self":[{"href":"https:\/\/lifesavers.a.land\/index.php?rest_route=\/wp\/v2\/pages\/137"}],"collection":[{"href":"https:\/\/lifesavers.a.land\/index.php?rest_route=\/wp\/v2\/pages"}],"about":[{"href":"https:\/\/lifesavers.a.land\/index.php?rest_route=\/wp\/v2\/types\/page"}],"author":[{"embeddable":true,"href":"https:\/\/lifesavers.a.land\/index.php?rest_route=\/wp\/v2\/users\/1"}],"replies":[{"embeddable":true,"href":"https:\/\/lifesavers.a.land\/index.php?rest_route=%2Fwp%2Fv2%2Fcomments&post=137"}],"version-history":[{"count":3,"href":"https:\/\/lifesavers.a.land\/index.php?rest_route=\/wp\/v2\/pages\/137\/revisions"}],"predecessor-version":[{"id":186,"href":"https:\/\/lifesavers.a.land\/index.php?rest_route=\/wp\/v2\/pages\/137\/revisions\/186"}],"up":[{"embeddable":true,"href":"https:\/\/lifesavers.a.land\/index.php?rest_route=\/wp\/v2\/pages\/133"}],"wp:attachment":[{"href":"https:\/\/lifesavers.a.land\/index.php?rest_route=%2Fwp%2Fv2%2Fmedia&parent=137"}],"curies":[{"name":"wp","href":"https:\/\/api.w.org\/{rel}","templated":true}]}}