{"id":147,"date":"2023-08-21T19:35:10","date_gmt":"2023-08-21T19:35:10","guid":{"rendered":"https:\/\/lifesavers.a.land\/?page_id=147"},"modified":"2023-08-21T21:09:30","modified_gmt":"2023-08-21T21:09:30","slug":"antwort-6","status":"publish","type":"page","link":"https:\/\/lifesavers.a.land\/?page_id=147","title":{"rendered":"Antwort (6)"},"content":{"rendered":"\n<h2 class=\"wp-block-heading has-vivid-red-background-color has-background\">Falsch!<\/h2>\n\n\n\n<p>Die 144 ist der Sanit\u00e4tsnotruf und muss gew\u00e4hlt werden, wenn man medizinische Hilfe ben\u00f6tigt.<\/p>\n\n\n\n<div class=\"wp-block-buttons is-content-justification-right is-layout-flex wp-container-1 wp-block-buttons-is-layout-flex\">\n<div class=\"wp-block-button\"><a class=\"wp-block-button__link wp-element-button\" href=\"https:\/\/lifesavers.a.land\">Beenden<\/a><\/div>\n<\/div>\n","protected":false},"excerpt":{"rendered":"<p>Falsch! Die 144 ist der Sanit\u00e4tsnotruf und muss gew\u00e4hlt werden, wenn man medizinische Hilfe ben\u00f6tigt.<\/p>\n","protected":false},"author":1,"featured_media":0,"parent":145,"menu_order":1,"comment_status":"closed","ping_status":"closed","template":"","meta":{"footnotes":""},"_links":{"self":[{"href":"https:\/\/lifesavers.a.land\/index.php?rest_route=\/wp\/v2\/pages\/147"}],"collection":[{"href":"https:\/\/lifesavers.a.land\/index.php?rest_route=\/wp\/v2\/pages"}],"about":[{"href":"https:\/\/lifesavers.a.land\/index.php?rest_route=\/wp\/v2\/types\/page"}],"author":[{"embeddable":true,"href":"https:\/\/lifesavers.a.land\/index.php?rest_route=\/wp\/v2\/users\/1"}],"replies":[{"embeddable":true,"href":"https:\/\/lifesavers.a.land\/index.php?rest_route=%2Fwp%2Fv2%2Fcomments&post=147"}],"version-history":[{"count":3,"href":"https:\/\/lifesavers.a.land\/index.php?rest_route=\/wp\/v2\/pages\/147\/revisions"}],"predecessor-version":[{"id":197,"href":"https:\/\/lifesavers.a.land\/index.php?rest_route=\/wp\/v2\/pages\/147\/revisions\/197"}],"up":[{"embeddable":true,"href":"https:\/\/lifesavers.a.land\/index.php?rest_route=\/wp\/v2\/pages\/145"}],"wp:attachment":[{"href":"https:\/\/lifesavers.a.land\/index.php?rest_route=%2Fwp%2Fv2%2Fmedia&parent=147"}],"curies":[{"name":"wp","href":"https:\/\/api.w.org\/{rel}","templated":true}]}}