{"id":224,"date":"2023-09-11T21:07:53","date_gmt":"2023-09-11T21:07:49","guid":{"rendered":"https:\/\/lifesavers.a.land\/?page_id=224"},"modified":"2023-10-23T05:01:32","modified_gmt":"2023-10-23T05:01:32","slug":"reanimation","status":"publish","type":"page","link":"https:\/\/lifesavers.a.land\/?page_id=224","title":{"rendered":"Reanimation"},"content":{"rendered":"\n<p><strong><strong>Im Allgemeinen ist die Reanimation, Herz-Lungen-Wiederbelebung oder auch cardiopulmonary resuscitation (CPR) genannt, eine Massnahme zur Erhaltung der Kreislauffunktion und Wiederbelebung eines Patienten mit einem Herzkreislaufstillstandes.<\/strong><\/strong><\/p>\n\n\n\n<figure class=\"wp-block-image size-large is-resized\"><img decoding=\"async\" src=\"https:\/\/www.rettungsdienst.de\/news\/wp-content\/uploads\/2015\/07\/Reanimation_Braendli_580.jpg\" alt=\"\" style=\"width:580px;height:386px\"\/><\/figure>\n\n\n\n<details class=\"wp-block-details has-tiny-font-size\"><summary>https:\/\/www.rettungsdienst.de\/news\/wp-content\/uploads\/2015\/07\/Reanimation_Braendli_580.jpg<\/summary>\n<p><\/p>\n<\/details>\n\n\n\n<p>Das gr\u00f6sste Problem bei einem Herzkreislaufstillstand ist die ausgefallene Sauerstoffversorgung im K\u00f6rper, da das Herz nicht mehr schl\u00e4gt und das Blut nicht mehr zirkuliert. Ohne Sauerstoffversorgung wird man nach 5-15 Sek. bewusstlos, nach 15-30 Sek. setzt die Atmung aus und zuletzt h\u00f6rt das Herz auf zu schlagen. Wird die Sauerstoffversorgung l\u00e4nger als 3 min unterbrochen, k\u00f6nnen irreversible Sch\u00e4den im Gehirn entstehen. Im schlimmsten Fall muss man mit einem Hirntod rechnen.<\/p>\n\n\n\n<p><\/p>\n\n\n\n<h4 class=\"wp-block-heading\">Ursachen eines Herz-Kreislauf-Stillstandes<\/h4>\n\n\n\n<p>Einige Beispiele sind:<\/p>\n\n\n\n<ul>\n<li>Herzinfarkt<\/li>\n\n\n\n<li>Herzrhythmusst\u00f6rungen<\/li>\n\n\n\n<li>Stromunf\u00e4lle<\/li>\n\n\n\n<li>Ersticken <\/li>\n\n\n\n<li>Starker Blutverlust<\/li>\n\n\n\n<li>Vergiftung<\/li>\n\n\n\n<li>Unterk\u00fchlung<\/li>\n<\/ul>\n\n\n\n<p><\/p>\n\n\n\n<h4 class=\"wp-block-heading\">BLS-AED Reanimation Erwachsene<\/h4>\n\n\n\n<p>Die Reanimation wird im Gegensatz zur Bewusstlosigkeit eingeleitet, wenn man eine bewusstlose Person hat mit einer <strong>Schnappatmung oder gar nicht vorhandener Atmung. <\/strong>Liegt ein Reanimationsfall vor, so muss sofort und so schnell wie m\u00f6glich gehandelt werden.<\/p>\n\n\n\n<p>Hilfsmittel:<\/p>\n\n\n\n<div class=\"wp-block-media-text is-stacked-on-mobile\"><figure class=\"wp-block-media-text__media\"><img decoding=\"async\" src=\"https:\/\/www.sanitaet24.ch\/media\/image\/product\/5059\/lg\/zoll-aed-plus.jpg\" alt=\"\"\/><\/figure><div class=\"wp-block-media-text__content\">\n<p>Dies ist ein automatisierter externer Defibrillator (AED). Es hat folgende Aufgaben:<\/p>\n\n\n\n<ul>\n<li>Anweisungen zur Reanimation erteilen<\/li>\n\n\n\n<li>Analyse des Herzrhythmus<\/li>\n\n\n\n<li>Abgabe eines elektrischen Schocks, um den Herzrhythmus wiederherzustellen<\/li>\n<\/ul>\n\n\n\n<div class=\"wp-block-media-text is-stacked-on-mobile\" style=\"grid-template-columns:27% auto\"><figure class=\"wp-block-media-text__media\"><img decoding=\"async\" src=\"https:\/\/upload.wikimedia.org\/wikipedia\/commons\/thumb\/b\/bc\/Automated_External_Defibrillator_%28symbol%29.svg\/1200px-Automated_External_Defibrillator_%28symbol%29.svg.png\" alt=\"\"\/><\/figure><div class=\"wp-block-media-text__content\">\n<p>AEDs werden mit diesem Zeichen markiert und befinden sich meistens an \u00f6ffentlichen Pl\u00e4tzen(<a href=\"https:\/\/www.defikarte.ch\/\" data-type=\"link\" data-id=\"https:\/\/www.defikarte.ch\/\">AED-Karte<\/a>).<\/p>\n<\/div><\/div>\n\n\n\n<p class=\"has-text-align-left has-tiny-font-size\">Quelle: https:\/\/www.sanitaet24.ch\/media\/image\/product\/5059\/lg\/zoll-aed-plus.jpg https:\/\/de.wikipedia.org\/wiki\/Automatisierter_externer_Defibrillator<\/p>\n<\/div><\/div>\n\n\n\n<div class=\"wp-block-media-text is-stacked-on-mobile\"><figure class=\"wp-block-media-text__media\"><img decoding=\"async\" src=\"https:\/\/m.media-amazon.com\/images\/I\/61Fh5YwXgpL._AC_UF894,1000_QL80_.jpg\" alt=\"\"\/><\/figure><div class=\"wp-block-media-text__content\">\n<p>Die Taschenmaske und die Einweghandschuhe sind bei einer Reanimation auch sehr empfehlenswert f\u00fcr den Eigenschutz.<\/p>\n\n\n\n<p class=\"has-tiny-font-size\">Quelle: https:\/\/m.media-amazon.com\/images\/I\/61Fh5YwXgpL.<em>AC_UF894,1000_QL80<\/em>.jpg<\/p>\n<\/div><\/div>\n\n\n\n<p>Folgende Schritte sind bei einer Reanimation einzuleiten:<\/p>\n\n\n\n<ol type=\"1\">\n<li>\u00dcberpr\u00fcfen Sie die Umgebung auf Gefahren f\u00fcr Helfer oder Patienten.<\/li>\n\n\n\n<li>Sprechen Sie die zu behandelnde Person an und sch\u00fctteln oder ber\u00fchren Sie die Person leicht an der Schulter.<\/li>\n\n\n\n<li>Gibt die Person keine Reaktion von sich, ist sie bewusstlos. \u00dcberpr\u00fcfen Sie nun die Atmung f\u00fcr <strong>10 Sek<\/strong>.<\/li>\n\n\n\n<li>Sind keine Atmung und kein Puls erkennbar, so liegt ein Herz-Kreislauf-Stillstand vor. Machen Sie die Umgebung auf die Notfallsituation aufmerksam und holen Sie weitere Helfer hinzu.<\/li>\n\n\n\n<li>Alarmieren Sie selbst oder fordern Sie andere dazu auf zu alarmieren und den Rettungsdienst einzuweisen. Falls ein AED vorhanden ist, holen Sie diesen. <\/li>\n\n\n\n<li>Entkleiden Sie den Oberk\u00f6rper der Person.<\/li>\n\n\n\n<li>Beginnen Sie mit der Reanimation, indem Sie <strong>30 Thoraxkompressionen gefolgt von 2 Beatmungsst\u00f6sse<\/strong> geben. Dabei sollte die Frequenz bei <strong>100-120 Thoraxkompressionen pro min<\/strong> liegen (Tempo wie beim Lied Stayin\u2019 Alive) und w\u00e4hrend der Reanimation sollten m\u00f6glichst wenige Unterbrechungen stattfinden. <\/li>\n\n\n\n<li>Kommt ein Ersthelfer mit einem AED an, so schaltet man ihn ein und befolgt die Anweisungen. <strong>ACHTUNG! DEN PATIENT BEIM SCHOCK NICHT BER\u00dcHREN UND NICHT AUF EINER ELEKTRISCH LEITF\u00c4HIGEN UNTERLAGE SEIN!<\/strong><\/li>\n\n\n\n<li>Tauschen Sie die Positionen nach ein paar Minuten mit anderen Personen.<\/li>\n<\/ol>\n\n\n\n<p>Wichtig zu beachten ist, dass man nicht unbedingt Beatmen muss. Wenn man Beatmet gibt man dem Patienten mehr Sauerstoff ins Blut und erh\u00e4lt so die Kreislauffunktion besser. Hat man jedoch keine Beatmungsmaske, so besteht das Risiko von Infektionen.<\/p>\n\n\n\n<p>Falls Sie nicht beatmen m\u00f6chten, f\u00fchren Sie nur Thoraxkompressionen mit Defibrillation (AED) durch.<\/p>\n\n\n\n<figure class=\"wp-block-embed is-type-video is-provider-youtube wp-block-embed-youtube wp-embed-aspect-16-9 wp-has-aspect-ratio\"><div class=\"wp-block-embed__wrapper\">\n<iframe loading=\"lazy\" title=\"Erste-Hilfe-Tutorial: Defibrillator\" width=\"500\" height=\"281\" src=\"https:\/\/www.youtube.com\/embed\/Qleo-1xlwF4?feature=oembed\" frameborder=\"0\" allow=\"accelerometer; autoplay; clipboard-write; encrypted-media; gyroscope; picture-in-picture; web-share\" allowfullscreen><\/iframe> \n<\/div><\/figure>\n\n\n\n<p><\/p>\n\n\n\n<h4 class=\"wp-block-heading\"><strong>BLS-AED-SRC Schema<\/strong><\/h4>\n\n\n\n<figure class=\"wp-block-image size-large is-resized\"><img decoding=\"async\" loading=\"lazy\" width=\"727\" height=\"1024\" src=\"https:\/\/lifesavers.a.land\/wp-content\/uploads\/2023\/09\/SRC-Algorithmus-727x1024.png\" alt=\"\" class=\"wp-image-544\" style=\"width:727px;height:1024px\" srcset=\"https:\/\/lifesavers.a.land\/wp-content\/uploads\/2023\/09\/SRC-Algorithmus-727x1024.png 727w, https:\/\/lifesavers.a.land\/wp-content\/uploads\/2023\/09\/SRC-Algorithmus-213x300.png 213w, https:\/\/lifesavers.a.land\/wp-content\/uploads\/2023\/09\/SRC-Algorithmus-768x1081.png 768w, https:\/\/lifesavers.a.land\/wp-content\/uploads\/2023\/09\/SRC-Algorithmus.png 812w\" sizes=\"(max-width: 727px) 100vw, 727px\" \/><\/figure>\n\n\n\n<p class=\"has-tiny-font-size\">Quelle: Schema von SRC<\/p>\n\n\n\n<h4 class=\"wp-block-heading\">Technik<\/h4>\n\n\n\n<p>Eine Reanimation kann am besten durchgef\u00fchrt werden mit mehreren Helfern. So kann jemand einen AED holen, jemand Thoraxkompressionen durchf\u00fchren und jemand Beatmen. <\/p>\n\n\n\n<div class=\"wp-block-media-text is-stacked-on-mobile\"><figure class=\"wp-block-media-text__media\"><img decoding=\"async\" loading=\"lazy\" width=\"1024\" height=\"621\" src=\"https:\/\/lifesavers.a.land\/wp-content\/uploads\/2023\/09\/image-4-1024x621.png\" alt=\"\" class=\"wp-image-573 size-full\" srcset=\"https:\/\/lifesavers.a.land\/wp-content\/uploads\/2023\/09\/image-4-1024x621.png 1024w, https:\/\/lifesavers.a.land\/wp-content\/uploads\/2023\/09\/image-4-300x182.png 300w, https:\/\/lifesavers.a.land\/wp-content\/uploads\/2023\/09\/image-4-768x465.png 768w, https:\/\/lifesavers.a.land\/wp-content\/uploads\/2023\/09\/image-4.png 1033w\" sizes=\"(max-width: 1024px) 100vw, 1024px\" \/><\/figure><div class=\"wp-block-media-text__content\">\n<ul>\n<li>Nach ca. 5 Zyklen (2min) sollte man die Positionen tauschen, um nicht \u00fcberm\u00fcdet zu sein.<\/li>\n<\/ul>\n<\/div><\/div>\n\n\n\n<div class=\"wp-block-media-text is-stacked-on-mobile\"><figure class=\"wp-block-media-text__media\"><img decoding=\"async\" loading=\"lazy\" width=\"925\" height=\"372\" src=\"https:\/\/lifesavers.a.land\/wp-content\/uploads\/2023\/09\/Armee-Bild-Druckstelle-Rea.png\" alt=\"\" class=\"wp-image-572 size-full\" srcset=\"https:\/\/lifesavers.a.land\/wp-content\/uploads\/2023\/09\/Armee-Bild-Druckstelle-Rea.png 925w, https:\/\/lifesavers.a.land\/wp-content\/uploads\/2023\/09\/Armee-Bild-Druckstelle-Rea-300x121.png 300w, https:\/\/lifesavers.a.land\/wp-content\/uploads\/2023\/09\/Armee-Bild-Druckstelle-Rea-768x309.png 768w\" sizes=\"(max-width: 925px) 100vw, 925px\" \/><\/figure><div class=\"wp-block-media-text__content\">\n<p>Der Druckpunkt liegt in der Mitte des Brustkorbes. Man sollte 5-6 cm tief hineindr\u00fccken.<\/p>\n<\/div><\/div>\n\n\n\n<p>Wie man Thoraxkompressionen durchf\u00fchrt:<\/p>\n\n\n\n<div class=\"wp-block-media-text is-stacked-on-mobile\"><figure class=\"wp-block-media-text__media\"><img decoding=\"async\" loading=\"lazy\" width=\"792\" height=\"457\" src=\"https:\/\/lifesavers.a.land\/wp-content\/uploads\/2023\/09\/image-5.png\" alt=\"\" class=\"wp-image-574 size-full\" srcset=\"https:\/\/lifesavers.a.land\/wp-content\/uploads\/2023\/09\/image-5.png 792w, https:\/\/lifesavers.a.land\/wp-content\/uploads\/2023\/09\/image-5-300x173.png 300w, https:\/\/lifesavers.a.land\/wp-content\/uploads\/2023\/09\/image-5-768x443.png 768w\" sizes=\"(max-width: 792px) 100vw, 792px\" \/><\/figure><div class=\"wp-block-media-text__content\">\n<ul>\n<li>H\u00e4nde \u00fcbereinander<\/li>\n\n\n\n<li>Quer zum Patienten<\/li>\n\n\n\n<li>Thoraxkompression am Druckpunkt ausf\u00fchren<\/li>\n<\/ul>\n<\/div><\/div>\n\n\n\n<div class=\"wp-block-media-text is-stacked-on-mobile\"><figure class=\"wp-block-media-text__media\"><img decoding=\"async\" loading=\"lazy\" width=\"993\" height=\"582\" src=\"https:\/\/lifesavers.a.land\/wp-content\/uploads\/2023\/09\/image-6.png\" alt=\"\" class=\"wp-image-575 size-full\" srcset=\"https:\/\/lifesavers.a.land\/wp-content\/uploads\/2023\/09\/image-6.png 993w, https:\/\/lifesavers.a.land\/wp-content\/uploads\/2023\/09\/image-6-300x176.png 300w, https:\/\/lifesavers.a.land\/wp-content\/uploads\/2023\/09\/image-6-768x450.png 768w\" sizes=\"(max-width: 993px) 100vw, 993px\" \/><\/figure><div class=\"wp-block-media-text__content\">\n<ul>\n<li>Nach jeder Kompression muss der Brustbereich wieder entlastet werden<\/li>\n\n\n\n<li>H\u00e4nde bleiben noch in Kontakt mit dem Brustbein.<\/li>\n\n\n\n<li>Arme senkrecht und gestreckt halten<\/li>\n\n\n\n<li>Mit Gewicht von Oberk\u00f6rper Thoraxkompressionen durchf\u00fchren<\/li>\n<\/ul>\n<\/div><\/div>\n\n\n\n<div class=\"wp-block-media-text is-stacked-on-mobile\"><figure class=\"wp-block-media-text__media\"><img decoding=\"async\" loading=\"lazy\" width=\"1024\" height=\"436\" src=\"https:\/\/lifesavers.a.land\/wp-content\/uploads\/2023\/09\/image-7-1024x436.png\" alt=\"\" class=\"wp-image-577 size-full\" srcset=\"https:\/\/lifesavers.a.land\/wp-content\/uploads\/2023\/09\/image-7-1024x436.png 1024w, https:\/\/lifesavers.a.land\/wp-content\/uploads\/2023\/09\/image-7-300x128.png 300w, https:\/\/lifesavers.a.land\/wp-content\/uploads\/2023\/09\/image-7-768x327.png 768w, https:\/\/lifesavers.a.land\/wp-content\/uploads\/2023\/09\/image-7.png 1028w\" sizes=\"(max-width: 1024px) 100vw, 1024px\" \/><\/figure><div class=\"wp-block-media-text__content\">\n<ul>\n<li>Beatmen kann man Mund zu Mund oder Mund zu Nase. <\/li>\n\n\n\n<li>Kopf \u00fcberstrecken, um die Atemwege freizumachen <\/li>\n\n\n\n<li>Brust und Bauch beobachten (muss sich heben und senken bei Beatmung)<\/li>\n<\/ul>\n<\/div><\/div>\n\n\n\n<p class=\"has-tiny-font-size\">Quelle: Armee Reglement Selbst- und Kameradenhilfe<\/p>\n\n\n\n<p><\/p>\n\n\n\n<h4 class=\"wp-block-heading\">Kinder und S\u00e4uglingsreanimation<\/h4>\n\n\n\n<p>Da Kinder kleiner sind und nicht so viel Sauerstoffreserven wie Erwachsene haben, muss man anders Reanimieren:<\/p>\n\n\n\n<ul>\n<li><strong>Zuerst 5 initiale Beatmungsst\u00f6sse<\/strong>, dann Reanimationsschema 15 Thoraxkompressionen zu 2 Beatmungsst\u00f6sse (<strong>15:2<\/strong>).<\/li>\n\n\n\n<li><strong>Geringeres Atemspendevolumen<\/strong> abgeben.<\/li>\n\n\n\n<li>Thoraxkompressionen nur mit einer Hand durchf\u00fchren.<\/li>\n\n\n\n<li>Kompressionstiefe <strong>1\/3 des Brustkorbdurchmessers<\/strong><\/li>\n<\/ul>\n\n\n\n<p>Bei S\u00e4uglingen ist das Schema gleich, nur dass ein noch geringeres Atemspendevolumen abgegeben wird und mit beiden Daumen oder Zeige und Mittelfinger Thoraxkompressionen durchgef\u00fchrt werden.<\/p>\n\n\n\n<figure class=\"wp-block-embed is-type-video is-provider-youtube wp-block-embed-youtube wp-embed-aspect-16-9 wp-has-aspect-ratio\"><div class=\"wp-block-embed__wrapper\">\n<iframe loading=\"lazy\" title=\"SIRMED - PBLS Zweithelfer mit Hilfsmittel Kind\" width=\"500\" height=\"281\" src=\"https:\/\/www.youtube.com\/embed\/0pVJob9c47E?feature=oembed\" frameborder=\"0\" allow=\"accelerometer; autoplay; clipboard-write; encrypted-media; gyroscope; picture-in-picture; web-share\" allowfullscreen><\/iframe> \n<\/div><figcaption class=\"wp-element-caption\">https:\/\/youtu.be\/TknSzJ5ikVE?feature=shared<\/figcaption><\/figure>\n\n\n\n<div class=\"wp-block-buttons is-content-justification-right is-layout-flex wp-container-1 wp-block-buttons-is-layout-flex\">\n<div class=\"wp-block-button\"><a class=\"wp-block-button__link wp-element-button\" href=\"https:\/\/lifesavers.a.land\/?page_id=226\">Zum Fallbeispiel<\/a><\/div>\n<\/div>\n","protected":false},"excerpt":{"rendered":"<p>Im Allgemeinen ist die Reanimation, Herz-Lungen-Wiederbelebung oder auch cardiopulmonary resuscitation (CPR) genannt, eine Massnahme zur Erhaltung der Kreislauffunktion und Wiederbelebung eines Patienten mit einem Herzkreislaufstillstandes. Das gr\u00f6sste Problem bei einem Herzkreislaufstillstand ist die ausgefallene Sauerstoffversorgung im K\u00f6rper, da das Herz nicht mehr schl\u00e4gt und das Blut nicht mehr zirkuliert. Ohne Sauerstoffversorgung wird man nach 5-15 [&hellip;]<\/p>\n","protected":false},"author":1,"featured_media":0,"parent":0,"menu_order":9,"comment_status":"closed","ping_status":"closed","template":"","meta":{"footnotes":""},"_links":{"self":[{"href":"https:\/\/lifesavers.a.land\/index.php?rest_route=\/wp\/v2\/pages\/224"}],"collection":[{"href":"https:\/\/lifesavers.a.land\/index.php?rest_route=\/wp\/v2\/pages"}],"about":[{"href":"https:\/\/lifesavers.a.land\/index.php?rest_route=\/wp\/v2\/types\/page"}],"author":[{"embeddable":true,"href":"https:\/\/lifesavers.a.land\/index.php?rest_route=\/wp\/v2\/users\/1"}],"replies":[{"embeddable":true,"href":"https:\/\/lifesavers.a.land\/index.php?rest_route=%2Fwp%2Fv2%2Fcomments&post=224"}],"version-history":[{"count":24,"href":"https:\/\/lifesavers.a.land\/index.php?rest_route=\/wp\/v2\/pages\/224\/revisions"}],"predecessor-version":[{"id":820,"href":"https:\/\/lifesavers.a.land\/index.php?rest_route=\/wp\/v2\/pages\/224\/revisions\/820"}],"wp:attachment":[{"href":"https:\/\/lifesavers.a.land\/index.php?rest_route=%2Fwp%2Fv2%2Fmedia&parent=224"}],"curies":[{"name":"wp","href":"https:\/\/api.w.org\/{rel}","templated":true}]}}