{"id":23,"date":"2023-07-15T19:33:06","date_gmt":"2023-07-17T19:33:03","guid":{"rendered":"https:\/\/lifesavers.a.land\/?page_id=23"},"modified":"2023-10-23T04:43:42","modified_gmt":"2023-10-23T04:43:42","slug":"bewusstlosigkeit","status":"publish","type":"page","link":"https:\/\/lifesavers.a.land\/?page_id=23","title":{"rendered":"Bewusstlosigkeit"},"content":{"rendered":"\n<p><strong>Eine Person wird als bewusstlos betrachtet, wenn sie nicht mehr in der Lage ist, sich zeitlich oder \u00f6rtlich zu orientieren und nicht auf Ansprache oder Reize, wie beispielsweise Schmerzreize oder Ber\u00fchrungsreize, reagieren kann.<\/strong><\/p>\n\n\n\n<p>W\u00e4hrend einer Bewusstlosigkeit funktionieren die wichtigen Schutzreflexe des K\u00f6rpers nicht mehr. Darunter ist der Schluck- und Hustenreflex, der normalerweise das Eindringen von Fl\u00fcssigkeiten oder Fremdk\u00f6rpern in die Atemwege verhindert. So kann bei bewusstlosen Personen Erbrochenes oder Blut die Atemwege verlegen. Dies f\u00fchrt folglich zur Erstickung. Zudem erschlafft die Muskulatur im ganzen K\u00f6rper, was dazu f\u00fchren kann, dass die Zunge nach hinten f\u00e4llt und die Atemwege verlegt.<\/p>\n\n\n\n<p><strong>Deswegen bei jeder Bewusstlosigkeit sofort handeln!<\/strong><\/p>\n\n\n\n<figure class=\"wp-block-pullquote\"><blockquote><p>Bei Bewusstlosigkeit muss so schnell wie m\u00f6glich alarmiert werden<\/p><cite>Sanit\u00e4tsnotruf 144 W\u00e4hlen!<\/cite><\/blockquote><\/figure>\n\n\n\n<div class=\"wp-block-group is-vertical is-layout-flex wp-container-1 wp-block-group-is-layout-flex\">\n<h4 class=\"wp-block-heading\">Symptome<\/h4>\n\n\n\n<ul>\n<li>Keine Anzeichen von Bewusstsein oder Wahrnehmung<\/li>\n\n\n\n<li>Vorhandene Atmung (keine Schnappatmung), aber keine Reaktion auf Ansprache und Ber\u00fchrung<\/li>\n\n\n\n<li>Erschlaffte Muskulatur<\/li>\n<\/ul>\n<\/div>\n\n\n\n<p><\/p>\n\n\n\n<h4 class=\"wp-block-heading\">Behandlung<\/h4>\n\n\n\n<ol>\n<li>Die betroffene Person ansprechen und leicht an der Schulter sch\u00fctteln.<\/li>\n\n\n\n<li>Reagiert die Person nicht, ist sie bewusstlos. Laut nach weiteren Helfer rufen!<\/li>\n\n\n\n<li>Atmung pr\u00fcfen! 10 Sekunden lang die Atmung kontrollieren:\n<ul>\n<li>Kopf nach hinten neigen und gleichzeitig Kinn anheben, um die Atemwege freizumachen (\u00dcberstrecken des Kopfes).<\/li>\n\n\n\n<li>Ohr \u00fcber Mund und Nase der betroffenen Person legen und h\u00f6ren, ob eine Atmung vorhanden ist.<\/li>\n\n\n\n<li>Schauen, ob der Brustkorb sich hebt und senkt.<\/li>\n\n\n\n<li>Ggf. Hand auf den Bauch legen und eine Atembewegung versuchen zu f\u00fchlen.<\/li>\n<\/ul>\n<\/li>\n\n\n\n<li>Falls eine normale Atmung vorhanden ist: Die betroffene Person in die <strong>stabile Seitenlage<\/strong> legen und den Sanit\u00e4tsnotruf 144 w\u00e4hlen.<\/li>\n\n\n\n<li>Auf W\u00e4rmeerhalt schauen und die Person mit einer Rettungsdecke oder etwas warm haltendes zudecken.<\/li>\n\n\n\n<li>Die betroffene Person bis zum Eintreffen vom Rettungsdienst \u00fcberwachen, ob die Atmung noch vorhanden ist und ob der Zustand sich \u00e4ndert.<\/li>\n<\/ol>\n\n\n\n<p>Ist eine Schnappatmung oder keine Atmung festzustellen, so hat man es mit einem Herzkreislaufstillstand zu tun. Es muss sofort <strong>Reanimiert<\/strong> werden nach BLS-AED-SRC Schema.<\/p>\n\n\n\n<figure class=\"wp-block-embed is-type-video is-provider-youtube wp-block-embed-youtube wp-embed-aspect-16-9 wp-has-aspect-ratio\"><div class=\"wp-block-embed__wrapper\">\n<iframe loading=\"lazy\" title=\"SIRMED \u2013 Seitenlagerung\" width=\"500\" height=\"281\" src=\"https:\/\/www.youtube.com\/embed\/2bISBecVMZY?feature=oembed\" frameborder=\"0\" allow=\"accelerometer; autoplay; clipboard-write; encrypted-media; gyroscope; picture-in-picture; web-share\" allowfullscreen><\/iframe>\n<\/div><figcaption class=\"wp-element-caption\">https:\/\/youtu.be\/2bISBecVMZY?feature=shared<\/figcaption><\/figure>\n\n\n\n<div class=\"wp-block-buttons is-content-justification-right is-layout-flex wp-container-2 wp-block-buttons-is-layout-flex\">\n<div class=\"wp-block-button\"><a class=\"wp-block-button__link wp-element-button\" href=\"https:\/\/lifesavers.a.land\/?page_id=91\">Zur \u00dcbung<\/a><\/div>\n<\/div>\n\n\n\n<hr class=\"wp-block-separator has-alpha-channel-opacity\"\/>\n","protected":false},"excerpt":{"rendered":"<p>Eine Person wird als bewusstlos betrachtet, wenn sie nicht mehr in der Lage ist, sich zeitlich oder \u00f6rtlich zu orientieren und nicht auf Ansprache oder Reize, wie beispielsweise Schmerzreize oder Ber\u00fchrungsreize, reagieren kann. W\u00e4hrend einer Bewusstlosigkeit funktionieren die wichtigen Schutzreflexe des K\u00f6rpers nicht mehr. Darunter ist der Schluck- und Hustenreflex, der normalerweise das Eindringen von [&hellip;]<\/p>\n","protected":false},"author":1,"featured_media":0,"parent":0,"menu_order":2,"comment_status":"closed","ping_status":"closed","template":"","meta":{"footnotes":""},"_links":{"self":[{"href":"https:\/\/lifesavers.a.land\/index.php?rest_route=\/wp\/v2\/pages\/23"}],"collection":[{"href":"https:\/\/lifesavers.a.land\/index.php?rest_route=\/wp\/v2\/pages"}],"about":[{"href":"https:\/\/lifesavers.a.land\/index.php?rest_route=\/wp\/v2\/types\/page"}],"author":[{"embeddable":true,"href":"https:\/\/lifesavers.a.land\/index.php?rest_route=\/wp\/v2\/users\/1"}],"replies":[{"embeddable":true,"href":"https:\/\/lifesavers.a.land\/index.php?rest_route=%2Fwp%2Fv2%2Fcomments&post=23"}],"version-history":[{"count":15,"href":"https:\/\/lifesavers.a.land\/index.php?rest_route=\/wp\/v2\/pages\/23\/revisions"}],"predecessor-version":[{"id":802,"href":"https:\/\/lifesavers.a.land\/index.php?rest_route=\/wp\/v2\/pages\/23\/revisions\/802"}],"wp:attachment":[{"href":"https:\/\/lifesavers.a.land\/index.php?rest_route=%2Fwp%2Fv2%2Fmedia&parent=23"}],"curies":[{"name":"wp","href":"https:\/\/api.w.org\/{rel}","templated":true}]}}