{"id":235,"date":"2023-09-12T17:06:05","date_gmt":"2023-09-12T17:06:05","guid":{"rendered":"https:\/\/lifesavers.a.land\/?page_id=235"},"modified":"2023-09-12T23:07:58","modified_gmt":"2023-09-12T23:07:58","slug":"antwort-1-2","status":"publish","type":"page","link":"https:\/\/lifesavers.a.land\/?page_id=235","title":{"rendered":"Antwort (1)"},"content":{"rendered":"\n<h1 class=\"wp-block-heading has-vivid-red-background-color has-background\">FALSCH!<\/h1>\n\n\n\n<p>Das wichtigste f\u00fcr den Helfer in der Ersten Hilfe ist der Eigenschutz. Kommt man in Kontakt mit dem Blut von Patienten, k\u00f6nnten Infektionen \u00fcbertragbarer Krankheiten die Folge sein. Deswegen sollte man immer zuerst auf den Eigenschutz achten und die Schutzhandschuhe und Schutzbrille anziehen, wenn man diese dabei hat.<\/p>\n\n\n\n<div class=\"wp-block-buttons is-content-justification-right is-layout-flex wp-container-1 wp-block-buttons-is-layout-flex\">\n<div class=\"wp-block-button\"><a class=\"wp-block-button__link wp-element-button\" href=\"https:\/\/lifesavers.a.land\/?page_id=237\">Weiter<\/a><\/div>\n<\/div>\n","protected":false},"excerpt":{"rendered":"<p>FALSCH! Das wichtigste f\u00fcr den Helfer in der Ersten Hilfe ist der Eigenschutz. Kommt man in Kontakt mit dem Blut von Patienten, k\u00f6nnten Infektionen \u00fcbertragbarer Krankheiten die Folge sein. Deswegen sollte man immer zuerst auf den Eigenschutz achten und die Schutzhandschuhe und Schutzbrille anziehen, wenn man diese dabei hat.<\/p>\n","protected":false},"author":1,"featured_media":0,"parent":228,"menu_order":1,"comment_status":"closed","ping_status":"closed","template":"","meta":{"footnotes":""},"_links":{"self":[{"href":"https:\/\/lifesavers.a.land\/index.php?rest_route=\/wp\/v2\/pages\/235"}],"collection":[{"href":"https:\/\/lifesavers.a.land\/index.php?rest_route=\/wp\/v2\/pages"}],"about":[{"href":"https:\/\/lifesavers.a.land\/index.php?rest_route=\/wp\/v2\/types\/page"}],"author":[{"embeddable":true,"href":"https:\/\/lifesavers.a.land\/index.php?rest_route=\/wp\/v2\/users\/1"}],"replies":[{"embeddable":true,"href":"https:\/\/lifesavers.a.land\/index.php?rest_route=%2Fwp%2Fv2%2Fcomments&post=235"}],"version-history":[{"count":4,"href":"https:\/\/lifesavers.a.land\/index.php?rest_route=\/wp\/v2\/pages\/235\/revisions"}],"predecessor-version":[{"id":314,"href":"https:\/\/lifesavers.a.land\/index.php?rest_route=\/wp\/v2\/pages\/235\/revisions\/314"}],"up":[{"embeddable":true,"href":"https:\/\/lifesavers.a.land\/index.php?rest_route=\/wp\/v2\/pages\/228"}],"wp:attachment":[{"href":"https:\/\/lifesavers.a.land\/index.php?rest_route=%2Fwp%2Fv2%2Fmedia&parent=235"}],"curies":[{"name":"wp","href":"https:\/\/api.w.org\/{rel}","templated":true}]}}