{"id":237,"date":"2023-09-12T17:06:05","date_gmt":"2023-09-12T17:06:05","guid":{"rendered":"https:\/\/lifesavers.a.land\/?page_id=237"},"modified":"2023-09-12T23:08:50","modified_gmt":"2023-09-12T23:08:50","slug":"handlung-2","status":"publish","type":"page","link":"https:\/\/lifesavers.a.land\/?page_id=237","title":{"rendered":"Handlung (2)"},"content":{"rendered":"\n\n\n<p>Sie haben nun ihre Schutzausr\u00fcstung angezogen. Der Patient sitzt in einem kleinen engen Lagerraum, bei denen die Regale voll mit Gegenst\u00e4nde sind. Was ist ihr n\u00e4chster Schritt?<\/p>\n\n\n\n<div class=\"wp-block-buttons is-layout-flex wp-block-buttons-is-layout-flex\">\n<div class=\"wp-block-button has-custom-width wp-block-button__width-100\"><a class=\"wp-block-button__link wp-element-button\" href=\"https:\/\/lifesavers.a.land\/?page_id=241\">Ich bringe den Patienten m\u00f6glichst schnell an einem sicheren Ort und bringe andere Helfer dazu schleunigst zu alarmieren.<\/a><\/div>\n\n\n\n<div class=\"wp-block-button has-custom-width wp-block-button__width-100\"><a class=\"wp-block-button__link wp-element-button\" href=\"https:\/\/lifesavers.a.land\/?page_id=239\">Ich schaue beginne mit der Behandlung, alarmiere sofort, aber achte mich darauf, dass nichts runterfallen kann.<\/a><\/div>\n<\/div>\n","protected":false},"excerpt":{"rendered":"<p>Sie haben nun ihre Schutzausr\u00fcstung angezogen. Der Patient sitzt in einem kleinen engen Lagerraum, bei denen die Regale voll mit Gegenst\u00e4nde sind. Was ist ihr n\u00e4chster Schritt?<\/p>\n","protected":false},"author":1,"featured_media":0,"parent":235,"menu_order":0,"comment_status":"closed","ping_status":"closed","template":"","meta":{"footnotes":""},"_links":{"self":[{"href":"https:\/\/lifesavers.a.land\/index.php?rest_route=\/wp\/v2\/pages\/237"}],"collection":[{"href":"https:\/\/lifesavers.a.land\/index.php?rest_route=\/wp\/v2\/pages"}],"about":[{"href":"https:\/\/lifesavers.a.land\/index.php?rest_route=\/wp\/v2\/types\/page"}],"author":[{"embeddable":true,"href":"https:\/\/lifesavers.a.land\/index.php?rest_route=\/wp\/v2\/users\/1"}],"replies":[{"embeddable":true,"href":"https:\/\/lifesavers.a.land\/index.php?rest_route=%2Fwp%2Fv2%2Fcomments&post=237"}],"version-history":[{"count":4,"href":"https:\/\/lifesavers.a.land\/index.php?rest_route=\/wp\/v2\/pages\/237\/revisions"}],"predecessor-version":[{"id":315,"href":"https:\/\/lifesavers.a.land\/index.php?rest_route=\/wp\/v2\/pages\/237\/revisions\/315"}],"up":[{"embeddable":true,"href":"https:\/\/lifesavers.a.land\/index.php?rest_route=\/wp\/v2\/pages\/235"}],"wp:attachment":[{"href":"https:\/\/lifesavers.a.land\/index.php?rest_route=%2Fwp%2Fv2%2Fmedia&parent=237"}],"curies":[{"name":"wp","href":"https:\/\/api.w.org\/{rel}","templated":true}]}}