{"id":241,"date":"2023-09-12T17:06:05","date_gmt":"2023-09-12T17:06:05","guid":{"rendered":"https:\/\/lifesavers.a.land\/?page_id=241"},"modified":"2023-09-12T23:09:21","modified_gmt":"2023-09-12T23:09:21","slug":"antwort-2-2","status":"publish","type":"page","link":"https:\/\/lifesavers.a.land\/?page_id=241","title":{"rendered":"Antwort (2)"},"content":{"rendered":"\n<h1 class=\"wp-block-heading has-vivid-green-cyan-background-color has-background\">Korrekt!<\/h1>\n\n\n\n<p>Gefahren m\u00fcssen stets als Erstes aus dem Weg ger\u00e4umt werden oder ggf. muss auch der Behandlungsort gewechselt werden. Wenn Gefahren bestehen k\u00f6nnte diese einerseits die Helfer selber gef\u00e4hrden oder Patienten\/Patientinnen (k\u00f6nnte weitere Verletzungen oder Komplikationen vermeiden).&nbsp;<\/p>\n\n\n\n<p>In diesem Raum ist es eng und es hat viele Gegenst\u00e4nde, die runterfallen k\u00f6nnten oder Substanzen, die gef\u00e4hrlich sein k\u00f6nnten wie z.B. Chemikalien oder entflammbare Stoffe.<\/p>\n\n\n\n<div class=\"wp-block-buttons is-content-justification-right is-layout-flex wp-container-1 wp-block-buttons-is-layout-flex\">\n<div class=\"wp-block-button\"><a class=\"wp-block-button__link wp-element-button\" href=\"https:\/\/lifesavers.a.land\/?page_id=243\">Weiter<\/a><\/div>\n<\/div>\n","protected":false},"excerpt":{"rendered":"<p>Korrekt! Gefahren m\u00fcssen stets als Erstes aus dem Weg ger\u00e4umt werden oder ggf. muss auch der Behandlungsort gewechselt werden. Wenn Gefahren bestehen k\u00f6nnte diese einerseits die Helfer selber gef\u00e4hrden oder Patienten\/Patientinnen (k\u00f6nnte weitere Verletzungen oder Komplikationen vermeiden).&nbsp; In diesem Raum ist es eng und es hat viele Gegenst\u00e4nde, die runterfallen k\u00f6nnten oder Substanzen, die gef\u00e4hrlich [&hellip;]<\/p>\n","protected":false},"author":1,"featured_media":0,"parent":237,"menu_order":0,"comment_status":"closed","ping_status":"closed","template":"","meta":{"footnotes":""},"_links":{"self":[{"href":"https:\/\/lifesavers.a.land\/index.php?rest_route=\/wp\/v2\/pages\/241"}],"collection":[{"href":"https:\/\/lifesavers.a.land\/index.php?rest_route=\/wp\/v2\/pages"}],"about":[{"href":"https:\/\/lifesavers.a.land\/index.php?rest_route=\/wp\/v2\/types\/page"}],"author":[{"embeddable":true,"href":"https:\/\/lifesavers.a.land\/index.php?rest_route=\/wp\/v2\/users\/1"}],"replies":[{"embeddable":true,"href":"https:\/\/lifesavers.a.land\/index.php?rest_route=%2Fwp%2Fv2%2Fcomments&post=241"}],"version-history":[{"count":5,"href":"https:\/\/lifesavers.a.land\/index.php?rest_route=\/wp\/v2\/pages\/241\/revisions"}],"predecessor-version":[{"id":316,"href":"https:\/\/lifesavers.a.land\/index.php?rest_route=\/wp\/v2\/pages\/241\/revisions\/316"}],"up":[{"embeddable":true,"href":"https:\/\/lifesavers.a.land\/index.php?rest_route=\/wp\/v2\/pages\/237"}],"wp:attachment":[{"href":"https:\/\/lifesavers.a.land\/index.php?rest_route=%2Fwp%2Fv2%2Fmedia&parent=241"}],"curies":[{"name":"wp","href":"https:\/\/api.w.org\/{rel}","templated":true}]}}