{"id":255,"date":"2023-09-12T17:06:53","date_gmt":"2023-09-12T17:06:06","guid":{"rendered":"https:\/\/lifesavers.a.land\/?page_id=255"},"modified":"2023-09-12T23:20:24","modified_gmt":"2023-09-12T23:20:24","slug":"handlung-5","status":"publish","type":"page","link":"https:\/\/lifesavers.a.land\/?page_id=255","title":{"rendered":"Handlung (4)"},"content":{"rendered":"\n\n\n<p>W\u00e4hrend der Behandlung stillen Sie die Blutung mit einen gewissen Gegenstand, w\u00e4hrend die anderen Helfer\/innen mit dem Patienten sprechen, den Patienten beruhigen und wichtige Informationen zum Unfallhergang, Medikamente, Allergien und Erkrankungen des Patienten herausfinden. So stellt sich heraus, dass der Patient Blutverd\u00fcnner nimmt und eine Blutgerinnungsst\u00f6rung hat. Zudem geben die Sanit\u00e4ter Sauerstoff, da der Patient viel Blut verloren hat und zu wenig Sauerstoff im K\u00f6rper hat.<br>Welchen Gegenstand nehmen Sie, um die Blutung zu stoppen?<\/p>\n\n\n\n<div class=\"wp-block-buttons is-layout-flex wp-block-buttons-is-layout-flex\">\n<div class=\"wp-block-button has-custom-width wp-block-button__width-100\"><a class=\"wp-block-button__link wp-element-button\" href=\"https:\/\/lifesavers.a.land\/?page_id=259\">Ich nehme meine Hand oder ein Gegenstand und dr\u00fccke auf die Wunde.<\/a><\/div>\n\n\n\n<div class=\"wp-block-button has-custom-width wp-block-button__width-100\"><a class=\"wp-block-button__link wp-element-button\" href=\"https:\/\/lifesavers.a.land\/?page_id=259\">Ein Druckverband wird die Blutung stoppen.<\/a><\/div>\n\n\n\n<div class=\"wp-block-button has-custom-width wp-block-button__width-100\"><a class=\"wp-block-button__link wp-element-button\" href=\"https:\/\/lifesavers.a.land\/?page_id=257\">Ich benutze ein Tourniquet zum Abbinden.<\/a><\/div>\n<\/div>\n","protected":false},"excerpt":{"rendered":"<p>W\u00e4hrend der Behandlung stillen Sie die Blutung mit einen gewissen Gegenstand, w\u00e4hrend die anderen Helfer\/innen mit dem Patienten sprechen, den Patienten beruhigen und wichtige Informationen zum Unfallhergang, Medikamente, Allergien und Erkrankungen des Patienten herausfinden. So stellt sich heraus, dass der Patient Blutverd\u00fcnner nimmt und eine Blutgerinnungsst\u00f6rung hat. Zudem geben die Sanit\u00e4ter Sauerstoff, da der Patient [&hellip;]<\/p>\n","protected":false},"author":1,"featured_media":0,"parent":245,"menu_order":0,"comment_status":"closed","ping_status":"closed","template":"","meta":{"footnotes":""},"_links":{"self":[{"href":"https:\/\/lifesavers.a.land\/index.php?rest_route=\/wp\/v2\/pages\/255"}],"collection":[{"href":"https:\/\/lifesavers.a.land\/index.php?rest_route=\/wp\/v2\/pages"}],"about":[{"href":"https:\/\/lifesavers.a.land\/index.php?rest_route=\/wp\/v2\/types\/page"}],"author":[{"embeddable":true,"href":"https:\/\/lifesavers.a.land\/index.php?rest_route=\/wp\/v2\/users\/1"}],"replies":[{"embeddable":true,"href":"https:\/\/lifesavers.a.land\/index.php?rest_route=%2Fwp%2Fv2%2Fcomments&post=255"}],"version-history":[{"count":5,"href":"https:\/\/lifesavers.a.land\/index.php?rest_route=\/wp\/v2\/pages\/255\/revisions"}],"predecessor-version":[{"id":330,"href":"https:\/\/lifesavers.a.land\/index.php?rest_route=\/wp\/v2\/pages\/255\/revisions\/330"}],"up":[{"embeddable":true,"href":"https:\/\/lifesavers.a.land\/index.php?rest_route=\/wp\/v2\/pages\/245"}],"wp:attachment":[{"href":"https:\/\/lifesavers.a.land\/index.php?rest_route=%2Fwp%2Fv2%2Fmedia&parent=255"}],"curies":[{"name":"wp","href":"https:\/\/api.w.org\/{rel}","templated":true}]}}