{"id":259,"date":"2023-09-12T17:06:53","date_gmt":"2023-09-12T17:06:06","guid":{"rendered":"https:\/\/lifesavers.a.land\/?page_id=259"},"modified":"2023-09-12T23:21:06","modified_gmt":"2023-09-12T23:21:06","slug":"antwort-5-2","status":"publish","type":"page","link":"https:\/\/lifesavers.a.land\/?page_id=259","title":{"rendered":"Antwort (4)"},"content":{"rendered":"\n<h1 class=\"wp-block-heading has-vivid-red-background-color has-background\">FALSCH!<\/h1>\n\n\n\n<p>In diesem Fall wird ein Druckverband nicht so gut helfen wie ein Tourniquet. Da der Patient schon 1L Blut verloren, Blutverd\u00fcnner und eine Blutgerinnungsst\u00f6rung hat, kann der Druckverband m\u00f6glicherweise ein bisschen Blut zur\u00fcckhalten, aber es wird durchbluten. Die bessere L\u00f6sung ist deswegen das Tourniquet, weil es schnell gehen muss und die Blutung nun so schnell wie m\u00f6glich gestoppt werden muss.<\/p>\n\n\n\n<p>Manuellen Druck auszu\u00fcben oder mit einem Gurt oder etwas \u00e4hnliches das Bein abzubinden w\u00e4re die beste Option, wenn man keine Ausr\u00fcstung dabei hat.<\/p>\n\n\n\n<div class=\"wp-block-buttons is-content-justification-right is-layout-flex wp-container-1 wp-block-buttons-is-layout-flex\">\n<div class=\"wp-block-button\"><a class=\"wp-block-button__link wp-element-button\" href=\"https:\/\/lifesavers.a.land\/?page_id=261\">Weiter<\/a><\/div>\n<\/div>\n","protected":false},"excerpt":{"rendered":"<p>FALSCH! In diesem Fall wird ein Druckverband nicht so gut helfen wie ein Tourniquet. Da der Patient schon 1L Blut verloren, Blutverd\u00fcnner und eine Blutgerinnungsst\u00f6rung hat, kann der Druckverband m\u00f6glicherweise ein bisschen Blut zur\u00fcckhalten, aber es wird durchbluten. Die bessere L\u00f6sung ist deswegen das Tourniquet, weil es schnell gehen muss und die Blutung nun so [&hellip;]<\/p>\n","protected":false},"author":1,"featured_media":0,"parent":255,"menu_order":1,"comment_status":"closed","ping_status":"closed","template":"","meta":{"footnotes":""},"_links":{"self":[{"href":"https:\/\/lifesavers.a.land\/index.php?rest_route=\/wp\/v2\/pages\/259"}],"collection":[{"href":"https:\/\/lifesavers.a.land\/index.php?rest_route=\/wp\/v2\/pages"}],"about":[{"href":"https:\/\/lifesavers.a.land\/index.php?rest_route=\/wp\/v2\/types\/page"}],"author":[{"embeddable":true,"href":"https:\/\/lifesavers.a.land\/index.php?rest_route=\/wp\/v2\/users\/1"}],"replies":[{"embeddable":true,"href":"https:\/\/lifesavers.a.land\/index.php?rest_route=%2Fwp%2Fv2%2Fcomments&post=259"}],"version-history":[{"count":5,"href":"https:\/\/lifesavers.a.land\/index.php?rest_route=\/wp\/v2\/pages\/259\/revisions"}],"predecessor-version":[{"id":332,"href":"https:\/\/lifesavers.a.land\/index.php?rest_route=\/wp\/v2\/pages\/259\/revisions\/332"}],"up":[{"embeddable":true,"href":"https:\/\/lifesavers.a.land\/index.php?rest_route=\/wp\/v2\/pages\/255"}],"wp:attachment":[{"href":"https:\/\/lifesavers.a.land\/index.php?rest_route=%2Fwp%2Fv2%2Fmedia&parent=259"}],"curies":[{"name":"wp","href":"https:\/\/api.w.org\/{rel}","templated":true}]}}