{"id":261,"date":"2023-09-12T17:06:53","date_gmt":"2023-09-12T17:06:06","guid":{"rendered":"https:\/\/lifesavers.a.land\/?page_id=261"},"modified":"2023-09-12T23:21:47","modified_gmt":"2023-09-12T23:21:47","slug":"handlung-6","status":"publish","type":"page","link":"https:\/\/lifesavers.a.land\/?page_id=261","title":{"rendered":"Handlung (5)"},"content":{"rendered":"\n\n\n<p>W\u00e4hrend dem anlegen vom Tourniquet sagt der Patient, dass er schw\u00e4cher wird und umkippen wird. Einige Sekunden danach wird er bewusstlos.<\/p>\n\n\n\n<p>Was tun Sie?<\/p>\n\n\n\n<div class=\"wp-block-buttons is-layout-flex wp-block-buttons-is-layout-flex\">\n<div class=\"wp-block-button has-custom-width wp-block-button__width-100\"><a class=\"wp-block-button__link wp-element-button\" href=\"https:\/\/lifesavers.a.land\/?page_id=265\">Ich bringe den Patienten in die stabile Seitenlage und schicke jemanden zum Nachalarmieren.<\/a><\/div>\n\n\n\n<div class=\"wp-block-button has-custom-width wp-block-button__width-100\"><a class=\"wp-block-button__link wp-element-button\" href=\"https:\/\/lifesavers.a.land\/?page_id=263\">Ich lasse den Patienten so, damit man ihn m\u00f6glichst nicht bewegen muss. Dies k\u00f6nnte zu weiteren Verletzungen f\u00fchren.<\/a><\/div>\n\n\n\n<div class=\"wp-block-button has-custom-width wp-block-button__width-100\"><a class=\"wp-block-button__link wp-element-button\" href=\"https:\/\/lifesavers.a.land\/?page_id=263\">Ich lagere die Beine hoch, dass wieder Blut zur\u00fcck zum Oberk\u00f6rper und Gehirn fliesst, damit der Patient wieder zu Bewusstsein kommt.<\/a><\/div>\n<\/div>\n","protected":false},"excerpt":{"rendered":"<p>W\u00e4hrend dem anlegen vom Tourniquet sagt der Patient, dass er schw\u00e4cher wird und umkippen wird. Einige Sekunden danach wird er bewusstlos. Was tun Sie?<\/p>\n","protected":false},"author":1,"featured_media":0,"parent":259,"menu_order":0,"comment_status":"closed","ping_status":"closed","template":"","meta":{"footnotes":""},"_links":{"self":[{"href":"https:\/\/lifesavers.a.land\/index.php?rest_route=\/wp\/v2\/pages\/261"}],"collection":[{"href":"https:\/\/lifesavers.a.land\/index.php?rest_route=\/wp\/v2\/pages"}],"about":[{"href":"https:\/\/lifesavers.a.land\/index.php?rest_route=\/wp\/v2\/types\/page"}],"author":[{"embeddable":true,"href":"https:\/\/lifesavers.a.land\/index.php?rest_route=\/wp\/v2\/users\/1"}],"replies":[{"embeddable":true,"href":"https:\/\/lifesavers.a.land\/index.php?rest_route=%2Fwp%2Fv2%2Fcomments&post=261"}],"version-history":[{"count":5,"href":"https:\/\/lifesavers.a.land\/index.php?rest_route=\/wp\/v2\/pages\/261\/revisions"}],"predecessor-version":[{"id":333,"href":"https:\/\/lifesavers.a.land\/index.php?rest_route=\/wp\/v2\/pages\/261\/revisions\/333"}],"up":[{"embeddable":true,"href":"https:\/\/lifesavers.a.land\/index.php?rest_route=\/wp\/v2\/pages\/259"}],"wp:attachment":[{"href":"https:\/\/lifesavers.a.land\/index.php?rest_route=%2Fwp%2Fv2%2Fmedia&parent=261"}],"curies":[{"name":"wp","href":"https:\/\/api.w.org\/{rel}","templated":true}]}}