{"id":306,"date":"2023-09-12T23:03:21","date_gmt":"2023-09-12T23:03:21","guid":{"rendered":"https:\/\/lifesavers.a.land\/?page_id=306"},"modified":"2023-09-12T23:23:18","modified_gmt":"2023-09-12T23:23:18","slug":"ende","status":"publish","type":"page","link":"https:\/\/lifesavers.a.land\/?page_id=306","title":{"rendered":"Ende"},"content":{"rendered":"\n<p>Der Patient bekommt eine Rettungsdecke f\u00fcr den W\u00e4rmeerhalt und sein Zustand wird st\u00e4ndig \u00fcberwacht.&nbsp;<\/p>\n\n\n\n<p>Der Rettungsdienst trifft nach 5 min ein und die wichtigsten Infos \u00fcber den Patienten werden weitergegeben. Die Helfer\/innen und Sanit\u00e4ter heben den Patienten auf und bringen ihn zum Krankenwagen. Mit Blaulicht wird er dann so schnell wie m\u00f6glich ins Spital gefahren<\/p>\n\n\n\n<p><\/p>\n\n\n\n<h5 class=\"wp-block-heading\">Schlusswort<\/h5>\n\n\n\n<p>Bei starken Blutungen im Bauch-, Becken-, Beine- oder Brustbereich besteht immer akute Lebensgefahr. Es muss so schnell wie m\u00f6glich gehandelt werden. Auch das Anlegen eine Tourniquets sollte die letzte Option sein, da dies viele andere Risiken mit sich birgt. Jedoch handelt man im Sanit\u00e4tswesen nach dem Motto: &#8220;Leben vor Lebensqualit\u00e4t&#8221;. Man versucht aber auch dem Patienten bei der Behandlung m\u00f6glichst wenig zu schaden. Deswegen ist jede Notfallsituation eine Herausforderung und man weiss nie was passiert.<\/p>\n\n\n\n<div class=\"wp-block-buttons is-content-justification-right is-layout-flex wp-container-1 wp-block-buttons-is-layout-flex\">\n<div class=\"wp-block-button\"><a class=\"wp-block-button__link wp-element-button\" href=\"https:\/\/lifesavers.a.land\/\">Beenden<\/a><\/div>\n<\/div>\n","protected":false},"excerpt":{"rendered":"<p>Der Patient bekommt eine Rettungsdecke f\u00fcr den W\u00e4rmeerhalt und sein Zustand wird st\u00e4ndig \u00fcberwacht.&nbsp; Der Rettungsdienst trifft nach 5 min ein und die wichtigsten Infos \u00fcber den Patienten werden weitergegeben. Die Helfer\/innen und Sanit\u00e4ter heben den Patienten auf und bringen ihn zum Krankenwagen. Mit Blaulicht wird er dann so schnell wie m\u00f6glich ins Spital gefahren [&hellip;]<\/p>\n","protected":false},"author":1,"featured_media":0,"parent":263,"menu_order":0,"comment_status":"closed","ping_status":"closed","template":"","meta":{"footnotes":""},"_links":{"self":[{"href":"https:\/\/lifesavers.a.land\/index.php?rest_route=\/wp\/v2\/pages\/306"}],"collection":[{"href":"https:\/\/lifesavers.a.land\/index.php?rest_route=\/wp\/v2\/pages"}],"about":[{"href":"https:\/\/lifesavers.a.land\/index.php?rest_route=\/wp\/v2\/types\/page"}],"author":[{"embeddable":true,"href":"https:\/\/lifesavers.a.land\/index.php?rest_route=\/wp\/v2\/users\/1"}],"replies":[{"embeddable":true,"href":"https:\/\/lifesavers.a.land\/index.php?rest_route=%2Fwp%2Fv2%2Fcomments&post=306"}],"version-history":[{"count":3,"href":"https:\/\/lifesavers.a.land\/index.php?rest_route=\/wp\/v2\/pages\/306\/revisions"}],"predecessor-version":[{"id":336,"href":"https:\/\/lifesavers.a.land\/index.php?rest_route=\/wp\/v2\/pages\/306\/revisions\/336"}],"up":[{"embeddable":true,"href":"https:\/\/lifesavers.a.land\/index.php?rest_route=\/wp\/v2\/pages\/263"}],"wp:attachment":[{"href":"https:\/\/lifesavers.a.land\/index.php?rest_route=%2Fwp%2Fv2%2Fmedia&parent=306"}],"curies":[{"name":"wp","href":"https:\/\/api.w.org\/{rel}","templated":true}]}}