{"id":342,"date":"2023-09-14T21:08:36","date_gmt":"2023-09-14T21:08:36","guid":{"rendered":"https:\/\/lifesavers.a.land\/?page_id=342"},"modified":"2023-09-28T23:12:30","modified_gmt":"2023-09-28T23:12:30","slug":"antwort-1-2","status":"publish","type":"page","link":"https:\/\/lifesavers.a.land\/?page_id=342","title":{"rendered":"Antwort (1)"},"content":{"rendered":"\n<h1 class=\"wp-block-heading has-vivid-green-cyan-background-color has-background\">Korrekt!<\/h1>\n\n\n\n<p>Ganz klar muss man zuerst \u00fcberpr\u00fcfen, wie der Zustand der Patientin ist. Reagiert sie nicht auf Ansprache und Ber\u00fchrungsreize, so ist die Person bewusstlos.<\/p>\n\n\n\n<p>Zudem darf man nicht voreilig eine Person in die stabile Seitenlagerung stellen, wenn man noch nicht alles \u00fcberpr\u00fcft hat.<\/p>\n\n\n\n<div class=\"wp-block-buttons is-content-justification-right is-layout-flex wp-container-1 wp-block-buttons-is-layout-flex\">\n<div class=\"wp-block-button\"><a class=\"wp-block-button__link wp-element-button\" href=\"https:\/\/lifesavers.a.land\/?page_id=344\">Weiter<\/a><\/div>\n<\/div>\n","protected":false},"excerpt":{"rendered":"<p>Korrekt! Ganz klar muss man zuerst \u00fcberpr\u00fcfen, wie der Zustand der Patientin ist. Reagiert sie nicht auf Ansprache und Ber\u00fchrungsreize, so ist die Person bewusstlos. Zudem darf man nicht voreilig eine Person in die stabile Seitenlagerung stellen, wenn man noch nicht alles \u00fcberpr\u00fcft hat.<\/p>\n","protected":false},"author":1,"featured_media":0,"parent":226,"menu_order":0,"comment_status":"closed","ping_status":"closed","template":"","meta":{"footnotes":""},"_links":{"self":[{"href":"https:\/\/lifesavers.a.land\/index.php?rest_route=\/wp\/v2\/pages\/342"}],"collection":[{"href":"https:\/\/lifesavers.a.land\/index.php?rest_route=\/wp\/v2\/pages"}],"about":[{"href":"https:\/\/lifesavers.a.land\/index.php?rest_route=\/wp\/v2\/types\/page"}],"author":[{"embeddable":true,"href":"https:\/\/lifesavers.a.land\/index.php?rest_route=\/wp\/v2\/users\/1"}],"replies":[{"embeddable":true,"href":"https:\/\/lifesavers.a.land\/index.php?rest_route=%2Fwp%2Fv2%2Fcomments&post=342"}],"version-history":[{"count":6,"href":"https:\/\/lifesavers.a.land\/index.php?rest_route=\/wp\/v2\/pages\/342\/revisions"}],"predecessor-version":[{"id":629,"href":"https:\/\/lifesavers.a.land\/index.php?rest_route=\/wp\/v2\/pages\/342\/revisions\/629"}],"up":[{"embeddable":true,"href":"https:\/\/lifesavers.a.land\/index.php?rest_route=\/wp\/v2\/pages\/226"}],"wp:attachment":[{"href":"https:\/\/lifesavers.a.land\/index.php?rest_route=%2Fwp%2Fv2%2Fmedia&parent=342"}],"curies":[{"name":"wp","href":"https:\/\/api.w.org\/{rel}","templated":true}]}}