{"id":346,"date":"2023-09-14T21:08:36","date_gmt":"2023-09-14T21:08:36","guid":{"rendered":"https:\/\/lifesavers.a.land\/?page_id=346"},"modified":"2023-09-28T23:13:52","modified_gmt":"2023-09-28T23:13:52","slug":"antwort-2","status":"publish","type":"page","link":"https:\/\/lifesavers.a.land\/?page_id=346","title":{"rendered":"Antwort (2)"},"content":{"rendered":"\n<h1 class=\"wp-block-heading has-vivid-red-background-color has-background\">FALSCH!<\/h1>\n\n\n\n<p>Die Atem\u00fcberpr\u00fcfung ist in diesem Fall enorm wichtig, da diese zeigt in was f\u00fcr einen Zustand die Patientin ist. Ohne die Atmung \u00fcberpr\u00fcft zu haben, weiss man nicht, ob eine Person einen Herzstillstand hat oder nur bewusstlos ist mit vorhandenem Kreislauf.<\/p>\n\n\n\n<div class=\"wp-block-buttons is-content-justification-right is-layout-flex wp-container-1 wp-block-buttons-is-layout-flex\">\n<div class=\"wp-block-button\"><a class=\"wp-block-button__link wp-element-button\" href=\"https:\/\/lifesavers.a.land\/?page_id=350\">Weiter<\/a><\/div>\n<\/div>\n","protected":false},"excerpt":{"rendered":"<p>FALSCH! Die Atem\u00fcberpr\u00fcfung ist in diesem Fall enorm wichtig, da diese zeigt in was f\u00fcr einen Zustand die Patientin ist. Ohne die Atmung \u00fcberpr\u00fcft zu haben, weiss man nicht, ob eine Person einen Herzstillstand hat oder nur bewusstlos ist mit vorhandenem Kreislauf.<\/p>\n","protected":false},"author":1,"featured_media":0,"parent":344,"menu_order":1,"comment_status":"closed","ping_status":"closed","template":"","meta":{"footnotes":""},"_links":{"self":[{"href":"https:\/\/lifesavers.a.land\/index.php?rest_route=\/wp\/v2\/pages\/346"}],"collection":[{"href":"https:\/\/lifesavers.a.land\/index.php?rest_route=\/wp\/v2\/pages"}],"about":[{"href":"https:\/\/lifesavers.a.land\/index.php?rest_route=\/wp\/v2\/types\/page"}],"author":[{"embeddable":true,"href":"https:\/\/lifesavers.a.land\/index.php?rest_route=\/wp\/v2\/users\/1"}],"replies":[{"embeddable":true,"href":"https:\/\/lifesavers.a.land\/index.php?rest_route=%2Fwp%2Fv2%2Fcomments&post=346"}],"version-history":[{"count":4,"href":"https:\/\/lifesavers.a.land\/index.php?rest_route=\/wp\/v2\/pages\/346\/revisions"}],"predecessor-version":[{"id":631,"href":"https:\/\/lifesavers.a.land\/index.php?rest_route=\/wp\/v2\/pages\/346\/revisions\/631"}],"up":[{"embeddable":true,"href":"https:\/\/lifesavers.a.land\/index.php?rest_route=\/wp\/v2\/pages\/344"}],"wp:attachment":[{"href":"https:\/\/lifesavers.a.land\/index.php?rest_route=%2Fwp%2Fv2%2Fmedia&parent=346"}],"curies":[{"name":"wp","href":"https:\/\/api.w.org\/{rel}","templated":true}]}}