{"id":354,"date":"2023-09-14T21:08:36","date_gmt":"2023-09-14T21:08:36","guid":{"rendered":"https:\/\/lifesavers.a.land\/?page_id=354"},"modified":"2023-09-28T23:14:20","modified_gmt":"2023-09-28T23:14:20","slug":"antwort-3-2","status":"publish","type":"page","link":"https:\/\/lifesavers.a.land\/?page_id=354","title":{"rendered":"Antwort (3)"},"content":{"rendered":"\n<h1 class=\"wp-block-heading has-vivid-green-cyan-background-color has-background\">Korrekt!<\/h1>\n\n\n\n<p><strong>Der Sanit\u00e4tsnotruf ist 144!<\/strong><\/p>\n\n\n\n<p>Die Alarmierung bei einer Reanimation ist sehr wichtig, da man so schnell, wie m\u00f6glich professionelle Hilfe braucht. Zudem sollte man immer das Wichtigste zu der Notsituation erkl\u00e4ren. In diesem Fall kommt auch ein Notarzt und m\u00f6glicherweise auch noch die First-Responder hinzu.<\/p>\n\n\n\n<p>Auch w\u00e4re es gut, wenn man einen Sichtschutz aufstellt, um die Privatsph\u00e4re der Patientin zu wahren und nicht jeden den Notfall sehen zu lassen.<\/p>\n\n\n\n<div class=\"wp-block-buttons is-content-justification-right is-layout-flex wp-container-1 wp-block-buttons-is-layout-flex\">\n<div class=\"wp-block-button\"><a class=\"wp-block-button__link wp-element-button\" href=\"https:\/\/lifesavers.a.land\/?page_id=356\">Weiter<\/a><\/div>\n<\/div>\n","protected":false},"excerpt":{"rendered":"<p>Korrekt! Der Sanit\u00e4tsnotruf ist 144! Die Alarmierung bei einer Reanimation ist sehr wichtig, da man so schnell, wie m\u00f6glich professionelle Hilfe braucht. Zudem sollte man immer das Wichtigste zu der Notsituation erkl\u00e4ren. In diesem Fall kommt auch ein Notarzt und m\u00f6glicherweise auch noch die First-Responder hinzu. Auch w\u00e4re es gut, wenn man einen Sichtschutz aufstellt, [&hellip;]<\/p>\n","protected":false},"author":1,"featured_media":0,"parent":350,"menu_order":0,"comment_status":"closed","ping_status":"closed","template":"","meta":{"footnotes":""},"_links":{"self":[{"href":"https:\/\/lifesavers.a.land\/index.php?rest_route=\/wp\/v2\/pages\/354"}],"collection":[{"href":"https:\/\/lifesavers.a.land\/index.php?rest_route=\/wp\/v2\/pages"}],"about":[{"href":"https:\/\/lifesavers.a.land\/index.php?rest_route=\/wp\/v2\/types\/page"}],"author":[{"embeddable":true,"href":"https:\/\/lifesavers.a.land\/index.php?rest_route=\/wp\/v2\/users\/1"}],"replies":[{"embeddable":true,"href":"https:\/\/lifesavers.a.land\/index.php?rest_route=%2Fwp%2Fv2%2Fcomments&post=354"}],"version-history":[{"count":7,"href":"https:\/\/lifesavers.a.land\/index.php?rest_route=\/wp\/v2\/pages\/354\/revisions"}],"predecessor-version":[{"id":632,"href":"https:\/\/lifesavers.a.land\/index.php?rest_route=\/wp\/v2\/pages\/354\/revisions\/632"}],"up":[{"embeddable":true,"href":"https:\/\/lifesavers.a.land\/index.php?rest_route=\/wp\/v2\/pages\/350"}],"wp:attachment":[{"href":"https:\/\/lifesavers.a.land\/index.php?rest_route=%2Fwp%2Fv2%2Fmedia&parent=354"}],"curies":[{"name":"wp","href":"https:\/\/api.w.org\/{rel}","templated":true}]}}