{"id":360,"date":"2023-09-14T21:08:36","date_gmt":"2023-09-14T21:08:36","guid":{"rendered":"https:\/\/lifesavers.a.land\/?page_id=360"},"modified":"2023-09-28T23:10:01","modified_gmt":"2023-09-28T23:10:01","slug":"antwort-4-2","status":"publish","type":"page","link":"https:\/\/lifesavers.a.land\/?page_id=360","title":{"rendered":"Antwort (4)"},"content":{"rendered":"\n<h1 class=\"wp-block-heading has-vivid-green-cyan-background-color has-background\">Korrekt!<\/h1>\n\n\n\n<p>Thoraxkompressionen m\u00fcssen so schnell wie m\u00f6glich durchgef\u00fchrt werden, um die Kreislauffunktion des Herzens aufrechtzuerhalten. Wird dies nicht durchgef\u00fchrt, k\u00f6nnte dies zum Tod f\u00fchren. Zudem liegt der Druckpunkt bei Thoraxkompressionen in der Mitte des Brustkorbes. Es sollte auf minimalen Unterbrechungen, vollst\u00e4ndiger Entlastung nach jeder Thoraxkompression und wenn m\u00f6glich eine Reanimation auf harter Unterlage geachtet werden.<\/p>\n\n\n\n<div class=\"wp-block-buttons is-content-justification-right is-layout-flex wp-container-1 wp-block-buttons-is-layout-flex\">\n<div class=\"wp-block-button\"><a class=\"wp-block-button__link wp-element-button\" href=\"https:\/\/lifesavers.a.land\/?page_id=362\">Weiter<\/a><\/div>\n<\/div>\n","protected":false},"excerpt":{"rendered":"<p>Korrekt! Thoraxkompressionen m\u00fcssen so schnell wie m\u00f6glich durchgef\u00fchrt werden, um die Kreislauffunktion des Herzens aufrechtzuerhalten. Wird dies nicht durchgef\u00fchrt, k\u00f6nnte dies zum Tod f\u00fchren. Zudem liegt der Druckpunkt bei Thoraxkompressionen in der Mitte des Brustkorbes. Es sollte auf minimalen Unterbrechungen, vollst\u00e4ndiger Entlastung nach jeder Thoraxkompression und wenn m\u00f6glich eine Reanimation auf harter Unterlage geachtet werden.<\/p>\n","protected":false},"author":1,"featured_media":0,"parent":356,"menu_order":0,"comment_status":"closed","ping_status":"closed","template":"","meta":{"footnotes":""},"_links":{"self":[{"href":"https:\/\/lifesavers.a.land\/index.php?rest_route=\/wp\/v2\/pages\/360"}],"collection":[{"href":"https:\/\/lifesavers.a.land\/index.php?rest_route=\/wp\/v2\/pages"}],"about":[{"href":"https:\/\/lifesavers.a.land\/index.php?rest_route=\/wp\/v2\/types\/page"}],"author":[{"embeddable":true,"href":"https:\/\/lifesavers.a.land\/index.php?rest_route=\/wp\/v2\/users\/1"}],"replies":[{"embeddable":true,"href":"https:\/\/lifesavers.a.land\/index.php?rest_route=%2Fwp%2Fv2%2Fcomments&post=360"}],"version-history":[{"count":5,"href":"https:\/\/lifesavers.a.land\/index.php?rest_route=\/wp\/v2\/pages\/360\/revisions"}],"predecessor-version":[{"id":626,"href":"https:\/\/lifesavers.a.land\/index.php?rest_route=\/wp\/v2\/pages\/360\/revisions\/626"}],"up":[{"embeddable":true,"href":"https:\/\/lifesavers.a.land\/index.php?rest_route=\/wp\/v2\/pages\/356"}],"wp:attachment":[{"href":"https:\/\/lifesavers.a.land\/index.php?rest_route=%2Fwp%2Fv2%2Fmedia&parent=360"}],"curies":[{"name":"wp","href":"https:\/\/api.w.org\/{rel}","templated":true}]}}