{"id":374,"date":"2023-09-14T21:08:36","date_gmt":"2023-09-14T21:08:36","guid":{"rendered":"https:\/\/lifesavers.a.land\/?page_id=374"},"modified":"2023-09-28T22:14:10","modified_gmt":"2023-09-28T22:14:10","slug":"handlung-7","status":"publish","type":"page","link":"https:\/\/lifesavers.a.land\/?page_id=374","title":{"rendered":"Handlung (7)"},"content":{"rendered":"\n\n\n<p>Sie sind am Reanimieren&#8230; brauchen Sie noch etwas? (nach Wichtigkeit ausw\u00e4hlen!)<\/p>\n\n\n\n<div class=\"wp-block-buttons is-layout-flex wp-block-buttons-is-layout-flex\">\n<div class=\"wp-block-button has-custom-width wp-block-button__width-100\"><a class=\"wp-block-button__link wp-element-button\" href=\"https:\/\/lifesavers.a.land\/?page_id=378\">Ein AED<\/a><\/div>\n\n\n\n<div class=\"wp-block-button has-custom-width wp-block-button__width-100\"><a class=\"wp-block-button__link wp-element-button\" href=\"https:\/\/lifesavers.a.land\/?page_id=376\">Eine Beatmungsmaske<\/a><\/div>\n\n\n\n<div class=\"wp-block-button has-custom-width wp-block-button__width-100\"><a class=\"wp-block-button__link wp-element-button\" href=\"https:\/\/lifesavers.a.land\/?page_id=376\">Eine W\u00e4rmedecke f\u00fcr den W\u00e4rmeerhalt<\/a><\/div>\n<\/div>\n","protected":false},"excerpt":{"rendered":"<p>Sie sind am Reanimieren&#8230; brauchen Sie noch etwas? (nach Wichtigkeit ausw\u00e4hlen!)<\/p>\n","protected":false},"author":1,"featured_media":0,"parent":370,"menu_order":0,"comment_status":"closed","ping_status":"closed","template":"","meta":{"footnotes":""},"_links":{"self":[{"href":"https:\/\/lifesavers.a.land\/index.php?rest_route=\/wp\/v2\/pages\/374"}],"collection":[{"href":"https:\/\/lifesavers.a.land\/index.php?rest_route=\/wp\/v2\/pages"}],"about":[{"href":"https:\/\/lifesavers.a.land\/index.php?rest_route=\/wp\/v2\/types\/page"}],"author":[{"embeddable":true,"href":"https:\/\/lifesavers.a.land\/index.php?rest_route=\/wp\/v2\/users\/1"}],"replies":[{"embeddable":true,"href":"https:\/\/lifesavers.a.land\/index.php?rest_route=%2Fwp%2Fv2%2Fcomments&post=374"}],"version-history":[{"count":7,"href":"https:\/\/lifesavers.a.land\/index.php?rest_route=\/wp\/v2\/pages\/374\/revisions"}],"predecessor-version":[{"id":610,"href":"https:\/\/lifesavers.a.land\/index.php?rest_route=\/wp\/v2\/pages\/374\/revisions\/610"}],"up":[{"embeddable":true,"href":"https:\/\/lifesavers.a.land\/index.php?rest_route=\/wp\/v2\/pages\/370"}],"wp:attachment":[{"href":"https:\/\/lifesavers.a.land\/index.php?rest_route=%2Fwp%2Fv2%2Fmedia&parent=374"}],"curies":[{"name":"wp","href":"https:\/\/api.w.org\/{rel}","templated":true}]}}