{"id":386,"date":"2023-09-14T21:08:36","date_gmt":"2023-09-14T21:08:36","guid":{"rendered":"https:\/\/lifesavers.a.land\/?page_id=386"},"modified":"2023-09-28T22:20:06","modified_gmt":"2023-09-28T22:20:06","slug":"handlung-9","status":"publish","type":"page","link":"https:\/\/lifesavers.a.land\/?page_id=386","title":{"rendered":"Handlung (9)"},"content":{"rendered":"\n\n\n<p>Nach einigen Minuten Herzdruckmassage, kommt eine Helferin zur\u00fcck mit einem AED. W\u00e4hrend Sie weiter Thoraxkompressionen durchf\u00fchren, klebt die Helferin die Elektroden an.\u00a0<\/p>\n\n\n\n<p>Der ist AED funktionsf\u00e4hig und analysiert nun den Herzrhythmus. Sie stoppen  die Thoraxkompressionen und befolgt die Anweisungen des AEDs.<\/p>\n\n\n\n<p>Ein Schock wird empfohlen, was muss beachtet werden?<\/p>\n\n\n\n<div class=\"wp-block-buttons is-layout-flex wp-block-buttons-is-layout-flex\">\n<div class=\"wp-block-button has-custom-width wp-block-button__width-100\"><a class=\"wp-block-button__link wp-element-button\" href=\"https:\/\/lifesavers.a.land\/?page_id=390\">Alle Helfer d\u00fcrfen bei der Schockabgabe die Patientin nicht ber\u00fchren und m\u00fcssen einen sicheren Abstand von ihr  halten.<\/a><\/div>\n\n\n\n<div class=\"wp-block-button has-custom-width wp-block-button__width-100\"><a class=\"wp-block-button__link wp-element-button\" href=\"https:\/\/lifesavers.a.land\/?page_id=388\">Man muss die Thoraxkompressionen weiterf\u00fchren w\u00e4hrend der Schockabgabe.<\/a><\/div>\n\n\n\n<div class=\"wp-block-button has-custom-width wp-block-button__width-100\"><a class=\"wp-block-button__link wp-element-button\" href=\"https:\/\/lifesavers.a.land\/?page_id=388\">W\u00e4hrend der Schockabgabe m\u00fcssen 2 Beatmungsst\u00f6sse gegeben werden.<\/a><\/div>\n<\/div>\n","protected":false},"excerpt":{"rendered":"<p>Nach einigen Minuten Herzdruckmassage, kommt eine Helferin zur\u00fcck mit einem AED. W\u00e4hrend Sie weiter Thoraxkompressionen durchf\u00fchren, klebt die Helferin die Elektroden an.\u00a0 Der ist AED funktionsf\u00e4hig und analysiert nun den Herzrhythmus. Sie stoppen die Thoraxkompressionen und befolgt die Anweisungen des AEDs. Ein Schock wird empfohlen, was muss beachtet werden?<\/p>\n","protected":false},"author":1,"featured_media":0,"parent":382,"menu_order":0,"comment_status":"closed","ping_status":"closed","template":"","meta":{"footnotes":""},"_links":{"self":[{"href":"https:\/\/lifesavers.a.land\/index.php?rest_route=\/wp\/v2\/pages\/386"}],"collection":[{"href":"https:\/\/lifesavers.a.land\/index.php?rest_route=\/wp\/v2\/pages"}],"about":[{"href":"https:\/\/lifesavers.a.land\/index.php?rest_route=\/wp\/v2\/types\/page"}],"author":[{"embeddable":true,"href":"https:\/\/lifesavers.a.land\/index.php?rest_route=\/wp\/v2\/users\/1"}],"replies":[{"embeddable":true,"href":"https:\/\/lifesavers.a.land\/index.php?rest_route=%2Fwp%2Fv2%2Fcomments&post=386"}],"version-history":[{"count":9,"href":"https:\/\/lifesavers.a.land\/index.php?rest_route=\/wp\/v2\/pages\/386\/revisions"}],"predecessor-version":[{"id":616,"href":"https:\/\/lifesavers.a.land\/index.php?rest_route=\/wp\/v2\/pages\/386\/revisions\/616"}],"up":[{"embeddable":true,"href":"https:\/\/lifesavers.a.land\/index.php?rest_route=\/wp\/v2\/pages\/382"}],"wp:attachment":[{"href":"https:\/\/lifesavers.a.land\/index.php?rest_route=%2Fwp%2Fv2%2Fmedia&parent=386"}],"curies":[{"name":"wp","href":"https:\/\/api.w.org\/{rel}","templated":true}]}}