{"id":392,"date":"2023-09-14T21:08:36","date_gmt":"2023-09-14T21:08:36","guid":{"rendered":"https:\/\/lifesavers.a.land\/?page_id=392"},"modified":"2023-09-28T22:22:18","modified_gmt":"2023-09-28T22:22:18","slug":"handlung-10","status":"publish","type":"page","link":"https:\/\/lifesavers.a.land\/?page_id=392","title":{"rendered":"Handlung (10)"},"content":{"rendered":"\n\n\n<p>Nach 7 Minuten schwerer Reanimation treffen die First Responder ein. Kurz danach ist der Rettungsdienst und der Notarzt am Unfallort und \u00fcbernehmen.\u00a0<\/p>\n\n\n\n<p>Sie teilen dem Rettungsdienst alle Infos \u00fcber den Unfall mit und helfen weiterhin, bis der Rettungsdienst Sie entl\u00e4sst.&nbsp;<\/p>\n\n\n\n<p>Gut gemacht sie haben gerade einer Person m\u00f6glicherweise das Leben gerettet!<\/p>\n\n\n\n<div class=\"wp-block-buttons is-content-justification-right is-layout-flex wp-container-1 wp-block-buttons-is-layout-flex\">\n<div class=\"wp-block-button\"><a class=\"wp-block-button__link wp-element-button\" href=\"https:\/\/lifesavers.a.land\/\">Beenden<\/a><\/div>\n<\/div>\n","protected":false},"excerpt":{"rendered":"<p>Nach 7 Minuten schwerer Reanimation treffen die First Responder ein. Kurz danach ist der Rettungsdienst und der Notarzt am Unfallort und \u00fcbernehmen.\u00a0 Sie teilen dem Rettungsdienst alle Infos \u00fcber den Unfall mit und helfen weiterhin, bis der Rettungsdienst Sie entl\u00e4sst.&nbsp; Gut gemacht sie haben gerade einer Person m\u00f6glicherweise das Leben gerettet!<\/p>\n","protected":false},"author":1,"featured_media":0,"parent":388,"menu_order":0,"comment_status":"closed","ping_status":"closed","template":"","meta":{"footnotes":""},"_links":{"self":[{"href":"https:\/\/lifesavers.a.land\/index.php?rest_route=\/wp\/v2\/pages\/392"}],"collection":[{"href":"https:\/\/lifesavers.a.land\/index.php?rest_route=\/wp\/v2\/pages"}],"about":[{"href":"https:\/\/lifesavers.a.land\/index.php?rest_route=\/wp\/v2\/types\/page"}],"author":[{"embeddable":true,"href":"https:\/\/lifesavers.a.land\/index.php?rest_route=\/wp\/v2\/users\/1"}],"replies":[{"embeddable":true,"href":"https:\/\/lifesavers.a.land\/index.php?rest_route=%2Fwp%2Fv2%2Fcomments&post=392"}],"version-history":[{"count":4,"href":"https:\/\/lifesavers.a.land\/index.php?rest_route=\/wp\/v2\/pages\/392\/revisions"}],"predecessor-version":[{"id":617,"href":"https:\/\/lifesavers.a.land\/index.php?rest_route=\/wp\/v2\/pages\/392\/revisions\/617"}],"up":[{"embeddable":true,"href":"https:\/\/lifesavers.a.land\/index.php?rest_route=\/wp\/v2\/pages\/388"}],"wp:attachment":[{"href":"https:\/\/lifesavers.a.land\/index.php?rest_route=%2Fwp%2Fv2%2Fmedia&parent=392"}],"curies":[{"name":"wp","href":"https:\/\/api.w.org\/{rel}","templated":true}]}}