{"id":508,"date":"2023-09-18T00:04:06","date_gmt":"2023-09-18T00:04:31","guid":{"rendered":"https:\/\/lifesavers.a.land\/?page_id=508"},"modified":"2023-10-23T04:59:57","modified_gmt":"2023-10-23T04:59:57","slug":"verkehrsunfalle","status":"publish","type":"page","link":"https:\/\/lifesavers.a.land\/?page_id=508","title":{"rendered":"Verkehrsunf\u00e4lle"},"content":{"rendered":"\n<p>Im Strassenverkehr kommen h\u00e4ufig Unf\u00e4lle vor, bei denen Personen schwer verletzt werden oder Fahrzeuge an in einem Totalschaden enden. Wenn man mit schneller Geschwindigkeit und Fahrzeugen unterwegs ist, ist daher besondere Vorsicht n\u00f6tig!<\/p>\n\n\n\n<p><\/p>\n\n\n\n<h4 class=\"wp-block-heading\">Handlungsschritte<\/h4>\n\n\n\n<ol type=\"1\">\n<li>Wenn Sie einen Unfall sehen, bei der Hilfe notwendig ist, halten Sie auf dem Pannenstreifen und schalten Sie die Warnblinker ein.<\/li>\n\n\n\n<li>Stellen Sie den Motor ab.<\/li>\n\n\n\n<li>Tragen Sie beim Verlassen des Fahrzeuges eine Warnweste.<\/li>\n\n\n\n<li>Verschaffen Sie sich einen \u00dcberblick \u00fcber die Situation und achten Sie sich auf m\u00f6gliche Gefahren, wie z.B. Feuer, \u00d6l oder Glas auf der Strasse.<\/li>\n\n\n\n<li>Stellen Sie das Pannendreieck mindestens 50 m vor dem Unfallort auf und, wenn schnell gefahren wird, 100 m vor dem Unfallort.<\/li>\n\n\n\n<li>Stellen Sie den Motor der betroffenen Fahrzeuge ab.<\/li>\n\n\n\n<li>Zuletzt leisten Sie Nothilfe, alarmieren ggf. und bringen verletzte Personen aus den Gefahrenzonen. (Achtung: Wenn die Airbags nicht ausgel\u00f6st wurden, k\u00f6nnten diese auf einmal aufgehen!)<\/li>\n<\/ol>\n\n\n\n<p><\/p>\n\n\n\n<h4 class=\"wp-block-heading\">Rettungsgasse<\/h4>\n\n\n\n<p>Wenn Sicherheits- und Rettungskr\u00e4fte ausr\u00fccken, z\u00e4hlt jede Sekunde. Sie m\u00fcssen so schnell wie m\u00f6glich an Notfallsituationen kommen, um Menschen zu helfen und Leben zu retten. Aus diesem Grund muss man Blaulichtorganisationen den Vortritt gew\u00e4hren, wenn sie mit Sondersignal fahren. Falls der Verkehr auf Autobahnen und Autostrassen stockt oder staut, muss eine Rettungsgasse gebildet werden! <\/p>\n\n\n\n<p>Sonst sieht es so aus:&nbsp;<\/p>\n\n\n\n<figure class=\"wp-block-image size-full\"><img decoding=\"async\" loading=\"lazy\" width=\"605\" height=\"403\" src=\"https:\/\/lifesavers.a.land\/wp-content\/uploads\/2023\/09\/Rettungskrafte.png\" alt=\"\" class=\"wp-image-509\" srcset=\"https:\/\/lifesavers.a.land\/wp-content\/uploads\/2023\/09\/Rettungskrafte.png 605w, https:\/\/lifesavers.a.land\/wp-content\/uploads\/2023\/09\/Rettungskrafte-300x200.png 300w\" sizes=\"(max-width: 605px) 100vw, 605px\" \/><\/figure>\n\n\n\n<p><\/p>\n\n\n\n<h4 class=\"wp-block-heading\">Wie bildet man eine Rettungsgasse?<\/h4>\n\n\n\n<figure class=\"wp-block-embed is-type-video is-provider-youtube wp-block-embed-youtube wp-embed-aspect-16-9 wp-has-aspect-ratio\"><div class=\"wp-block-embed__wrapper\">\n<iframe loading=\"lazy\" title=\"Rettungsgasse\" width=\"500\" height=\"281\" src=\"https:\/\/www.youtube.com\/embed\/-dFx1roMOXI?feature=oembed\" frameborder=\"0\" allow=\"accelerometer; autoplay; clipboard-write; encrypted-media; gyroscope; picture-in-picture; web-share\" allowfullscreen><\/iframe>\n<\/div><figcaption class=\"wp-element-caption\">https:\/\/youtu.be\/-dFx1roMOXI?si=v1qZP2CLNoJ73B8x<\/figcaption><\/figure>\n\n\n\n<p>Weitere Informationen finde Sie <em><a href=\"https:\/\/rettungs-gasse.ch\/\" data-type=\"link\" data-id=\"https:\/\/rettungs-gasse.ch\/\">hier<\/a><\/em>.<\/p>\n\n\n\n<p class=\"has-tiny-font-size\">Bildquelle: https:\/\/rettungs-gasse.ch\/<\/p>\n","protected":false},"excerpt":{"rendered":"<p>Im Strassenverkehr kommen h\u00e4ufig Unf\u00e4lle vor, bei denen Personen schwer verletzt werden oder Fahrzeuge an in einem Totalschaden enden. Wenn man mit schneller Geschwindigkeit und Fahrzeugen unterwegs ist, ist daher besondere Vorsicht n\u00f6tig! Handlungsschritte Rettungsgasse Wenn Sicherheits- und Rettungskr\u00e4fte ausr\u00fccken, z\u00e4hlt jede Sekunde. Sie m\u00fcssen so schnell wie m\u00f6glich an Notfallsituationen kommen, um Menschen zu [&hellip;]<\/p>\n","protected":false},"author":1,"featured_media":0,"parent":0,"menu_order":8,"comment_status":"closed","ping_status":"closed","template":"","meta":{"footnotes":""},"_links":{"self":[{"href":"https:\/\/lifesavers.a.land\/index.php?rest_route=\/wp\/v2\/pages\/508"}],"collection":[{"href":"https:\/\/lifesavers.a.land\/index.php?rest_route=\/wp\/v2\/pages"}],"about":[{"href":"https:\/\/lifesavers.a.land\/index.php?rest_route=\/wp\/v2\/types\/page"}],"author":[{"embeddable":true,"href":"https:\/\/lifesavers.a.land\/index.php?rest_route=\/wp\/v2\/users\/1"}],"replies":[{"embeddable":true,"href":"https:\/\/lifesavers.a.land\/index.php?rest_route=%2Fwp%2Fv2%2Fcomments&post=508"}],"version-history":[{"count":3,"href":"https:\/\/lifesavers.a.land\/index.php?rest_route=\/wp\/v2\/pages\/508\/revisions"}],"predecessor-version":[{"id":818,"href":"https:\/\/lifesavers.a.land\/index.php?rest_route=\/wp\/v2\/pages\/508\/revisions\/818"}],"wp:attachment":[{"href":"https:\/\/lifesavers.a.land\/index.php?rest_route=%2Fwp%2Fv2%2Fmedia&parent=508"}],"curies":[{"name":"wp","href":"https:\/\/api.w.org\/{rel}","templated":true}]}}