{"id":563,"date":"2023-09-26T01:24:06","date_gmt":"2023-09-26T01:24:37","guid":{"rendered":"https:\/\/lifesavers.a.land\/?page_id=563"},"modified":"2023-10-23T04:57:56","modified_gmt":"2023-10-23T04:57:56","slug":"wunden","status":"publish","type":"page","link":"https:\/\/lifesavers.a.land\/?page_id=563","title":{"rendered":"Wunden"},"content":{"rendered":"\n<p><strong>Wunden k\u00f6nnen durch verschiedenste Ereignisse entstehen. Egal ob durch Glasscherben, Schl\u00e4ge, St\u00fcrze oder Sch\u00fcrfungen, wenn Wunden entstehen, besteht eine Infektionsgefahr. &nbsp;Ganz im Allgemeinen ist eine Wunde eine Sch\u00e4digung oder Verletzung der Haut oder eines Gewebes im K\u00f6rper.<\/strong><\/p>\n\n\n\n<p><\/p>\n\n\n\n<h4 class=\"wp-block-heading\">Einige Wundarten<\/h4>\n\n\n\n<p>Eine Wunde ist nicht immer gleich. Je nach Ereignis k\u00f6nnen verschiedene Arten von Wunden entstehen.<\/p>\n\n\n\n<p><strong>Schnittwunden: <\/strong><\/p>\n\n\n\n<div class=\"wp-block-media-text is-stacked-on-mobile\"><figure class=\"wp-block-media-text__media\"><img decoding=\"async\" loading=\"lazy\" width=\"579\" height=\"371\" src=\"https:\/\/lifesavers.a.land\/wp-content\/uploads\/2023\/09\/image.png\" alt=\"\" class=\"wp-image-564 size-full\" srcset=\"https:\/\/lifesavers.a.land\/wp-content\/uploads\/2023\/09\/image.png 579w, https:\/\/lifesavers.a.land\/wp-content\/uploads\/2023\/09\/image-300x192.png 300w\" sizes=\"(max-width: 579px) 100vw, 579px\" \/><\/figure><div class=\"wp-block-media-text__content\">\n<ul>\n<li>Entstehen durch Schnitte von scharfen Gegenst\u00e4nden z.B. Messer oder Glasscherben<\/li>\n\n\n\n<li>Bluten meistens stark, da viele Blutgef\u00e4sse verletzt sein k\u00f6nnten<\/li>\n\n\n\n<li>Schlecht erkennbar wie tief der Schnitt ist<\/li>\n\n\n\n<li>Infektionsrisiko klein<\/li>\n<\/ul>\n<\/div><\/div>\n\n\n\n<p><strong>Platzwunden:<\/strong><\/p>\n\n\n\n<div class=\"wp-block-media-text is-stacked-on-mobile\" style=\"grid-template-columns:49% auto\"><figure class=\"wp-block-media-text__media\"><img decoding=\"async\" loading=\"lazy\" width=\"584\" height=\"390\" src=\"https:\/\/lifesavers.a.land\/wp-content\/uploads\/2023\/09\/image-1.png\" alt=\"\" class=\"wp-image-565 size-full\" srcset=\"https:\/\/lifesavers.a.land\/wp-content\/uploads\/2023\/09\/image-1.png 584w, https:\/\/lifesavers.a.land\/wp-content\/uploads\/2023\/09\/image-1-300x200.png 300w\" sizes=\"(max-width: 584px) 100vw, 584px\" \/><\/figure><div class=\"wp-block-media-text__content\">\n<ul>\n<li>Ursache durch Gewalteinwirkung<\/li>\n\n\n\n<li>Lokalisiert bei Hautbereichen direkt \u00fcber Knochen<\/li>\n\n\n\n<li>H\u00e4ufigste Bereiche sind Kopf, Ellenbogen, Knie, Schienbeine und Kn\u00f6chel<\/li>\n\n\n\n<li>Sehen oft schlimmer aus, als sie sind<\/li>\n\n\n\n<li>Infektionsrisiko h\u00f6her, weil die Hautbarriere unterbrochen wird<\/li>\n<\/ul>\n<\/div><\/div>\n\n\n\n<p><strong>Quetschwunden:<\/strong><\/p>\n\n\n\n<div class=\"wp-block-media-text is-stacked-on-mobile\"><figure class=\"wp-block-media-text__media\"><img decoding=\"async\" loading=\"lazy\" width=\"553\" height=\"375\" src=\"https:\/\/lifesavers.a.land\/wp-content\/uploads\/2023\/09\/image-2.png\" alt=\"\" class=\"wp-image-566 size-full\" srcset=\"https:\/\/lifesavers.a.land\/wp-content\/uploads\/2023\/09\/image-2.png 553w, https:\/\/lifesavers.a.land\/wp-content\/uploads\/2023\/09\/image-2-300x203.png 300w\" sizes=\"(max-width: 553px) 100vw, 553px\" \/><\/figure><div class=\"wp-block-media-text__content\">\n<ul>\n<li>Entsteht durch zu starkes Zusammenquetschen des Gewebes<\/li>\n\n\n\n<li>Normalerweise geschlossene Verletzung, bei der die Oberhaut (Epidermis) nicht gesch\u00e4digt wurde, sondern das Gewebe unter der Haut<\/li>\n\n\n\n<li>Braucht lange zum Heilen<\/li>\n\n\n\n<li>Sehr schmerzhaft<\/li>\n\n\n\n<li>Bilden in der Tiefe Bluterg\u00fcsse (H\u00e4matome) und Wasser (\u00d6deme)<\/li>\n<\/ul>\n<\/div><\/div>\n\n\n\n<p><strong>Risswunden:<\/strong><\/p>\n\n\n\n<div class=\"wp-block-media-text is-stacked-on-mobile\"><figure class=\"wp-block-media-text__media\"><img decoding=\"async\" loading=\"lazy\" width=\"589\" height=\"373\" src=\"https:\/\/lifesavers.a.land\/wp-content\/uploads\/2023\/09\/image-3.png\" alt=\"\" class=\"wp-image-567 size-full\" srcset=\"https:\/\/lifesavers.a.land\/wp-content\/uploads\/2023\/09\/image-3.png 589w, https:\/\/lifesavers.a.land\/wp-content\/uploads\/2023\/09\/image-3-300x190.png 300w\" sizes=\"(max-width: 589px) 100vw, 589px\" \/><\/figure><div class=\"wp-block-media-text__content\">\n<ul>\n<li>Treten durch Gewalteinwirkung (Zugkr\u00e4fte) auf die Haut auf<\/li>\n\n\n\n<li>Schwere variiert von oberfl\u00e4chlichen Rissen bis zu tieferen Verletzungen im Inneren des K\u00f6rpers z.B. Organe<\/li>\n\n\n\n<li>Infektionsrisiko hoch, da unter der aufgerissenen Haut Keime gedeihen k\u00f6nnen<\/li>\n\n\n\n<li>Heilung sehr langsam<\/li>\n<\/ul>\n<\/div><\/div>\n\n\n\n<p><strong>Sch\u00fcrfwunden<\/strong><\/p>\n\n\n\n<div class=\"wp-block-media-text is-stacked-on-mobile\"><figure class=\"wp-block-media-text__media\"><img decoding=\"async\" loading=\"lazy\" width=\"526\" height=\"322\" src=\"https:\/\/lifesavers.a.land\/wp-content\/uploads\/2023\/10\/Bildschirmfoto-2023-10-08-um-19.40.28.png\" alt=\"\" class=\"wp-image-647 size-full\" srcset=\"https:\/\/lifesavers.a.land\/wp-content\/uploads\/2023\/10\/Bildschirmfoto-2023-10-08-um-19.40.28.png 526w, https:\/\/lifesavers.a.land\/wp-content\/uploads\/2023\/10\/Bildschirmfoto-2023-10-08-um-19.40.28-300x184.png 300w\" sizes=\"(max-width: 526px) 100vw, 526px\" \/><\/figure><div class=\"wp-block-media-text__content\">\n<ul>\n<li>Entsteht durch Abrieb der Haut<\/li>\n\n\n\n<li>Meistens oberfl\u00e4chliche Verletzung <\/li>\n\n\n\n<li>Blutet wenig<\/li>\n\n\n\n<li>Infektionsrisiko gering<\/li>\n<\/ul>\n<\/div><\/div>\n\n\n\n<p><strong>Stichwunden<\/strong><\/p>\n\n\n\n<div class=\"wp-block-media-text is-stacked-on-mobile\"><figure class=\"wp-block-media-text__media\"><img decoding=\"async\" loading=\"lazy\" width=\"1014\" height=\"637\" src=\"https:\/\/lifesavers.a.land\/wp-content\/uploads\/2023\/10\/Bildschirmfoto-2023-10-11-um-16.37.37-1.png\" alt=\"\" class=\"wp-image-654 size-full\" srcset=\"https:\/\/lifesavers.a.land\/wp-content\/uploads\/2023\/10\/Bildschirmfoto-2023-10-11-um-16.37.37-1.png 1014w, https:\/\/lifesavers.a.land\/wp-content\/uploads\/2023\/10\/Bildschirmfoto-2023-10-11-um-16.37.37-1-300x188.png 300w, https:\/\/lifesavers.a.land\/wp-content\/uploads\/2023\/10\/Bildschirmfoto-2023-10-11-um-16.37.37-1-768x482.png 768w\" sizes=\"(max-width: 1014px) 100vw, 1014px\" \/><\/figure><div class=\"wp-block-media-text__content\">\n<ul>\n<li>Durch spitze Gegenst\u00e4nde verursacht<\/li>\n\n\n\n<li>Kleine oberfl\u00e4chliche Eintrittswunde, aber tiefer Stich in den K\u00f6rper.<\/li>\n\n\n\n<li>Schlecht einsch\u00e4tzbare innere Verletzungen<\/li>\n\n\n\n<li>Gr\u00f6ssere Infektionsgefahr durch den Stichgegenstand<\/li>\n<\/ul>\n<\/div><\/div>\n\n\n\n<p><strong>Bisswunden<\/strong><\/p>\n\n\n\n<div class=\"wp-block-media-text is-stacked-on-mobile\"><figure class=\"wp-block-media-text__media\"><img decoding=\"async\" loading=\"lazy\" width=\"964\" height=\"620\" src=\"https:\/\/lifesavers.a.land\/wp-content\/uploads\/2023\/10\/Bildschirmfoto-2023-10-11-um-16.38.08.png\" alt=\"\" class=\"wp-image-655 size-full\" srcset=\"https:\/\/lifesavers.a.land\/wp-content\/uploads\/2023\/10\/Bildschirmfoto-2023-10-11-um-16.38.08.png 964w, https:\/\/lifesavers.a.land\/wp-content\/uploads\/2023\/10\/Bildschirmfoto-2023-10-11-um-16.38.08-300x193.png 300w, https:\/\/lifesavers.a.land\/wp-content\/uploads\/2023\/10\/Bildschirmfoto-2023-10-11-um-16.38.08-768x494.png 768w\" sizes=\"(max-width: 964px) 100vw, 964px\" \/><\/figure><div class=\"wp-block-media-text__content\">\n<ul>\n<li>Entstehen durch Bisse von Menschen oder Tieren<\/li>\n\n\n\n<li>Meist wie Riss- oder Quetschwunden, bei scharfen Z\u00e4hnen z.B. Schlangenbisse sind es wie Stichwunden<\/li>\n\n\n\n<li>K\u00f6nnen unterschiedlich schwer sein, von leichten oberfl\u00e4chlichen Verletzungen, bis zu tiefe Sch\u00e4digungen<\/li>\n\n\n\n<li>Infektionsgefahr extrem hoch wegen der Bakterien im Speichel<\/li>\n<\/ul>\n<\/div><\/div>\n\n\n\n<p class=\"has-tiny-font-size\">Bildquelle: <a href=\"https:\/\/www.dcbp.unibe.ch\/e39511\/e111125\/e113243\/e113588\/SkriptVersionAugust2007_ger.pdf\">https:\/\/www.dcbp.unibe.ch\/e39511\/e111125\/e113243\/e113588\/SkriptVersionAugust2007_ger.pdf<\/a><\/p>\n","protected":false},"excerpt":{"rendered":"<p>Wunden k\u00f6nnen durch verschiedenste Ereignisse entstehen. Egal ob durch Glasscherben, Schl\u00e4ge, St\u00fcrze oder Sch\u00fcrfungen, wenn Wunden entstehen, besteht eine Infektionsgefahr. &nbsp;Ganz im Allgemeinen ist eine Wunde eine Sch\u00e4digung oder Verletzung der Haut oder eines Gewebes im K\u00f6rper. Einige Wundarten Eine Wunde ist nicht immer gleich. Je nach Ereignis k\u00f6nnen verschiedene Arten von Wunden entstehen. Schnittwunden: [&hellip;]<\/p>\n","protected":false},"author":1,"featured_media":0,"parent":706,"menu_order":3,"comment_status":"closed","ping_status":"closed","template":"","meta":{"footnotes":""},"_links":{"self":[{"href":"https:\/\/lifesavers.a.land\/index.php?rest_route=\/wp\/v2\/pages\/563"}],"collection":[{"href":"https:\/\/lifesavers.a.land\/index.php?rest_route=\/wp\/v2\/pages"}],"about":[{"href":"https:\/\/lifesavers.a.land\/index.php?rest_route=\/wp\/v2\/types\/page"}],"author":[{"embeddable":true,"href":"https:\/\/lifesavers.a.land\/index.php?rest_route=\/wp\/v2\/users\/1"}],"replies":[{"embeddable":true,"href":"https:\/\/lifesavers.a.land\/index.php?rest_route=%2Fwp%2Fv2%2Fcomments&post=563"}],"version-history":[{"count":5,"href":"https:\/\/lifesavers.a.land\/index.php?rest_route=\/wp\/v2\/pages\/563\/revisions"}],"predecessor-version":[{"id":816,"href":"https:\/\/lifesavers.a.land\/index.php?rest_route=\/wp\/v2\/pages\/563\/revisions\/816"}],"up":[{"embeddable":true,"href":"https:\/\/lifesavers.a.land\/index.php?rest_route=\/wp\/v2\/pages\/706"}],"wp:attachment":[{"href":"https:\/\/lifesavers.a.land\/index.php?rest_route=%2Fwp%2Fv2%2Fmedia&parent=563"}],"curies":[{"name":"wp","href":"https:\/\/api.w.org\/{rel}","templated":true}]}}