{"id":679,"date":"2023-10-12T15:01:49","date_gmt":"2023-10-12T15:01:49","guid":{"rendered":"https:\/\/lifesavers.a.land\/?page_id=679"},"modified":"2023-10-23T05:08:53","modified_gmt":"2023-10-23T05:08:53","slug":"theorie","status":"publish","type":"page","link":"https:\/\/lifesavers.a.land\/?page_id=679","title":{"rendered":"Schlaganfall"},"content":{"rendered":"\n<p><strong>Ein Schlaganfall (auch Hirnschlag, Insult und Apoplexie) ist ein akut auftretender medizinischer Notfall, der so schnell wie m\u00f6glich behandelt werden muss. Durch eine Durchblutungsst\u00f6rung im Gehirn folgt ein Sauerstoff- und N\u00e4hrstoffmangel. Dies f\u00fchrt schlussendlich zum Absterben von Hirngewebe, was schwere Folgen mit sich tragen kann.<\/strong><\/p>\n\n\n\n<p><\/p>\n\n\n\n<p>F\u00fcr den Patienten und den Menschen im Umfeld tritt ein Schlaganfall pl\u00f6tzlich auf und wird entweder durch einen Gef\u00e4ssverschluss oder durch Hirnblutungen ausgel\u00f6st. <\/p>\n\n\n\n<h4 class=\"wp-block-heading\"><strong>Isch\u00e4mischer Schlaganfall (Hirninfarkt)<\/strong><\/h4>\n\n\n\n<div class=\"wp-block-media-text is-stacked-on-mobile\"><figure class=\"wp-block-media-text__media\"><img decoding=\"async\" src=\"https:\/\/www.cholesterin-neu-verstehen.de\/-\/media\/amgenone\/chnv_de\/rewamp\/folgen\/arteriosklerose\/was-passiert-in-den-gefaben.svg?w=659&amp;hash=1205F8A05506833A0E5908A0FE97328F22C7B356\" alt=\"\"\/><\/figure><div class=\"wp-block-media-text__content\">\n<p>Diese Art von Schlaganfall entsteht, wenn ein Blutgef\u00e4ss im Gehirn durch etwas verstopft wird und so die Blutversorgung zum Hirngewebe blockiert ist. Ausl\u00f6ser sind Gef\u00e4ssverkalkungen (Arteriosklerose), die sich mit den Jahren und aus diversen Gr\u00fcnden in den Blutgef\u00e4ssen gebildet haben und Blutgerinnsel verursachen oder Blutgerinnsel, die sich im Herz bilden und ins Gehirn gelangen.<\/p>\n\n\n\n<p class=\"has-tiny-font-size\">Quelle: https:\/\/www.cholesterin-neu-verstehen.de\/folgen\/arteriosklerose<\/p>\n<\/div><\/div>\n\n\n\n<h4 class=\"wp-block-heading\">H\u00e4morrhagischer Schlaganfall<\/h4>\n\n\n\n<p>Bei einem h\u00e4morrhagischen Schlaganfall ist der Blutdruck im Gef\u00e4ss, meist durch Hochblutdruck \u00fcber l\u00e4ngere Zeit, schon so stark belastet, dass das Blutgef\u00e4ss dem Druck nicht standhalten kann und somit platzt oder Blut austritt. So entsteht eine Hirnblutung, die das umliegende Hirngewebe verdr\u00e4ngt. So entstehen schwere, irreversible Sch\u00e4den.<\/p>\n\n\n\n<p><\/p>\n\n\n\n<h4 class=\"wp-block-heading\">Ursachen<\/h4>\n\n\n\n<ul>\n<li>Gef\u00e4ssverkalkungen (Arteriosklerose)<\/li>\n\n\n\n<li>Blutgerinnsel in den Gef\u00e4ssen im Gehirn(z.B. vom Herz aus)<\/li>\n\n\n\n<li>chronischer Bluthochdruck<\/li>\n\n\n\n<li>Riss von Gef\u00e4ss-Missbildungen im Gehirn<\/li>\n\n\n\n<li>Starker Schlag auf den Kopf (Trauma)<\/li>\n<\/ul>\n\n\n\n<p><\/p>\n\n\n\n<h4 class=\"wp-block-heading\">Symptome<\/h4>\n\n\n\n<ul>\n<li>Balancest\u00f6rungen<\/li>\n\n\n\n<li>Pupillendifferenz (unterschiedliche Gr\u00f6sse der Pupillen)<\/li>\n\n\n\n<li>Sehst\u00f6rungen<\/li>\n\n\n\n<li>Halbseitenl\u00e4hmung (h\u00e4ngende Gesichtsh\u00e4lfte, Arm- und\/oder Beinschw\u00e4che)<\/li>\n\n\n\n<li>Taubheitsgef\u00fchl<\/li>\n\n\n\n<li>Desorientierung, Erinnerungs- und Wortfindungsst\u00f6rungen<\/li>\n\n\n\n<li>verwaschene Sprache<\/li>\n\n\n\n<li>Kopfschmerzen <\/li>\n\n\n\n<li>Unwohlsein<\/li>\n\n\n\n<li>Schluckst\u00f6rungen<\/li>\n<\/ul>\n\n\n\n<p><\/p>\n\n\n\n<h4 class=\"wp-block-heading\">Untersuchung BE-FAST Schema<\/h4>\n\n\n\n<p>Zum Feststellen, ob eine Person an einem Schlaganfall leidet, ist das BE-FAST Schema eine sehr praktische Untersuchungsmethode. Das Schema funktioniert folgenderweise:<\/p>\n\n\n\n<p><strong>B<\/strong>alance: L\u00e4uft die Person komisch? Hat sie eine Gleichgewichtsst\u00f6rung und ist der Gang auf eine Seite geneigt?<\/p>\n\n\n\n<p><strong>E<\/strong>yes: Sieht die Person nicht gut (Sehst\u00f6rung oder Sehverlust)? Liegt eine Pupillendifferenz vor (Unterschiedliche Pupillengr\u00f6sse durch Hirndruck)?<\/p>\n\n\n\n<p><strong>F<\/strong>ace: Ist eine Gesichtsseite einseitig verzogen (Person zum Lachen auffordern)?<\/p>\n\n\n\n<p><strong>A<\/strong>rms: Kann die Person, nach Auffordern, nur ein Arm gut heben und halten?<\/p>\n\n\n\n<p><strong>S<\/strong>peech: Ist die Aussprache der Person verwaschen oder undeutlich?<\/p>\n\n\n\n<p><strong>T<\/strong>ime: Falls die Fragen zutreffen, muss so schnell wie m\u00f6glich gehandelt werden. Jede Sekunde z\u00e4hlt bei einem Schlaganfall.<\/p>\n\n\n\n<p><\/p>\n\n\n\n<h4 class=\"wp-block-heading\">Behandlung<\/h4>\n\n\n\n<ul>\n<li>Nach Erkennung oder Verdacht auf einen Schlaganfall, muss so schnell wie m\u00f6glich alarmiert werden. Je l\u00e4nger es braucht, bis die Person professionell im Spital behandelt wird, desto mehr irreversible Sch\u00e4den entstehen im Gehirn.<\/li>\n\n\n\n<li>Patient nach Verlangen lagern. Am besten den Oberk\u00f6rper leicht erh\u00f6ht lagern und Sturzgefahr vermeiden.<\/li>\n\n\n\n<li>Keine Nahrungsmittel und Fl\u00fcssigkeiten geben, wegen der Schluckst\u00f6rungen.<\/li>\n\n\n\n<li>Den Patienten \u00fcberwachen und psychologisch betreuen. Bei Bewusstlosigkeit in die Seitenlagerung stellen.<\/li>\n<\/ul>\n","protected":false},"excerpt":{"rendered":"<p>Ein Schlaganfall (auch Hirnschlag, Insult und Apoplexie) ist ein akut auftretender medizinischer Notfall, der so schnell wie m\u00f6glich behandelt werden muss. Durch eine Durchblutungsst\u00f6rung im Gehirn folgt ein Sauerstoff- und N\u00e4hrstoffmangel. Dies f\u00fchrt schlussendlich zum Absterben von Hirngewebe, was schwere Folgen mit sich tragen kann. F\u00fcr den Patienten und den Menschen im Umfeld tritt ein [&hellip;]<\/p>\n","protected":false},"author":1,"featured_media":0,"parent":677,"menu_order":0,"comment_status":"closed","ping_status":"closed","template":"","meta":{"footnotes":""},"_links":{"self":[{"href":"https:\/\/lifesavers.a.land\/index.php?rest_route=\/wp\/v2\/pages\/679"}],"collection":[{"href":"https:\/\/lifesavers.a.land\/index.php?rest_route=\/wp\/v2\/pages"}],"about":[{"href":"https:\/\/lifesavers.a.land\/index.php?rest_route=\/wp\/v2\/types\/page"}],"author":[{"embeddable":true,"href":"https:\/\/lifesavers.a.land\/index.php?rest_route=\/wp\/v2\/users\/1"}],"replies":[{"embeddable":true,"href":"https:\/\/lifesavers.a.land\/index.php?rest_route=%2Fwp%2Fv2%2Fcomments&post=679"}],"version-history":[{"count":12,"href":"https:\/\/lifesavers.a.land\/index.php?rest_route=\/wp\/v2\/pages\/679\/revisions"}],"predecessor-version":[{"id":829,"href":"https:\/\/lifesavers.a.land\/index.php?rest_route=\/wp\/v2\/pages\/679\/revisions\/829"}],"up":[{"embeddable":true,"href":"https:\/\/lifesavers.a.land\/index.php?rest_route=\/wp\/v2\/pages\/677"}],"wp:attachment":[{"href":"https:\/\/lifesavers.a.land\/index.php?rest_route=%2Fwp%2Fv2%2Fmedia&parent=679"}],"curies":[{"name":"wp","href":"https:\/\/api.w.org\/{rel}","templated":true}]}}