{"id":68,"date":"2023-08-20T22:49:06","date_gmt":"2023-08-20T22:49:05","guid":{"rendered":"https:\/\/lifesavers.a.land\/?page_id=68"},"modified":"2023-10-23T04:52:05","modified_gmt":"2023-10-23T04:52:05","slug":"druckverband","status":"publish","type":"page","link":"https:\/\/lifesavers.a.land\/?page_id=68","title":{"rendered":"Blutstillung und Wundversorgung"},"content":{"rendered":"\n<p>Die Blutstillung und die Behandlung von Wunden sind wichtige Massnahmen, um den Verlust vom Blutvolumen und der Infektionen entgegenzuwirken.<\/p>\n\n\n\n<p>Eines der wichtigsten Punkte bei der Blutstillung und der Wundbehandlung ist es, so steril und sorgf\u00e4ltig wie m\u00f6glich zu arbeiten. So minimiert man die Infektionsgefahr und das Risiko, an einer Sepsis (Blutvergiftung) zu leiden.<\/p>\n\n\n\n<p><strong>Druck auf die Blutung<\/strong><\/p>\n\n\n\n<p>Wenn man keine Hilfsmittel zur Verf\u00fcgung hat und eine st\u00e4rkere Blutung hat, ist eine manuelle Druckaus\u00fcbung die beste L\u00f6sung. Dabei nimmt man einfach die Hand (am besten m\u00f6glichst sauber) und dr\u00fcckt stark auf die Wunde, sodass es nicht mehr allzu viel weiter bluten kann.<\/p>\n\n\n\n<p><strong>Druckverband<\/strong><\/p>\n\n\n\n<p>Ein Druckverband kommt bei starken arteriellen Blutungen zum Einsatz. Hierf\u00fcr wird das gleiche Prinzip verwendet wie beim direkten Druck auf die Wunde. <\/p>\n\n\n\n<div class=\"wp-block-media-text is-stacked-on-mobile\"><figure class=\"wp-block-media-text__media\"><img decoding=\"async\" src=\"https:\/\/vorschriften.bgn-branchenwissen.de\/daten\/dguv\/204_006\/10.gif\" alt=\"\"\/><\/figure><div class=\"wp-block-media-text__content\">\n<p>Wichtig ist hier der Druck auf die Wunde, die durch das Druckpolster erreicht wird. Daf\u00fcr sind viele Gegenst\u00e4nde geeignet,  ziemlich viel kann verwendet werden, wie z.B. ein Taschentuchpack.<\/p>\n\n\n\n<p class=\"has-tiny-font-size\"><a href=\"https:\/\/vorschriften.bgn-branchenwissen.de\/daten\/dguv\/204_006\/7.htm\">https:\/\/vorschriften.bgn-branchenwissen.de\/daten\/dguv\/204_006\/7.htm<\/a><\/p>\n<\/div><\/div>\n\n\n\n<ol>\n<li>Falls m\u00f6glich mit zwei Helfer: zuf\u00fchrende Arterie zur Blutungsquelle abdr\u00fccken und der betroffene Teil hochlagern.<\/li>\n\n\n\n<li>Wundauflage auf die Wunde legen.<\/li>\n\n\n\n<li>Mit einer Binde die Wundauflage befestigen.<\/li>\n\n\n\n<li>Druckpolster auf die Wundauflage legen.<\/li>\n\n\n\n<li>Mit der Binde das Druckpolster so befestigen, dass ein gen\u00fcgend grosser Druck auf die Wunde ausge\u00fcbt wird. Dabei sollte man m\u00f6glichst versuchen einen grossen Druck auf der Blutungsseite zu erreichen und auf der anderen Seite es lockerer haben, dass es nicht total abgebunden wird.<\/li>\n<\/ol>\n\n\n\n<p>Falls es durch den Druckverband durchblutet, sollte man ein zweites Druckpolster auf der Druckstelle des Verbandes legen.<\/p>\n\n\n\n<figure class=\"wp-block-embed is-type-video is-provider-youtube wp-block-embed-youtube wp-embed-aspect-16-9 wp-has-aspect-ratio\"><div class=\"wp-block-embed__wrapper\">\n<iframe loading=\"lazy\" title=\"013B Erste Hilfe Starke Blutung - Druckverband\" width=\"500\" height=\"281\" src=\"https:\/\/www.youtube.com\/embed\/9LpRUoKFlNk?feature=oembed\" frameborder=\"0\" allow=\"accelerometer; autoplay; clipboard-write; encrypted-media; gyroscope; picture-in-picture; web-share\" allowfullscreen><\/iframe>\n<\/div><figcaption class=\"wp-element-caption\">https:\/\/youtu.be\/9LpRUoKFlNk?si=HmP2BdJiVMS4WQUI<\/figcaption><\/figure>\n\n\n\n<p><strong>Abdr\u00fccken der Arterie<\/strong><\/p>\n\n\n\n<p>Mit dieser Massnahme wird die Blutung durch Abdr\u00fccken der zuf\u00fchrenden Arterie zum Stillstand gebracht. Wichtig ist jedoch, dass der Helfer weiss, wo die geeignete Stelle ist! Auch zu beachten ist, dass die Blutungsquelle m\u00f6glichst \u00fcber der Herzh\u00f6he gebracht werden sollte (hochlagern).<\/p>\n\n\n\n<div class=\"wp-block-media-text is-stacked-on-mobile\" style=\"grid-template-columns:21% auto\"><figure class=\"wp-block-media-text__media\"><img decoding=\"async\" src=\"data:image\/jpeg;base64,\/9j\/4AAQSkZJRgABAQAAAQABAAD\/2wCEAAoHCBYVEhYVEhUZFBQYGBgYEhgYGRoYGhgYGBoaHBkYGBkcIS4mHiErJBoYJzgmLD0xNTU4HCQ+QDs0TS40NT8BDAwMEA8QGBIRGDQdGh00MTE0MTQxMTE0MTQxMTE0NDExMTExPzE0PzQxNDE\/PzQ\/NDQ\/MT80NDE\/NDE0ND8\/NP\/AABEIAQgAvwMBIgACEQEDEQH\/xAAbAAEAAgMBAQAAAAAAAAAAAAAABQYBAwQCB\/\/EAEYQAAICAQIDBQQGCQIBDQEAAAECAAMRBBIFITEGE0FRYSIycYEUI0JSgqEVJDNicpGSsdFzonQ1Q0RTVGODk7O0wdLhNP\/EABcBAQEBAQAAAAAAAAAAAAAAAAABAgP\/xAAcEQEBAQEBAAMBAAAAAAAAAAAAARECMRIhUUH\/2gAMAwEAAhEDEQA\/APs0REBERAREQEREBERAxODinEkor32ZOWCIqgs1jscKqKOZJ\/IZJ5DM7zKgNSluqs1drY0+lLUafkWBsyFutwuc4OEBxyw\/nCya6dTxHXOn1Wnr05ZeT6i0OUJ6A11ggn8X85XNRZe1vc28SFeorVcp3taI9lm7aFKKpDjbkI4cYYcjPem4NdriLdU7nT\/SHs06WMc90HOwGpVXGVA5uWIB6Az3xnsxXVQQGBS2\/TrcndVAMHurQgELlQV2g45nHWVfi4H4nr6nOnN9r6lmA0wP0VlbduKtYAA2wbWyw8AOQJE+oJ059fH4zg0PB9PSSaaa62PUqoDHkB73XoAPlJGRKzERCEREBERAREQEREBERAREQEREBERAwZR9PaE0Gpob2XqstoO3ILNdZuqI8SXFqZPnmXiUrimnZeLUbQTXeBY\/3Q+mrsUlvPIsrx5FJY1z6kuG0LTqLaa1CVsldqIowqsS6vtA5Aeyh5eJJ8Zr7X1btFcwJDVgXV4OMvUQ6BvQsBmbtZmvVVWcytg7hx90+06OD4ZIZT\/EvlNXas\/qdg8HatGPQBXtRWJ8hgnMrd8qxUklQTyJAJHrjnNs8gY6T1MuRERAREQEREBERAREQEREBERAREQEREDEr\/GlzrdDjqp1Dsf3e6K4\/qdP5SwGU\/jh1F2sQaIIX0mHsNpYI\/fqy9zleYO3DbsHHs9ecLEtxepmrUKCzCylhjqAtiFj8hmQ3afWtYtml09Ft9g7prCmwJWDYrAMzsMsVQnaM+GcZnXreMX0ILNRpStII710tR+7UnBdlOCVGeeMn0nNw7jFNC6261xvOqde7zmzcipXXWqDmSwQMPPeDK1b9fSUq7Q\/WIl2nv0\/eNtrawVlGfmQm6t22khSRnGfyk7KfwdH1ugsp1hZNStji3mpaiwObKSuOXsqayp8ZL9neJtdWUuAXU1Hu9Sg5DeOjqPuOBuU+Rx1BkYTUREBERAREQEREBERAREQEREBERAREQMGVDTKTrNe\/wBJOnK2UgrivaUFKFXYupPPLDkQPZlwlR7RJXRql1lunFyd0Ki4RGdHLr3fvdFYsRuzyOM8oHniP0W1Wr1Wv71GGGrWytAwPQHuwHPwzPXZQpbUbG222JZbUtzIO9ZEchd5I3BsYznGcZ8ZJJqNQ2e7qq06+Jsfcw+KV8v90ieyzMb9eXeux+\/QM1I218q1AGMkhx0bJPRfhLF59dR+o4ijdK9Wmxv9epd1Z+LVh1z19hZ67QKtF9GsDCsB1o1JPuvS+Qu8+G1ypDHpuYeM29odG1unYV\/tkZbaDnH1lZ3KM+RwVPoxkhw\/VpqdOligNXagJVhnkw9pWB8uYIPlFXqZXeOk9Ss\/oW7Tc+HuDX\/2W4nuwPKmwZar4e0vkBNtHaetWCapX0b9B3wArY5x7Fw9hs8sDIPMcpGVhieFcEZByPOe4CIiAiIgIiICIiAiIgIiICIiAmnUULYjI4DKwIZSMgg9QRN0QPnvaLsWF0upNTg\/Vsy76lezCrlU73IZsAbQW3HGBky18NSsVIaVVK2RWRUUKoDAEYAko65BB6EYPzlc7JZGhoRjlkTu2Pma2KE\/7ZY3ymRIPg\/6trLNOeVN+7UaXyV8\/rFQ8uZVwP3m8pOSK7Q6Nnp3Vft6mF2n\/jTmE9A43IfRpWupsWETXdSrqVZQynqGAIPxBkT2f7SUaxc0thwAXrYFXXPmrYJGcjPTlJuZcldbs13R3aC1tKevd\/tNOx8jU3uD+ApOvhmtuZ2r1NPduoyLEbfTYD9xjhg3mrDl4E9ZLzGIGYiICIiAiIgIiICIiAiIgIiICIiBiVns3hRqawc93q7genLvCLvD\/V\/OWeVrSDZxHVV9BYlOoHqfaqf5+wn5Sxrn1MTEzErqqdfB0bU3aZia2\/8A6tDchCvV3hxaiHxVXBYqcg94MyW0HGHrsXT67C2NkUXKMVagDwHM7bPND157ciae0H1dmm1Q5d1cK7T\/AN1qPq2B5dA5qb8Ak5r9DXfWa7lDo3vBhkcuYI8iDzB6jElcupldmZmVdE1Wj5DdrdKOQBP6zUvoScXqB54fl9oyY4ZxSrUJvpcMByYdGU+Kup9pWHkcGRlIREQEREBERAREQEREBERAREQEREBK32hPdanSag8l3tprDnkFvxsJH8aVj8Rlkkfxnh41FFlJO3euFYdVYc1ceqsAflBHqZkdwHXm6gNYAtqM1d6j7NtZ2vj0JG4ejCSE07y65eJaNbqbKW6OjKfDG4YBB8wfGZ7M603aSp398LstA8LKyUsH9SmdUjOzC7W1iD3V1VjL6d4qWN\/udpKx2n8SH1\/AqrbBaN1N6kYtqOxyB9lzghl8MMCPLoDJmJHMiIgIiICIiAiIgIiICIiAiIgIiICYmYgVrTJs4jqVAwttVN3xdd1bn+lapMSLZ88ScD7GlTd\/4lj7cf8AltJOajrz4zIvgb7dZrayeZaq5R+49YTP9VTSUkJxM9zq9NqfsvnS39AAthDVufg6hfxyHXi0RIPVdp9MjFO9D2DGUqVrnGemVrDEfE8p4PavTK2213obltF1dlZbPQJuXDH0GTI5J+YzK+\/aTe2zS6e3UHxbb3VS8s87LMZ\/CGnn6Brbjm\/ULp05Zr0y7mx4g32DPzVVMCW1\/EaqE332JUvm7BRz6AZ6n0jh3EEvTvEDBMkKXRkLY+0AwB2nwPjOTQ9nNPU29a91nP6yxmtfnzPtuSQPQYHpJfEDMREBERAREQEREBERAREQExMxAra\/8qaj\/hdN\/wCpqJLyKKbeJWHrv0tefTu7LP794f5TdxTiK0VvY59xGc8iTgdTgDJA8hz6zUdefHfI3tDw\/wCk6O+nxetwvo2MqR8wJx6LU6xq07rSIi7QAdRcEcjHJtlaPjPXBIM3rwS+3P0vUELzAq026lMH71mS7H4FR6SF6mO7s4a20lL01pUllaOERQiguoJAAA8ZKkTk4boK6K1qoQV1ryVR0H+fjOyRyImprACASAScDPieuB58gf5Tl13FaKBm65KxyHtuq8z0ABPMwO+YlfHadXz9G0+p1HhlajWh\/HdsBHqMzo0es1Tuu\/TLShzv33KzjlyACAjr6wJmIiAiIgIiICIiAiIgIiICIiBX7SDxIgdRpRn0zacZ+OD\/ACkf2rDmnUrWNzPQFI8SpF+7HrjpOrh7d5rtZYvuotOmz4F6w7uR8DaF+Kmdmu0YsIDLuQq6OM4yGwRz+II\/FNR0niN4Tcjqg0mvctsUql22wuuPeKMFc\/FTiSb8P1D8rNTtXxFFfdsfPLszkfhwfWVXR8TK\/qetrW8VkLRuCpa9aAbXQMdtjrg7gpVht5KcyYru0u3B1d1Y8a7LXrcemHw\/5zLnie0WgrpB7sHLY3szM7MR0LMxJPX851M2Bk8h4+kguGW6ZXzTXZuYYa1qrgCAM+1a69PnONlbiDsMleHqSpxkNqnU+0M+FIIxy98g+HUNZ0w4letjb10dJYaco7IdRY3svYChBCKNyg59rcx6YzOaLgWmpO6mitHOMuEBc4+859o\/MzvrrCqFUBQAAABgADkAB4CbYGMRiZiAiYkKeN77XTT1Nd3bFbHyEqVxglN7e8wz9kHB5EiBNRmRH6Qv6fRhn\/WXHz9nOflNffatueNPV6Hfaf6hsH94xcqbzGZW9ZxPVVoQaO+bK4so5gAsMlqmO4YGehbOJm+578swtp06KWI9pLrWAz0U70UAe7yZiegA5sPjVjzEqnBeK3dyhWp70cB6LDZWMVuNwW4s2dy+6SA2cA+ckeDdoa9Rt2K6llLrvXCuqkK5RgcMFYgZHI5BGQcwYm4kbXxrTl+7XUVGzONgsQtk55AZyTyPKSIhGYiICcHF9eunotuf3a0ZseJwOSj1JwB8Z3ypdpXe++vTUqr92V1OpVmKgqjZqrJAOCzDdzB5Jz6wO3s9o2p0qK+O8bNlxHPNtrF7OZ5kbmIHoBJORlfGq87bs6d+m272AT+4\/uP+En4CSSnPTn8Of9pp1mY4dZoEtZktrWyt09tXUMpZTyOD44PXryHkJyafg9tXLT6qxa\/sJai3bPRWbDY9CTJoieS4HUj+cFkVfTcLa3V26fXai7UKK67alLCpHRiyurpUFDAMo5HOQwzmXKqsKoVQFUDCgDAAHQADwlc47WytXqqB3lmn3bkU87KXA7xFx9r2VZR4lceMnNBrkurWypgyMNykeXr5EdCPCSudmV2RESIREQIbtPr2o0tjVkC1ttdGef1trBK+Xj7TA\/IzxouFpXp104HsKu1sEgsTku5YHO4sSxPXJzOXiB7\/AF9VQ516ZfpFvkbH3JSpHQ4Asbn47DJjEsb5iL7PXu1JW1t71WWUs\/TeEYhXPqV259czdruIrXZRVtLPe5RAMDARS7uxPgFHzJAnFwm0prNZS55syairOcFHrVGC+e1qznH3xNtulJ4hVYyFlXT2KjeCOXQuCfAsu3H8LecrTaONUG5KVdWdxZtweX1RAcZ88kj5GSMrul7Or3obUIlqojrVuAYKz3u5ZQehINfw24zLHCxpXTqqlUAUHccAcgWyScfEk\/OcGi4JWunoptRLO5rWtSy56KoYjPntBMlYgxzvoq2TuzWhrxt2bRtx5YxNXA3Ze8pdiwqYd0zHLGp1DIGPiVO5MnmdgJyTO2RDXPVq3sepjSyV1h0BsbehdssigkL7eAefMHOORkrPU+lkiRum41p3OFvrLfdLhW5eaHBH8p2vYqqWJAUAknPIAcycyObi4xxZNNX3lmTkhURRud3PuoijqxkdwDQtWjPdj6Re\/e6jByFYgBa1P3UXCj4E+JnJwSs6mw660Z3bhoUPMV0HktgB+24wxPgCB6ywSx055\/rDoCMMAw8QRkH5GcJ4Jp\/CpV89mUz8dpGZIRK3iO\/QlH3M+hdyPmN3OehwbTD\/AKPX\/Qp\/+J3RBkcDcE0x\/wCZRT4FBsYfBkwR8pErpjw1mtrNj6N2Lams5dqWbH16H3inI715nnuHQyzTBhLzropuV1VkYMrAMrKcgg8wQR1E2ypXaK3SM1uiBeknddpPDmfafTH7DY57PdY9Np6z3CuKVaivvKXDDow6MjDqjqeasPFTzEmOVmJCJiZkRWOzoDNqreps1NgJznC1YqVfgNhPxYyZkT2Y\/YN\/xGq\/9xZJaadufEN2hoJ7u2vlqK2J0\/h3mRl6GPQB1XHPkCFPhJTTXq6K6e6yhl88HzHn4TVxTSmyl0Q7XIzU33bF9pG+TBZz9ndWlumR0XZuLmxM5KW7j3iHnyIbdyhP6k4mJmGiIiAiIgar9OjjFiK4\/eUN\/cSK1\/ZnTW1PWENKuCGNTFOvXKj2WHoQQZMxCZFfOs1OlH6wn0nTjpbQm2xFH\/WUg+0MeKf0yY0WsS6tbKXWxG91lOQf8H06idErnF9J9GLa3TDaF9vWVKcJdWB7b7RyFiqCwYe9twfCEzFkieUcEAjmCAR8CMieoaIiICIiBiRmu4HW7m1C2nvIx31R2ucdAwIKuOZ5MD1kpMGEs1C\/S9dR+0rXW1j7VWKrsebVu2xuWc7SPRZYNJqBYiuFZAwztdSrD0ZTzBmKk8TOjElcupJfpW+zB+pcdCup1QYeR79z\/Yg\/OS8hKD9H11tTe5qj31DeHeqgW2v47UVx5+15GTcrrz4zIw8KC3NdSxrZyO\/XAZLcctzL1D45BgR4ZzgSSmYLFf0\/ETpWNOq3Cnd+rahvaQo3Na7WHuOp9nLYDADnnMnbLMKWwSACcKCxOBn2QOZPoIsQMCrAMpGGBGQR5EHkRIijvqkNdNGUQkVvdaFATwA2h2KqMjJwcAQniR0WsS1NyEkZwwYFWVhjKsrAFTzHI+c6ZF8CYMtji1Lnd91hqIZEYIqBFPXkqLzPMnPTpN3E+JLRXuIZiWCVomCz2HoijONx9eQ5k8oNd0SBUcQcbidNpufJCtmobHhuIZFB8wMj1ntdPrwc\/SNM37v0exM\/i744\/lC6m4kVt1v39L\/TZ\/8AaaBw7VuPrNaE8xp6UXl5brS5+YxBqX1F6Ipex1RQMszsFUAdSSeUrmv1ja5W0+kU\/R3GzUalgVQ1n31oyPrGZcjePZGc5OJIU9m9OG32K2ocHIe92tIPmob2U\/CBJfH\/AOQn3WEUAADoAAPgJ6iIaIiICIiAmytM8z0ma6\/EzfI59dfgBMxEjCG7TcP77TsEbZahFtD\/AHbUO5CceBPIjxBM5uA8YXU1k42XIduoqJ9qtx1BB5lT1VuhBEmtb+zf+Eyp63haWOrnclq+5ZW5RwPLcPeH7rZERZcWeJV6tTrkAQNRqF8LLC9bgfvoiFXPqNs3niGsUj6vT2DxAexGx5gspHyl10+UWCJAfpvU9PoRB6ZN9Wz48jux8szweIa1s4TTVjPIM9lhI9cKoB\/nB8o6uP1adEa66pXYAKoUbXsZiAlYII3FjgYPL+UiuH9j0Zkv1SrXaBladOTVXUDnAJTDWPg4LMefPAE9cKtt1er3ahFRdHlQqPvR9Q653gkA+zWwAB6F28gZbJSTVffg11OW0eockc+51LtdW2PAOxLofAEEgeU7eD8XW8MrKar6yBfSxyyE+6R95GxlWHI\/lJOQnHtA+U1OmH6xUCNucC6onL0t4c8AqfBgPMwZibic3D9al9SW1nKOoYZGCPMMPAg5BHgROmFIiIUiIgIiZAzAwJurr856SvHqZsk1z66\/GYiJGCIiBz679m\/8JkDLFbXuUqehGJx\/otfvN+X+IETElv0Wv3m\/L\/EfotfvN+X+IETPNjhVLNyCgsT6AZMmP0Wv3m\/L\/Eh+1mhVNDqWVmB7lwDy5blK5\/OBjsfRt0dbsMPduvfPXdcxfB\/hUqv4ZOTXSgVFUdFVQPgABPcrtPGYiJVV6pPo2t2Ly0+r3Mo6BNSgy4UeG9MtgeKE+JlhkL2spLaR3QEvRt1FeOu+g7wPmFK49TJam0OiuvusoZfgwyISNkREKRPa1k+k3LWBIzepGhaiZ0BcT1EjnerWYiIQiIgIiICIiAiIgJqupV1KuoZT1UgEHx5gxEDDUg9OU1mkxENTqx5KnymNp8pmJpvXl69wIIyCCCMdQeRkf2Z0j16OitwVatAh3dcISoJ+IAPziJGb1UstPmZsVAPCIkZtrZERCEREBERAREQERED\/2Q==\" alt=\"\"\/><\/figure><div class=\"wp-block-media-text__content\">\n<p>Hier wird der Arm an der Arteria Brachialis abgedr\u00fcckt und hochgelagert. So kann das Blut schlecht austreten.<\/p>\n<\/div><\/div>\n\n\n\n<p class=\"has-tiny-font-size\"><a href=\"https:\/\/www.thieme-connect.de\/products\/ebooks\/lookinside\/10.1055\/b-0034-53075\">https:\/\/www.thieme-connect.de\/products\/ebooks\/lookinside\/10.1055\/b-0034-53075<\/a><\/p>\n\n\n\n<p><strong>Abbinden<\/strong><\/p>\n\n\n\n<p>Bei dieser Massnahme wird eine Extremit\u00e4t so abgebunden, dass kein Blut mehr fliessen kann. Jedoch sollte das Abbinden nur bei lebensbedrohlichen Blutungen angewendet werden, falls keine gen\u00fcgende Blutstillung mit anderen Methoden erreicht wird.<\/p>\n\n\n\n<p>Tipp: Mit einem Gurt ist das Abbinden auch gut m\u00f6glich!<\/p>\n\n\n\n<p><\/p>\n\n\n\n<p><strong>Wundversorgung<\/strong><\/p>\n\n\n\n<p>Bei verschiedenen Wunden besteht eine unterschiedliche Infektionsgefahr. Wichtig ist, dass man m\u00f6glichst steril arbeitet, mit sterilem Verbandsmaterial und folgende Schritte befolgt:<\/p>\n\n\n\n<ol>\n<li>H\u00e4nde gr\u00fcndlich waschen oder desinfizieren, ggf. Schutzhandschuhe tragen.<\/li>\n\n\n\n<li><strong>S\u00e4uberung:<\/strong> Wunde mit sauberen T\u00fcchern (oder sterilen Wundreinigungst\u00fccher) reinigen. Zudem sollte die Wunde auch mit einer NaCl-L\u00f6sung bei kleineren Wunden oder sauberen, k\u00fchlen bis lauwarmen Wasser ges\u00e4ubert werden.<\/li>\n\n\n\n<li><strong>Fremdk\u00f6rper entfernen: <\/strong>Wenn die Wunde stark verschmutzt ist, k\u00f6nnen kleinere Fremdk\u00f6rper mit  einer Pinzette entfernt werden. Stecken gr\u00f6ssere Fremdk\u00f6rper in der Wunde, sollten diese nur von Fachpersonal entfernt werden, da diese gr\u00f6ssere Blutungen verursachen k\u00f6nnten. <\/li>\n\n\n\n<li><strong>Wunde trockentupfen.<\/strong><\/li>\n\n\n\n<li><strong>Desinfektion:<\/strong> Mit Wunddesinfektionsmittel die Wunde behandeln, um Keime abzut\u00f6ten.<\/li>\n\n\n\n<li><strong>Abdecken:<\/strong> Die Wunde mit Pflaster oder Verb\u00e4nden steril abdecken, sodass die Wunde vor Verletzungen gesch\u00fctzt ist und Keime nicht in die Wunde gelangen.<\/li>\n<\/ol>\n","protected":false},"excerpt":{"rendered":"<p>Die Blutstillung und die Behandlung von Wunden sind wichtige Massnahmen, um den Verlust vom Blutvolumen und der Infektionen entgegenzuwirken. Eines der wichtigsten Punkte bei der Blutstillung und der Wundbehandlung ist es, so steril und sorgf\u00e4ltig wie m\u00f6glich zu arbeiten. So minimiert man die Infektionsgefahr und das Risiko, an einer Sepsis (Blutvergiftung) zu leiden. Druck auf [&hellip;]<\/p>\n","protected":false},"author":1,"featured_media":0,"parent":706,"menu_order":1,"comment_status":"closed","ping_status":"closed","template":"","meta":{"footnotes":""},"_links":{"self":[{"href":"https:\/\/lifesavers.a.land\/index.php?rest_route=\/wp\/v2\/pages\/68"}],"collection":[{"href":"https:\/\/lifesavers.a.land\/index.php?rest_route=\/wp\/v2\/pages"}],"about":[{"href":"https:\/\/lifesavers.a.land\/index.php?rest_route=\/wp\/v2\/types\/page"}],"author":[{"embeddable":true,"href":"https:\/\/lifesavers.a.land\/index.php?rest_route=\/wp\/v2\/users\/1"}],"replies":[{"embeddable":true,"href":"https:\/\/lifesavers.a.land\/index.php?rest_route=%2Fwp%2Fv2%2Fcomments&post=68"}],"version-history":[{"count":14,"href":"https:\/\/lifesavers.a.land\/index.php?rest_route=\/wp\/v2\/pages\/68\/revisions"}],"predecessor-version":[{"id":810,"href":"https:\/\/lifesavers.a.land\/index.php?rest_route=\/wp\/v2\/pages\/68\/revisions\/810"}],"up":[{"embeddable":true,"href":"https:\/\/lifesavers.a.land\/index.php?rest_route=\/wp\/v2\/pages\/706"}],"wp:attachment":[{"href":"https:\/\/lifesavers.a.land\/index.php?rest_route=%2Fwp%2Fv2%2Fmedia&parent=68"}],"curies":[{"name":"wp","href":"https:\/\/api.w.org\/{rel}","templated":true}]}}