{"id":704,"date":"2023-10-16T22:12:01","date_gmt":"2023-10-16T22:12:01","guid":{"rendered":"https:\/\/lifesavers.a.land\/?page_id=704"},"modified":"2023-10-17T04:21:01","modified_gmt":"2023-10-17T04:21:01","slug":"herzinfarkt","status":"publish","type":"page","link":"https:\/\/lifesavers.a.land\/?page_id=704","title":{"rendered":"Herzinfarkt"},"content":{"rendered":"\n<p><strong>Ein Herzinfarkt ist eine lebensbedrohliche Situation, bei dem Bereiche vom Herzmuskel nicht mehr durchblutet werden. Dadurch stirbt das Gewebe ab und das Herz kann seine Funktion nicht mehr erf\u00fcllen. <\/strong><\/p>\n\n\n\n<p><\/p>\n\n\n\n<h4 class=\"wp-block-heading\">Ursache<\/h4>\n\n\n\n<p>Die h\u00e4ufigste Ursache eines Herzinfarktes ist eine Verstopfung des Herzkranzgef\u00e4sses durch ein Blutgerinnsel. Dies tritt auf, wenn man an einer Koronaren Herzerkrankung leidet, da die Blutgef\u00e4sse durch die Arteriosklerose verengt sind und bei Blutgerinnsel Teile des Herzkranzgef\u00e4sses v\u00f6llig von der Blutversorgung abgeschnitten sind. So wird ein Teil des Herzmuskels nicht mit Sauerstoff versorgt und das Gewebe stirbt ab. <\/p>\n\n\n\n<p>Ein Herzinfarkt kann zu schwereren Komplikationen f\u00fchren, wie z.\u00a0B. Herzrhythmusst\u00f6rungen, verminderte Herzleistung, Herzinsuffizienz (Herz pumpt zu wenig Blut) und Blutgerinnsel, die zum Schlaganfall f\u00fchren.<\/p>\n\n\n\n<p><\/p>\n\n\n\n<h4 class=\"wp-block-heading\">Symptome<\/h4>\n\n\n\n<p>Viele Symptome sind im Zusammenhang charakteristisch f\u00fcr einen Herzinfarkt, jedoch treten diese nicht immer alle auf.<\/p>\n\n\n\n<ul>\n<li>Starke ausstrahlende Schmerzen von Brust- und Herzbereich zu den Armen, Schulter, R\u00fccken, Kopfbereich oder Bauch<\/li>\n\n\n\n<li>Engegef\u00fchl im Brustbereich<\/li>\n\n\n\n<li>Blasse Gesichtsfarbe<\/li>\n\n\n\n<li>Kaltschweissigkeit<\/li>\n\n\n\n<li>starke Angst<\/li>\n\n\n\n<li>Schwindel und \u00dcbelkeit<\/li>\n\n\n\n<li>Atemnot<\/li>\n<\/ul>\n\n\n\n<p><\/p>\n\n\n\n<h4 class=\"wp-block-heading\">Behandlung<\/h4>\n\n\n\n<ul>\n<li>Nach Erkennung sofort alarmieren<\/li>\n\n\n\n<li>Enge Kleiderst\u00fccke lockern oder ausziehen<\/li>\n\n\n\n<li>Falls die Person in einem Raum ist, unbedingt f\u00fcr frische Luft sorgen<\/li>\n\n\n\n<li>Person beruhigen und schonend den Oberk\u00f6rper hochlagern<\/li>\n\n\n\n<li>F\u00fcr Ruhe sorgen<\/li>\n\n\n\n<li>Auf den W\u00e4rmeerhalt schauen, falls die Person kalt hat<\/li>\n\n\n\n<li>Kreislauf \u00fcberwachen.<\/li>\n<\/ul>\n\n\n\n<figure class=\"wp-block-embed is-type-video is-provider-youtube wp-block-embed-youtube wp-embed-aspect-16-9 wp-has-aspect-ratio\"><div class=\"wp-block-embed__wrapper\">\n<iframe loading=\"lazy\" title=\"006B Erste Hilfe Herzinfarkt\" width=\"500\" height=\"281\" src=\"https:\/\/www.youtube.com\/embed\/sk8XXhcLaF8?feature=oembed\" frameborder=\"0\" allow=\"accelerometer; autoplay; clipboard-write; encrypted-media; gyroscope; picture-in-picture; web-share\" allowfullscreen><\/iframe>\n<\/div><figcaption class=\"wp-element-caption\">https:\/\/youtu.be\/sk8XXhcLaF8?si=MONemeCkB6l5qXev<\/figcaption><\/figure>\n","protected":false},"excerpt":{"rendered":"<p>Ein Herzinfarkt ist eine lebensbedrohliche Situation, bei dem Bereiche vom Herzmuskel nicht mehr durchblutet werden. Dadurch stirbt das Gewebe ab und das Herz kann seine Funktion nicht mehr erf\u00fcllen. Ursache Die h\u00e4ufigste Ursache eines Herzinfarktes ist eine Verstopfung des Herzkranzgef\u00e4sses durch ein Blutgerinnsel. Dies tritt auf, wenn man an einer Koronaren Herzerkrankung leidet, da die [&hellip;]<\/p>\n","protected":false},"author":1,"featured_media":0,"parent":0,"menu_order":6,"comment_status":"closed","ping_status":"closed","template":"","meta":{"footnotes":""},"_links":{"self":[{"href":"https:\/\/lifesavers.a.land\/index.php?rest_route=\/wp\/v2\/pages\/704"}],"collection":[{"href":"https:\/\/lifesavers.a.land\/index.php?rest_route=\/wp\/v2\/pages"}],"about":[{"href":"https:\/\/lifesavers.a.land\/index.php?rest_route=\/wp\/v2\/types\/page"}],"author":[{"embeddable":true,"href":"https:\/\/lifesavers.a.land\/index.php?rest_route=\/wp\/v2\/users\/1"}],"replies":[{"embeddable":true,"href":"https:\/\/lifesavers.a.land\/index.php?rest_route=%2Fwp%2Fv2%2Fcomments&post=704"}],"version-history":[{"count":5,"href":"https:\/\/lifesavers.a.land\/index.php?rest_route=\/wp\/v2\/pages\/704\/revisions"}],"predecessor-version":[{"id":720,"href":"https:\/\/lifesavers.a.land\/index.php?rest_route=\/wp\/v2\/pages\/704\/revisions\/720"}],"wp:attachment":[{"href":"https:\/\/lifesavers.a.land\/index.php?rest_route=%2Fwp%2Fv2%2Fmedia&parent=704"}],"curies":[{"name":"wp","href":"https:\/\/api.w.org\/{rel}","templated":true}]}}