{"id":706,"date":"2023-10-16T22:16:13","date_gmt":"2023-10-16T22:16:13","guid":{"rendered":"https:\/\/lifesavers.a.land\/?page_id=706"},"modified":"2023-10-23T04:55:18","modified_gmt":"2023-10-23T04:55:18","slug":"blutungen-2","status":"publish","type":"page","link":"https:\/\/lifesavers.a.land\/?page_id=706","title":{"rendered":"Blutungen"},"content":{"rendered":"\n<p><strong>Blutungen kommen durch Verletzungen eines Blutgef\u00e4sses zustande und k\u00f6nnen unterschiedlich gravierend sein. In einigen F\u00e4llen sind die Blutungen lebensbedrohlich und in anderen F\u00e4llen nur geringf\u00fcgige Beeintr\u00e4chtigungen<\/strong><\/p>\n\n\n\n<p><\/p>\n\n\n\n<h4 class=\"wp-block-heading\">Unser Blut<\/h4>\n\n\n\n<p>Das Blut ist lebensnotwendig f\u00fcr Menschen und Tiere. Es hat wichtige Aufgaben wie den Sauerstoff-, Kohlendioxid-, Hormon- und N\u00e4hrstofftransport, die Abfallentsorgung, die Blutgerinnung, die Immunabwehr, die Temperaturregulation und die Regelung des S\u00e4ure-Base-Haushaltes. <\/p>\n\n\n\n<p>Unser Blut besteht aus Erythrozyten (Rote Blutk\u00f6rperchen), Leukozyten (Weisse Blutk\u00f6rperchen), Thrombozyten (Blutpl\u00e4ttchen) und dem Blutplasma. Das Blutvolumen eines Menschen liegt meistens bei ca. 4.5-6 L (70-75 ml Blut pro Kilogramm K\u00f6rpergewicht). Dies unterscheidet sich je nach Alter, Geschlecht und K\u00f6rpergr\u00f6sse. Schon ab ca. 1 L Blutverlust wird es gef\u00e4hrlich. Dabei h\u00e4ngt die \u00dcberlebenschance davon ab, wie schnell man Blut verliert und wie die eigene k\u00f6rperliche Verfassung ist. Aus diesem Grund muss man bei starken Blutungen sofort handeln.<\/p>\n\n\n\n<p><\/p>\n\n\n\n<h4 class=\"wp-block-heading\">Unterscheidung Blutungen<\/h4>\n\n\n\n<p><strong>Innere Blutung:<\/strong><\/p>\n\n\n\n<p>Blutungen im K\u00f6rperinneren k\u00f6nnen sehr schnell gef\u00e4hrlich werden, da sie \u00e4usserlich oft schwer erkennbar sind. Sie k\u00f6nnen zu betr\u00e4chtlichem Blutverlust f\u00fchren, Organsch\u00e4den ausl\u00f6sen, herausfordernd in der Ersten-Hilfe und medizinischen Behandlung sein und Infektionen ausl\u00f6sen.<\/p>\n\n\n\n<p>M\u00f6gliche Ursachen f\u00fcr innere Blutungen k\u00f6nnen Trauma, Erkrankungen oder Besch\u00e4digungen der Blutgef\u00e4sse nach medizinischen Behandlungen sein.<\/p>\n\n\n\n<p><strong>\u00c4ussere Blutung:<\/strong><\/p>\n\n\n\n<p>Diese Art von Blutung tritt auf, wenn Blut aus dem K\u00f6rper austritt und von aussen sichtbar ist. Durch z.B. offen Wunden, Sch\u00fcrfungen, Schnittverletzungen oder Amputationen tritt diese Blutung auf. Als Laie kann man \u00e4ussere Blutungen besser mit Erste-Hilfe-Massnahmen z.B. mittels Anlegens von Druckverb\u00e4nden, Tourniquets oder Pflastern.<\/p>\n\n\n\n<p><strong>Arterielle Blutung:<\/strong><\/p>\n\n\n\n<p>Arterielle Blutungen werden durch eine verletzte Arterie verursacht. Da arterielles Blut mit hohem Druck vom Herzen gepumpt wird, spritzt und pulsiert die Blutung. Es kann so schnell viel Blut verloren gehen.<\/p>\n\n\n\n<p><strong>Ven\u00f6se Blutung:<\/strong><\/p>\n\n\n\n<p>Ven\u00f6se Blutungen werden durch eine verletzte Vene verursacht. Ven\u00f6ses Blut ist im K\u00f6rperkreislauf sauerstoffarm und hat einen dunkelroten Farbton. Das Blut tritt gleichm\u00e4ssiger aus und pulsiert weniger, so f\u00fchrt es auch zu einem geringeren Blutverlust im Vergleich zu den arteriellen Blutungen. Da viele Venen direkt unterhalb der Haut liegen, besteht ein gr\u00f6sseres Verletzungsrisiko als bei den tieferliegenden Arterien.<\/p>\n\n\n\n<p><strong>Kapill\u00e4re Blutung:<\/strong><\/p>\n\n\n\n<p>Wenn Blut aus den Kapillargef\u00e4ssen austritt, bezeichnet man dies als kapill\u00e4re Blutung. Oberfl\u00e4chlichen Gewebeverletzungen wie leichte Sch\u00fcrfwunden oder Kratzer, die keine gr\u00f6sseren Blutgef\u00e4sse beinhalten, sind eher kleine und wenig starke kapill\u00e4re Blutungen. Diese k\u00f6nnen in der Regel einfach gestoppt werden.<\/p>\n\n\n\n<p><\/p>\n\n\n\n<h4 class=\"wp-block-heading\">Folgeprobleme<\/h4>\n\n\n\n<p>Auch Blutungen selbst k\u00f6nnen noch zu weiteren Problemen f\u00fchren. Bei starkem Blutverlust z.B. sinken der Blutdruck und das zirkulierende Blut drastisch. Dies f\u00fchrt folglich zu einem hypovol\u00e4mischen Schock, wird der nicht rechtzeitig behandelt, kommt es schlussendlich zum Multiorganversagen und zum Tod.<\/p>\n\n\n\n<p>Andere Beispiele f\u00fcr Folgen w\u00e4ren:<\/p>\n\n\n\n<ul>\n<li>Neurologische Probleme bei Hirnblutungen<\/li>\n\n\n\n<li>Infektionen<\/li>\n\n\n\n<li><em>An\u00e4mie<\/em><\/li>\n\n\n\n<li><em>Sepsis<\/em><\/li>\n\n\n\n<li>Atemprobleme bei Blutungen in der Lunge oder im Brustbereich<\/li>\n\n\n\n<li>Narbenbildungen, die z.B. zu Funktionsst\u00f6rungen von Organgewebe f\u00fchren k\u00f6nnten<\/li>\n\n\n\n<li>Herz-Kreislauf-Probleme, die durch ein zu geringes Blutvolumen (nicht gen\u00fcgend Sauerstoff f\u00fcr das Herz) ausgel\u00f6st werden<\/li>\n\n\n\n<li>Organentz\u00fcndungen, die durch das ausgetretene Blut verursacht wird<\/li>\n<\/ul>\n\n\n\n<div class=\"wp-block-buttons is-content-justification-right is-layout-flex wp-container-1 wp-block-buttons-is-layout-flex\">\n<div class=\"wp-block-button\"><a class=\"wp-block-button__link wp-element-button\" href=\"https:\/\/lifesavers.a.land\/?page_id=228\">Zur \u00dcBUNG<\/a><\/div>\n<\/div>\n","protected":false},"excerpt":{"rendered":"<p>Blutungen kommen durch Verletzungen eines Blutgef\u00e4sses zustande und k\u00f6nnen unterschiedlich gravierend sein. In einigen F\u00e4llen sind die Blutungen lebensbedrohlich und in anderen F\u00e4llen nur geringf\u00fcgige Beeintr\u00e4chtigungen Unser Blut Das Blut ist lebensnotwendig f\u00fcr Menschen und Tiere. Es hat wichtige Aufgaben wie den Sauerstoff-, Kohlendioxid-, Hormon- und N\u00e4hrstofftransport, die Abfallentsorgung, die Blutgerinnung, die Immunabwehr, die Temperaturregulation [&hellip;]<\/p>\n","protected":false},"author":1,"featured_media":0,"parent":0,"menu_order":7,"comment_status":"closed","ping_status":"closed","template":"","meta":{"footnotes":""},"_links":{"self":[{"href":"https:\/\/lifesavers.a.land\/index.php?rest_route=\/wp\/v2\/pages\/706"}],"collection":[{"href":"https:\/\/lifesavers.a.land\/index.php?rest_route=\/wp\/v2\/pages"}],"about":[{"href":"https:\/\/lifesavers.a.land\/index.php?rest_route=\/wp\/v2\/types\/page"}],"author":[{"embeddable":true,"href":"https:\/\/lifesavers.a.land\/index.php?rest_route=\/wp\/v2\/users\/1"}],"replies":[{"embeddable":true,"href":"https:\/\/lifesavers.a.land\/index.php?rest_route=%2Fwp%2Fv2%2Fcomments&post=706"}],"version-history":[{"count":3,"href":"https:\/\/lifesavers.a.land\/index.php?rest_route=\/wp\/v2\/pages\/706\/revisions"}],"predecessor-version":[{"id":812,"href":"https:\/\/lifesavers.a.land\/index.php?rest_route=\/wp\/v2\/pages\/706\/revisions\/812"}],"wp:attachment":[{"href":"https:\/\/lifesavers.a.land\/index.php?rest_route=%2Fwp%2Fv2%2Fmedia&parent=706"}],"curies":[{"name":"wp","href":"https:\/\/api.w.org\/{rel}","templated":true}]}}