{"id":721,"date":"2023-10-17T05:48:57","date_gmt":"2023-10-17T05:48:57","guid":{"rendered":"https:\/\/lifesavers.a.land\/?page_id=721"},"modified":"2023-10-17T12:43:27","modified_gmt":"2023-10-17T12:43:27","slug":"vergiftung-intoxikation","status":"publish","type":"page","link":"https:\/\/lifesavers.a.land\/?page_id=721","title":{"rendered":"Vergiftung (Intoxikation)"},"content":{"rendered":"\n<p><strong>Giftige Substanzen kommen in unserem Alltag \u00fcberall vor. Ob Chemikalien, Pflanzen, Gase oder sogar Lebensmittel, alle diese k\u00f6nnen zu leichten bis schweren Vergiftungen f\u00fchren. Aus diesem Grund sollte man wissen, wann man es mit einer Vergiftung zu tun hat.<\/strong><\/p>\n\n\n\n<p>Generell wird zwischen akuten und chronischen Vergiftungen unterscheiden. Einige Giftstoffe entfalten schnell ihre Wirkung im K\u00f6rper und bei anderen sch\u00e4digen die Giftstoffe \u00fcber l\u00e4ngerer Zeit den K\u00f6rper, wie z.\u00a0B. exzessiver Alkoholkonsum die Leber sch\u00e4digt. <\/p>\n\n\n\n<p>Zu beachten ist dabei, dass bei vielen Sachen, die aufgenommene Dosis entscheidend ist. Je mehr von einem Giftstoff aufgenommen wird, desto h\u00f6her ist der Schaden, der dieser Stoff anrichten kann. Giftstoffe k\u00f6nnen dabei folgende Probleme anrichten:<\/p>\n\n\n\n<ul>\n<li>Neurologische Sch\u00e4den und negative Auswirkung auf das Nervensystem.<\/li>\n\n\n\n<li>Ausl\u00f6sen einer Entz\u00fcndungs- oder Autoimmunreaktion.<\/li>\n\n\n\n<li>Tachykardie oder Bradykardie, die zu einer L\u00e4hmung oder einem Krampfanfall f\u00fchrt.<\/li>\n\n\n\n<li>Atemstillstand<\/li>\n\n\n\n<li>Organversagen<\/li>\n\n\n\n<li>Stoffwechselst\u00f6rungen<\/li>\n<\/ul>\n\n\n\n<p><\/p>\n\n\n\n<h4 class=\"wp-block-heading\">Symptome<\/h4>\n\n\n\n<ul>\n<li>\u00dcbelkeit, Unwohlsein und Erbrechen<\/li>\n\n\n\n<li>Herz-Kreislaufst\u00f6rungen (z.\u00a0B. unregelm\u00e4ssiger oder zu schneller Herzschlag)<\/li>\n\n\n\n<li>Durchfall<\/li>\n\n\n\n<li>Sehst\u00f6rungen<\/li>\n\n\n\n<li>L\u00e4hmungen oder Krampfanf\u00e4lle<\/li>\n\n\n\n<li>Bewusstseinsst\u00f6rungen z.\u00a0B. Bewusstlosigkeit oder Benommenheit<\/li>\n\n\n\n<li>Schmerzen im K\u00f6rper v.a Kopfschmerzen<\/li>\n\n\n\n<li>Autoimmunreaktionen<\/li>\n\n\n\n<li>Innere Blutungen (Blut erbrechen oder Stuhlgang mit Blut)<\/li>\n<\/ul>\n\n\n\n<p><\/p>\n\n\n\n<h4 class=\"wp-block-heading\">Anamnese<\/h4>\n\n\n\n<p>Wichtig zum Feststellen sind folgenden Punkte:<\/p>\n\n\n\n<ul>\n<li>Was wurde aufgenommen?<\/li>\n\n\n\n<li>Wann wurde es aufgenommen?<\/li>\n\n\n\n<li>Wie gross war die Menge?<\/li>\n\n\n\n<li>Wie wurde es aufgenommen (z.\u00a0B. \u00fcber die Haut)?<\/li>\n\n\n\n<li>Aus welchem Grund wurde es aufgenommen?<\/li>\n<\/ul>\n\n\n\n<p>Auch sollte man, wenn m\u00f6glich, Proben des Giftstoffes sichern f\u00fcr Feststellung, falls es unklar ist.<\/p>\n\n\n\n<p><\/p>\n\n\n\n<h4 class=\"wp-block-heading\">Hilfeleistung<\/h4>\n\n\n\n<ul>\n<li>145 ToxInfo anrufen f\u00fcr Auskunft und Hilfeleistungen bei Vergiftungen. <\/li>\n\n\n\n<li>144 Anrufen, falls man bei der Vergiftungssituation medizinische Hilfe braucht.<\/li>\n\n\n\n<li>Anweisungen vom Notruf oder ToxInfo befolgen oder falls vorhanden, Gegenmittel verabreichen.<\/li>\n\n\n\n<li>Patienten betreuen, \u00fcberwachen und beruhigen.<\/li>\n<\/ul>\n\n\n\n<p><strong>WICHTIG:<\/strong> Ohne fachliche Unterst\u00fctzung oder Anweisungen, keine Nahrungsmittel, Fl\u00fcssigkeiten oder Mittel verabreichen, wenn man nicht weiss, was man macht. Sonst k\u00f6nnte man die Giftwirkung verst\u00e4rken.<\/p>\n","protected":false},"excerpt":{"rendered":"<p>Giftige Substanzen kommen in unserem Alltag \u00fcberall vor. Ob Chemikalien, Pflanzen, Gase oder sogar Lebensmittel, alle diese k\u00f6nnen zu leichten bis schweren Vergiftungen f\u00fchren. Aus diesem Grund sollte man wissen, wann man es mit einer Vergiftung zu tun hat. Generell wird zwischen akuten und chronischen Vergiftungen unterscheiden. Einige Giftstoffe entfalten schnell ihre Wirkung im K\u00f6rper [&hellip;]<\/p>\n","protected":false},"author":1,"featured_media":0,"parent":0,"menu_order":4,"comment_status":"closed","ping_status":"closed","template":"","meta":{"footnotes":""},"_links":{"self":[{"href":"https:\/\/lifesavers.a.land\/index.php?rest_route=\/wp\/v2\/pages\/721"}],"collection":[{"href":"https:\/\/lifesavers.a.land\/index.php?rest_route=\/wp\/v2\/pages"}],"about":[{"href":"https:\/\/lifesavers.a.land\/index.php?rest_route=\/wp\/v2\/types\/page"}],"author":[{"embeddable":true,"href":"https:\/\/lifesavers.a.land\/index.php?rest_route=\/wp\/v2\/users\/1"}],"replies":[{"embeddable":true,"href":"https:\/\/lifesavers.a.land\/index.php?rest_route=%2Fwp%2Fv2%2Fcomments&post=721"}],"version-history":[{"count":2,"href":"https:\/\/lifesavers.a.land\/index.php?rest_route=\/wp\/v2\/pages\/721\/revisions"}],"predecessor-version":[{"id":724,"href":"https:\/\/lifesavers.a.land\/index.php?rest_route=\/wp\/v2\/pages\/721\/revisions\/724"}],"wp:attachment":[{"href":"https:\/\/lifesavers.a.land\/index.php?rest_route=%2Fwp%2Fv2%2Fmedia&parent=721"}],"curies":[{"name":"wp","href":"https:\/\/api.w.org\/{rel}","templated":true}]}}