{"id":73,"date":"2023-08-20T23:14:06","date_gmt":"2023-08-20T23:14:42","guid":{"rendered":"https:\/\/lifesavers.a.land\/?page_id=73"},"modified":"2023-10-23T05:03:55","modified_gmt":"2023-10-23T05:03:55","slug":"rechte-und-pflichten","status":"publish","type":"page","link":"https:\/\/lifesavers.a.land\/?page_id=73","title":{"rendered":"Gesetzliches und Pflichten"},"content":{"rendered":"\n<h2 class=\"wp-block-heading\">Nothilfe<\/h2>\n\n\n\n<p>In jeder Notsituation wird Hilfe ben\u00f6tigt, so kann man das Leiden der Betroffenen lindern oder sogar ihre Leben retten. Mit der Ersten Hilfe leistet man nicht nur etwas Gutes f\u00fcr Menschen in Not, sondern erf\u00fcllt auch seine gesetzlichen Pflichten. Denn in der Schweiz besteht eine allgemeine Hilfspflicht, wer in einer Notfallsituation keine Hilfe leistet, obwohl es ihm den Umst\u00e4nden nach zugemutet werden kann, begeht eine Straftat. Viele Menschen haben jedoch Angst Erste Hilfe zu leisten, da sie nichts falsch machen m\u00f6chten. Doch ist die Angst berechtigt?<\/p>\n\n\n\n<figure class=\"wp-block-image size-large\"><img decoding=\"async\" loading=\"lazy\" width=\"1024\" height=\"683\" src=\"https:\/\/lifesavers.a.land\/wp-content\/uploads\/2023\/09\/law-1024x683.jpg\" alt=\"\" class=\"wp-image-220\" srcset=\"https:\/\/lifesavers.a.land\/wp-content\/uploads\/2023\/09\/law-1024x683.jpg 1024w, https:\/\/lifesavers.a.land\/wp-content\/uploads\/2023\/09\/law-300x200.jpg 300w, https:\/\/lifesavers.a.land\/wp-content\/uploads\/2023\/09\/law-768x512.jpg 768w, https:\/\/lifesavers.a.land\/wp-content\/uploads\/2023\/09\/law-1536x1024.jpg 1536w, https:\/\/lifesavers.a.land\/wp-content\/uploads\/2023\/09\/law-2048x1365.jpg 2048w\" sizes=\"(max-width: 1024px) 100vw, 1024px\" \/><\/figure>\n\n\n\n<p>Im Schweizerischen Strafgesetzbuch ist die Unterlassung der Nothilfe unter Art. 128 (182) geregelt:<\/p>\n\n\n\n<p><em>\u00abWer einem Menschen, den er verletzt hat, oder einem Menschen, der in unmittelbarer Lebensgefahr schwebt, nicht hilft, obwohl es ihm den Umst\u00e4nden nach zugemutet werden k\u00f6nnte,<\/em><\/p>\n\n\n\n<p><em>wer andere davon abh\u00e4lt, Nothilfe zu leisten, oder sie dabei behindert,<\/em><\/p>\n\n\n\n<p><em>wird mit Freiheitsstrafe bis zu drei Jahren oder Geldstrafe bestraft.\u00bb<\/em><\/p>\n\n\n\n<p>In diesem Gesetzesartikel werden einige Punkte aufgegriffen<\/p>\n\n\n\n<ol type=\"1\">\n<li>Wenn man Personen in unmittelbarer Lebensgefahr sieht, muss man helfen.<\/li>\n\n\n\n<li>Die Nothilfe sollte der helfenden Person nach ihren F\u00e4higkeiten (z.B. Ausbildungen) und den umliegenden Gefahren zumutbar sein. (Auch gilt: Personen welche besonderen Ausbildungen genossen haben, unterstehen strengeren Anforderungen)<\/li>\n\n\n\n<li>Personen d\u00fcrfen nicht die Nothilfe von Helfer abhalten oder behindern.<\/li>\n<\/ol>\n\n\n\n<p>Werden diese gesetzlichen Regelungen nicht eingehalten, \u00ab<em>wird mit Freiheitsstrafe bis zu drei Jahren oder Geldstrafe bestraft.\u00bb<\/em><\/p>\n\n\n\n<p>Auch werden vors\u00e4tzliche, f\u00e4lschliche Alarme bestraft:<\/p>\n\n\n\n<p>Falscher Alarm Art. 128 (bis 183) StGB:<\/p>\n\n\n\n<p>\u00ab<em>Wer wider besseres Wissen grundlos einen \u00f6ffentlichen oder gemeinn\u00fctzigen Sicherheitsdienst, einen Rettungs- oder Hilfsdienst, insbesondere<\/em><\/p>\n\n\n\n<p><em>Polizei, Feuerwehr, Sanit\u00e4t, alarmiert, wird mit Freiheitsstrafe bis zu drei<\/em><\/p>\n\n\n\n<p><em>Jahren oder Geldstrafe bestraft.<\/em>\u00bb<\/p>\n\n\n\n<p><\/p>\n\n\n\n<h2 class=\"wp-block-heading\">Haftung der Helfer<\/h2>\n\n\n\n<p>Helfer, welche in guten Treuen ihr Bestes geben bei der Nothilfe, k\u00f6nnen nicht belangt werden. Auch wenn die Rettungsaktion scheitert und die Person sogar stirbt, wird man nicht belangt, denn man hat sein Bestes gegeben, mit der Intention einer hilfebed\u00fcrftigen Person zu helfen.<\/p>\n\n\n\n<p>Kann aber bewiesen werden, dass jemand grobes Verschulden begeht, vors\u00e4tzlich, fahrl\u00e4ssig handelt und der Person damit schadet oder der Tod auf die fahrl\u00e4ssige Handlung zur\u00fcckzuf\u00fchren ist, wird die Person bestraft. Als m\u00f6gliche Tatbest\u00e4nde k\u00e4men fahrl\u00e4ssige K\u00f6rperverletzung (Art. 125 Abs. 1 StGB) und fahrl\u00e4ssige T\u00f6tung (Art. 117 StGB) infrage.<\/p>\n\n\n\n<p><\/p>\n\n\n\n<h2 class=\"wp-block-heading\">Gaffer<\/h2>\n\n\n\n<p>In Notsituationen gibt es immer wieder schaulustige Gaffer, die m\u00f6glichst viel mit ihrem Smartphone filmen m\u00f6chten, die Betroffenen st\u00f6ren und Erste Hilfeleistende oder sogar Rettungskr\u00e4fte bei ihrer Hilfeleistung behindern. F\u00fcr Gafferdelikte gibt es kein eigenes Gesetz. Dies bedeutet jedoch nicht, dass Gaffer ungestraft davonkommen. Viele verschiedene Gesetze bestrafen Gaffer f\u00fcr ihre Handlungen.<\/p>\n\n\n\n<p>Unterlassung der Nothilfe Art. 128 StGB: \u00ab<em>wer andere davon abh\u00e4lt, Nothilfe zu leisten, oder sie dabei behindert, wird mit Freiheitsstrafe bis zu drei Jahren oder Geldstrafe bestraft.\u00bb<\/em><\/p>\n\n\n\n<p>Hinderung einer Amtshandlung Art. 286 StGB: \u00ab<em>Wer eine Beh\u00f6rde, ein Mitglied einer Beh\u00f6rde oder einen Beamten an einer Handlung hindert, die innerhalb ihrer Amtsbefugnisse liegt, wird mit Geldstrafe bis zu 30 Tagess\u00e4tzen bestraft.\u00bb<\/em><\/p>\n\n\n\n<p>Beachten der Signale, Markierungen und Weisungen Art. 27 SVG: \u00ab<em>Den Feuerwehr-, Sanit\u00e4ts-, Polizei- und Zollfahrzeugen ist beim Wahrnehmen der besonderen Warnsignale die Strasse sofort freizugeben. Fahrzeuge sind n\u00f6tigenfalls anzuhalten.<\/em>\u00bb<\/p>\n\n\n\n<p>Beim Fotografieren oder Filmen von Betroffenen k\u00f6nnen die Hersteller der Medien belangt werden, da eine Verletzung von Pers\u00f6nlichkeitsrechten besteht:<br>Art. 28 ZGB:<\/p>\n\n\n\n<p><em>\u00ab1 Wer in seiner Pers\u00f6nlichkeit widerrechtlich verletzt wird, kann zu<\/em><\/p>\n\n\n\n<p><em>seinem Schutz gegen jeden, der an der Verletzung mitwirkt, das Gericht anrufen.<\/em><\/p>\n\n\n\n<p><em>2 Eine Verletzung ist widerrechtlich, wenn sie nicht durch Einwilligung des Verletzten, durch ein \u00fcberwiegendes privates oder \u00f6ffentliches Interesse oder durch Gesetz gerechtfertigt ist.\u00bb<\/em><\/p>\n\n\n\n<p>Art. 15 Abs. 1 DSG: <em>\u00abKlagen zum Schutz der Pers\u00f6nlichkeit richten sich nach den Artikeln 28, 28a sowie 28l des Zivilgesetzbuchs22. Die klagende Partei kann insbesondere verlangen, dass die Datenbearbeitung gesperrt wird, keine Daten an Dritte bekannt gegeben oder die Personendaten berichtigt oder vernichtet werden.\u00bb<br><br><\/em>Zudem kann die Polizei Wegweisungen verh\u00e4ngen. Werden diese nicht geachtet, k\u00f6nnen Bussen von der Staatsanwaltschaft verh\u00e4ngt werden.<\/p>\n\n\n\n<p><\/p>\n\n\n\n<h2 class=\"wp-block-heading\">Fazit<\/h2>\n\n\n\n<p>In Notsituationen ist Erste Hilfe von jeder Person erw\u00fcnscht, die in guten Treuen handelt. Man sollte jeder Person in einer Notsituation helfen, auch wenn man Angst hat etwas falsch zu machen, denn <strong>NUR NICHTS TUN IST FALSCH<\/strong>. Das Mindeste, was man machen k\u00f6nnte, ist die Alarmierung.<\/p>\n\n\n\n<p class=\"has-tiny-font-size\">Bildquelle: Unsplash<\/p>\n","protected":false},"excerpt":{"rendered":"<p>Nothilfe In jeder Notsituation wird Hilfe ben\u00f6tigt, so kann man das Leiden der Betroffenen lindern oder sogar ihre Leben retten. Mit der Ersten Hilfe leistet man nicht nur etwas Gutes f\u00fcr Menschen in Not, sondern erf\u00fcllt auch seine gesetzlichen Pflichten. Denn in der Schweiz besteht eine allgemeine Hilfspflicht, wer in einer Notfallsituation keine Hilfe leistet, [&hellip;]<\/p>\n","protected":false},"author":1,"featured_media":0,"parent":70,"menu_order":0,"comment_status":"closed","ping_status":"closed","template":"","meta":{"footnotes":""},"_links":{"self":[{"href":"https:\/\/lifesavers.a.land\/index.php?rest_route=\/wp\/v2\/pages\/73"}],"collection":[{"href":"https:\/\/lifesavers.a.land\/index.php?rest_route=\/wp\/v2\/pages"}],"about":[{"href":"https:\/\/lifesavers.a.land\/index.php?rest_route=\/wp\/v2\/types\/page"}],"author":[{"embeddable":true,"href":"https:\/\/lifesavers.a.land\/index.php?rest_route=\/wp\/v2\/users\/1"}],"replies":[{"embeddable":true,"href":"https:\/\/lifesavers.a.land\/index.php?rest_route=%2Fwp%2Fv2%2Fcomments&post=73"}],"version-history":[{"count":5,"href":"https:\/\/lifesavers.a.land\/index.php?rest_route=\/wp\/v2\/pages\/73\/revisions"}],"predecessor-version":[{"id":823,"href":"https:\/\/lifesavers.a.land\/index.php?rest_route=\/wp\/v2\/pages\/73\/revisions\/823"}],"up":[{"embeddable":true,"href":"https:\/\/lifesavers.a.land\/index.php?rest_route=\/wp\/v2\/pages\/70"}],"wp:attachment":[{"href":"https:\/\/lifesavers.a.land\/index.php?rest_route=%2Fwp%2Fv2%2Fmedia&parent=73"}],"curies":[{"name":"wp","href":"https:\/\/api.w.org\/{rel}","templated":true}]}}