{"id":75,"date":"2023-08-20T23:15:06","date_gmt":"2023-08-20T23:15:37","guid":{"rendered":"https:\/\/lifesavers.a.land\/?page_id=75"},"modified":"2023-10-23T05:04:46","modified_gmt":"2023-10-23T05:04:46","slug":"gefahren-und-eigenschutz","status":"publish","type":"page","link":"https:\/\/lifesavers.a.land\/?page_id=75","title":{"rendered":"Gefahren und Eigenschutz"},"content":{"rendered":"\n<p>In jeder Notfallsituation ist man als betroffene Person oder als Helfer geschockt und voll mit Adrenalin. Man m\u00f6chte entweder sofort etwas machen oder ist \u00fcberw\u00e4ltigt vom Ereignis. Jedoch muss man in jeder Notfallsituationen sich auf Gefahren und Eigenschutz achten, da sonst m\u00f6glicherweise Patienten oder Helfer verletzt oder geschadet werden.<\/p>\n\n\n\n<p>In einer herausfordernden Situation hilf immer ein Schema mit einfachen Handlungsabl\u00e4ufen. So ist das Ampelschema das Beste, wenn man an einer Unfallstelle ankommt. Das Motto ist: \u00abSCHAUEN, DENKEN, HANDELN!\u00bb<\/p>\n\n\n\n<figure class=\"wp-block-image size-full is-resized\"><img decoding=\"async\" loading=\"lazy\" width=\"756\" height=\"677\" src=\"https:\/\/lifesavers.a.land\/wp-content\/uploads\/2023\/09\/Ampelschema.png\" alt=\"\" class=\"wp-image-500\" style=\"width:760px;height:677px\" srcset=\"https:\/\/lifesavers.a.land\/wp-content\/uploads\/2023\/09\/Ampelschema.png 756w, https:\/\/lifesavers.a.land\/wp-content\/uploads\/2023\/09\/Ampelschema-300x269.png 300w\" sizes=\"(max-width: 756px) 100vw, 756px\" \/><\/figure>\n\n\n\n<p>Wenn man an eine Notfallsituation ankommt, sollte man zuerst einen Schritt zur\u00fcck machen, bei Rot anfangen und die <strong>Situation \u00fcberblicken (schauen)<\/strong>. Falls man dies gemacht hat, geht man weiter zu Gelb und achtet sich auf die <strong>Gefahren (denken)<\/strong>. Hat man diese wahrgenommen, so geht man weiter zu Gr\u00fcn und <strong>handelt<\/strong>. Man achtet auf den Eigenschutz, r\u00e4umt allf\u00e4llige Gefahren weg, sichert die Unfallstelle und leistet erst dann Erste Hilfe!<\/p>\n\n\n\n<p><\/p>\n\n\n\n<h4 class=\"wp-block-heading\"><strong>Eigen- und Patientenschutz<\/strong><\/h4>\n\n\n\n<p>Kommt man in Notfallsituationen, liegen oft Gefahren vor, die einem selbst auch gef\u00e4hrden k\u00f6nnten. M\u00f6gliche Situationen oder Gefahren sind z.B. Hausbr\u00e4nde, Unf\u00e4lle im Strassenverkehr, Geb\u00e4ude, die einst\u00fcrzen k\u00f6nnten, Gase im Raum, Gifte oder Chemikalien oder elektrischer Strom. Je nach Gefahr, wird es nicht verlangt, dass man sich als Helfer in eine solche Lage begibt. Ist die Nothilfe situationsbedingt nicht zumutbar f\u00fcr den Helfer, so wird nur das mindeste M\u00f6gliche verlangt. So muss aber eine Alarmierung trotzdem in jeder Notsituation stattfinden.<\/p>\n\n\n\n<p>Um sich selbst und den Patienten zu sch\u00fctzen bei Erste-Hilfe-Leistungen sind folgende Punkte wichtig:<\/p>\n\n\n\n<ul>\n<li>R\u00e4umen Sie Gefahren aus dem Weg und sichern Sie Unfallstellen vor allem im Strassenverkehr.<\/li>\n\n\n\n<li>Kommt man in Kontakt mit K\u00f6rperfl\u00fcssigkeiten des Patienten, sollte man Einweghandschuhe und ggf. eine Schutzbrille verwenden.<\/li>\n\n\n\n<li>Wenn m\u00f6glich, sollte man die H\u00e4nde vor und nach der Behandlung waschen oder desinfizieren.<\/li>\n\n\n\n<li>Achten Sie darauf, dass Ihre Wunden nicht in Kontakt kommen mit K\u00f6rperfl\u00fcssigkeiten des Patienten.<\/li>\n\n\n\n<li>Generell sollte man als Helfer, falls man krank ist, eine Maske verwenden bei Behandlungen (sonst nicht auf die Wunde Atmen, Husten oder Niesen).<\/li>\n\n\n\n<li>Arbeiten Sie m\u00f6glichst steril bei Wunden und achten Sie auf eine sichere Abfallentsorgung des verschmutzten Materials.<\/li>\n<\/ul>\n\n\n\n<p class=\"has-tiny-font-size\">Quelle: Ampelschema Samariter<\/p>\n","protected":false},"excerpt":{"rendered":"<p>In jeder Notfallsituation ist man als betroffene Person oder als Helfer geschockt und voll mit Adrenalin. Man m\u00f6chte entweder sofort etwas machen oder ist \u00fcberw\u00e4ltigt vom Ereignis. Jedoch muss man in jeder Notfallsituationen sich auf Gefahren und Eigenschutz achten, da sonst m\u00f6glicherweise Patienten oder Helfer verletzt oder geschadet werden. In einer herausfordernden Situation hilf immer [&hellip;]<\/p>\n","protected":false},"author":1,"featured_media":0,"parent":70,"menu_order":2,"comment_status":"closed","ping_status":"closed","template":"","meta":{"footnotes":""},"_links":{"self":[{"href":"https:\/\/lifesavers.a.land\/index.php?rest_route=\/wp\/v2\/pages\/75"}],"collection":[{"href":"https:\/\/lifesavers.a.land\/index.php?rest_route=\/wp\/v2\/pages"}],"about":[{"href":"https:\/\/lifesavers.a.land\/index.php?rest_route=\/wp\/v2\/types\/page"}],"author":[{"embeddable":true,"href":"https:\/\/lifesavers.a.land\/index.php?rest_route=\/wp\/v2\/users\/1"}],"replies":[{"embeddable":true,"href":"https:\/\/lifesavers.a.land\/index.php?rest_route=%2Fwp%2Fv2%2Fcomments&post=75"}],"version-history":[{"count":5,"href":"https:\/\/lifesavers.a.land\/index.php?rest_route=\/wp\/v2\/pages\/75\/revisions"}],"predecessor-version":[{"id":825,"href":"https:\/\/lifesavers.a.land\/index.php?rest_route=\/wp\/v2\/pages\/75\/revisions\/825"}],"up":[{"embeddable":true,"href":"https:\/\/lifesavers.a.land\/index.php?rest_route=\/wp\/v2\/pages\/70"}],"wp:attachment":[{"href":"https:\/\/lifesavers.a.land\/index.php?rest_route=%2Fwp%2Fv2%2Fmedia&parent=75"}],"curies":[{"name":"wp","href":"https:\/\/api.w.org\/{rel}","templated":true}]}}