{"id":761,"date":"2023-10-18T02:12:54","date_gmt":"2023-10-18T02:12:54","guid":{"rendered":"https:\/\/lifesavers.a.land\/?page_id=761"},"modified":"2023-10-23T05:09:17","modified_gmt":"2023-10-23T05:09:17","slug":"fremdkorperaspiration-verschlucken","status":"publish","type":"page","link":"https:\/\/lifesavers.a.land\/?page_id=761","title":{"rendered":"Fremdk\u00f6rperaspiration (Verschlucken)"},"content":{"rendered":"\n<p><strong>Vielfach kommt es vor, dass wir uns beim Essen oder Trinken verschlucken. Dies kann sehr schnell auch lebensgef\u00e4hrlich werden, da hier die Atemwege blockiert werden k\u00f6nnen und so die Atmung unm\u00f6glich ist.<\/strong><\/p>\n\n\n\n<p><\/p>\n\n\n\n<div class=\"wp-block-media-text is-stacked-on-mobile\"><figure class=\"wp-block-media-text__media\"><img decoding=\"async\" src=\"https:\/\/www.medpertise.de\/upload\/cache\/width1024\/uploads\/media\/c\/v\/verlegte-atemwege.jpeg\" alt=\"\"\/><\/figure><div class=\"wp-block-media-text__content\">\n<p>Im Allgemeinen bedeutet die Fremdk\u00f6rperaspiration nichts anderes, als dass ein Fremdk\u00f6rper in die Atemwege gelangt. Kleinkinder sind dabei sehr anf\u00e4llig, da sie sehr vieles in den Mund nehmen. Andere Ursachen sind Verschlucken von Lebensmittel und Fl\u00fcssigkeiten, Schluckst\u00f6rungen oder Bewusstlosigkeit.<\/p>\n\n\n\n<p class=\"has-vivid-cyan-blue-color has-text-color has-tiny-font-size\">Quelle: https:\/\/www.medpertise.de\/luftroehrenschnitt-tracheotomie\/<\/p>\n<\/div><\/div>\n\n\n\n<h4 class=\"wp-block-heading\"><strong>Symptome<\/strong><\/h4>\n\n\n\n<p>Je nachdem, ob der Fremdk\u00f6rper die Atemwege komplett verlegt, treten unterschiedliche Symptome auf.<\/p>\n\n\n\n<ul>\n<li>Atemnot (Dyspnoe)<\/li>\n\n\n\n<li>Zyanose (Blauf\u00e4rbung am Gesicht und den H\u00e4nden)<\/li>\n\n\n\n<li>Fehlende Atmung<\/li>\n\n\n\n<li>Stridor (Atemger\u00e4usch, durch Verengung der Atemwege)<\/li>\n<\/ul>\n\n\n\n<p><\/p>\n\n\n\n<h4 class=\"wp-block-heading\"><strong>Behandlung<\/strong><\/h4>\n\n\n\n<p>Situation 1: Die betroffene Person kann noch atmen und husten.<\/p>\n\n\n\n<ol>\n<li>Fordern Sie die Person auf, zu husten.<\/li>\n\n\n\n<li>Entfernen Sie den Gegenstand im Mund, falls dieser hochgekommen ist.<\/li>\n\n\n\n<li>Falls der Fremdk\u00f6rper steckenbleibt und nicht herauskommt, alarmieren Sie den Rettungsdienst.<\/li>\n\n\n\n<li>Beruhigen Sie den Patienten.<\/li>\n<\/ol>\n\n\n\n<p><\/p>\n\n\n\n<p>Situation 2: Die Person kann nur schlecht bis gar nicht atmen und husten.<\/p>\n\n\n\n<ol>\n<li>Fordern Sie die Person dazu auf, stark zu husten.<\/li>\n\n\n\n<li>Falls der Fremdk\u00f6rper nicht hinauskommt oder kein Husten m\u00f6glich ist, klopfen sie 5 Mal stark zwischen den Schulterbl\u00e4ttern, w\u00e4hrend die Person nach vorne gebeugt ist und die Mundh\u00f6he tiefer ist.<\/li>\n\n\n\n<li>Bringen 5 Schl\u00e4ge nichts, wenden Sie den Heimlich-Griff 5 Male an. <\/li>\n\n\n\n<li>Wiederholen Sie die Schritte, bis der Fremdk\u00f6rper entfernt wird oder die Person bewusstlos ist.<\/li>\n<\/ol>\n\n\n\n<p>Wenn die zu behandelnde Person droht zu ersticken, sollte man so schnell wie m\u00f6glich die Schritte durchf\u00fchren. Bei einem Atemstillstand muss nach BLS-AED-Schema gehandelt werden.<\/p>\n\n\n\n<p><\/p>\n\n\n\n<h4 class=\"wp-block-heading\">Videos<\/h4>\n\n\n\n<figure class=\"wp-block-embed is-type-video is-provider-youtube wp-block-embed-youtube wp-embed-aspect-16-9 wp-has-aspect-ratio\"><div class=\"wp-block-embed__wrapper\">\n<iframe loading=\"lazy\" title=\"SIRMED - Heimlich Man\u00f6ver Kinder und Erwachsene\" width=\"500\" height=\"281\" src=\"https:\/\/www.youtube.com\/embed\/GmaTVLVxw0Q?feature=oembed\" frameborder=\"0\" allow=\"accelerometer; autoplay; clipboard-write; encrypted-media; gyroscope; picture-in-picture; web-share\" allowfullscreen><\/iframe>\n<\/div><figcaption class=\"wp-element-caption\">https:\/\/youtu.be\/GmaTVLVxw0Q?si=HBTiEskM2xgjlCkv<\/figcaption><\/figure>\n\n\n\n<figure class=\"wp-block-embed is-type-video is-provider-youtube wp-block-embed-youtube wp-embed-aspect-16-9 wp-has-aspect-ratio\"><div class=\"wp-block-embed__wrapper\">\n<iframe loading=\"lazy\" title=\"Verschlucken beim Baby und Kleinkind | Erste Hilfe im Notfall\" width=\"500\" height=\"281\" src=\"https:\/\/www.youtube.com\/embed\/iWTOOBXsszE?feature=oembed\" frameborder=\"0\" allow=\"accelerometer; autoplay; clipboard-write; encrypted-media; gyroscope; picture-in-picture; web-share\" allowfullscreen><\/iframe>\n<\/div><figcaption class=\"wp-element-caption\">https:\/\/youtu.be\/iWTOOBXsszE?si=sIKypMztWylWCL6c<\/figcaption><\/figure>\n","protected":false},"excerpt":{"rendered":"<p>Vielfach kommt es vor, dass wir uns beim Essen oder Trinken verschlucken. Dies kann sehr schnell auch lebensgef\u00e4hrlich werden, da hier die Atemwege blockiert werden k\u00f6nnen und so die Atmung unm\u00f6glich ist. Im Allgemeinen bedeutet die Fremdk\u00f6rperaspiration nichts anderes, als dass ein Fremdk\u00f6rper in die Atemwege gelangt. Kleinkinder sind dabei sehr anf\u00e4llig, da sie sehr [&hellip;]<\/p>\n","protected":false},"author":1,"featured_media":0,"parent":0,"menu_order":13,"comment_status":"closed","ping_status":"closed","template":"","meta":{"footnotes":""},"_links":{"self":[{"href":"https:\/\/lifesavers.a.land\/index.php?rest_route=\/wp\/v2\/pages\/761"}],"collection":[{"href":"https:\/\/lifesavers.a.land\/index.php?rest_route=\/wp\/v2\/pages"}],"about":[{"href":"https:\/\/lifesavers.a.land\/index.php?rest_route=\/wp\/v2\/types\/page"}],"author":[{"embeddable":true,"href":"https:\/\/lifesavers.a.land\/index.php?rest_route=\/wp\/v2\/users\/1"}],"replies":[{"embeddable":true,"href":"https:\/\/lifesavers.a.land\/index.php?rest_route=%2Fwp%2Fv2%2Fcomments&post=761"}],"version-history":[{"count":8,"href":"https:\/\/lifesavers.a.land\/index.php?rest_route=\/wp\/v2\/pages\/761\/revisions"}],"predecessor-version":[{"id":779,"href":"https:\/\/lifesavers.a.land\/index.php?rest_route=\/wp\/v2\/pages\/761\/revisions\/779"}],"wp:attachment":[{"href":"https:\/\/lifesavers.a.land\/index.php?rest_route=%2Fwp%2Fv2%2Fmedia&parent=761"}],"curies":[{"name":"wp","href":"https:\/\/api.w.org\/{rel}","templated":true}]}}