{"id":77,"date":"2023-08-20T23:16:06","date_gmt":"2023-08-20T23:16:12","guid":{"rendered":"https:\/\/lifesavers.a.land\/?page_id=77"},"modified":"2023-09-29T10:15:48","modified_gmt":"2023-09-29T10:15:48","slug":"alarmierung","status":"publish","type":"page","link":"https:\/\/lifesavers.a.land\/?page_id=77","title":{"rendered":"Alarmierung"},"content":{"rendered":"\n<p>In einer Notfallsituation, in der jede Sekunde z\u00e4hlt, ist die Unterst\u00fctzung durch professionelle Sicherheits- oder Rettungsorganisationen unerl\u00e4sslich. Durch die Alarmierung werden wichtige Informationen an die Sicherheits- oder Rettungsorganisationen geliefert. So k\u00f6nnen schnellstm\u00f6glich die richtigen Einsatzkr\u00e4fte und Einsatzmittel am Notfallereignis kommen.<\/p>\n\n\n\n<p>Um alle wichtigen Informationen an die Einsatzleitstelle zu geben sollte man folgendes Alarmierungsschema beachten:<\/p>\n\n\n\n<ul>\n<li><strong>Wo&nbsp;<\/strong>ist der Unfallort?<\/li>\n\n\n\n<li><strong>Wer<\/strong>&nbsp;ist der Anrufer?<\/li>\n\n\n\n<li><strong>Wie<\/strong>&nbsp;lautet die R\u00fcckrufnummer?<\/li>\n\n\n\n<li><strong>Was<\/strong>&nbsp;ist genau passiert?<\/li>\n\n\n\n<li><strong>Wann<\/strong>&nbsp;ist der Unfall passiert?<\/li>\n\n\n\n<li><strong>Wie<\/strong>&nbsp;viele Personen sind betroffen?<\/li>\n\n\n\n<li><strong>Weiteres<\/strong>\u00a0Gibt es besondere Gefahren?<\/li>\n<\/ul>\n\n\n\n<p><\/p>\n\n\n\n<h4 class=\"wp-block-heading\">Wichtiges!<\/h4>\n\n\n\n<p>Der Unfallort muss unbedingt zuerst gesagt werden, weil die Verbindung jederzeit abbrechen k\u00f6nnte!<\/p>\n\n\n\n<p>Zudem beendet man den Anruf nur, wenn ein die Einsatzleitzentrale alle Informationen erhalten und aufgenommen hat.<\/p>\n\n\n\n<h4 class=\"wp-block-heading\"><br><br>Notrufnummern<\/h4>\n\n\n\n<p>Folgende Notrufnummern sollte man sich merken f\u00fcr die Schweiz:<\/p>\n\n\n\n<p><strong>Rettungsdienst \/ Ambulanz: 144<\/strong><br>F\u00fcr alle medizinischen Notf\u00e4lle oder Verletzungen, die dringend professionelle medizinische Hilfe ben\u00f6tigen.<\/p>\n\n\n\n<p><strong>Polizei: 117<\/strong><br>Bei Verdacht auf Straftaten, Gef\u00e4hrliche Situationen, Verkehrsunf\u00e4lle oder Fahrerflucht, Vermissten und Entf\u00fchrungen und bei Notsituationen wie z.B. Suizidgef\u00e4hrdung.<\/p>\n\n\n\n<p><strong>Feuerwehr: 118<\/strong><br>F\u00fcr Brandsituationen oder Notf\u00e4llen im Zusammenhand mit H\u00f6hen, Rettungen, Br\u00e4nden oder gef\u00e4hrlichen Stoffen.<\/p>\n\n\n\n<p><strong>REGA (Schweizerische Rettungsflugwacht): 1414<\/strong><br>F\u00fcr medizinische Hilfe bei schwer zug\u00e4nglichen Gebieten, Schwerverletzten oder schnellen Transport bei schwererkrankten Personen.<\/p>\n\n\n\n<p><strong>Toxikologische Zentrum: 145<\/strong><br>Auskunftsstelle f\u00fcr alle Fragen rund um Vergiftungen. <\/p>\n\n\n\n<p><strong>Dargebotene Hand: 147<\/strong><br>Bietet psychologische Unterst\u00fctzung in schweren Lebenssituationen.<\/p>\n\n\n\n<p><strong>Europ\u00e4ische Notruf: 112<\/strong><br>Wird in den meisten europ\u00e4ischen L\u00e4ndern verwendet, dabei sind Rettungsdienst, Polizei und Feuerwehr in einer Nummer.<\/p>\n\n\n\n<p><strong>SBB Sicherheitspolizei: 0800 117 117<\/strong><br>Bei gef\u00e4hrlichen Situationen, Verst\u00f6sse gegen Sicherheit und Ordnung, Notf\u00e4llen oder Konflikte und St\u00f6rungen im Bahnverkehr.<\/p>\n","protected":false},"excerpt":{"rendered":"<p>In einer Notfallsituation, in der jede Sekunde z\u00e4hlt, ist die Unterst\u00fctzung durch professionelle Sicherheits- oder Rettungsorganisationen unerl\u00e4sslich. Durch die Alarmierung werden wichtige Informationen an die Sicherheits- oder Rettungsorganisationen geliefert. So k\u00f6nnen schnellstm\u00f6glich die richtigen Einsatzkr\u00e4fte und Einsatzmittel am Notfallereignis kommen. Um alle wichtigen Informationen an die Einsatzleitstelle zu geben sollte man folgendes Alarmierungsschema beachten: Wichtiges! [&hellip;]<\/p>\n","protected":false},"author":1,"featured_media":0,"parent":70,"menu_order":1,"comment_status":"closed","ping_status":"closed","template":"","meta":{"footnotes":""},"_links":{"self":[{"href":"https:\/\/lifesavers.a.land\/index.php?rest_route=\/wp\/v2\/pages\/77"}],"collection":[{"href":"https:\/\/lifesavers.a.land\/index.php?rest_route=\/wp\/v2\/pages"}],"about":[{"href":"https:\/\/lifesavers.a.land\/index.php?rest_route=\/wp\/v2\/types\/page"}],"author":[{"embeddable":true,"href":"https:\/\/lifesavers.a.land\/index.php?rest_route=\/wp\/v2\/users\/1"}],"replies":[{"embeddable":true,"href":"https:\/\/lifesavers.a.land\/index.php?rest_route=%2Fwp%2Fv2%2Fcomments&post=77"}],"version-history":[{"count":3,"href":"https:\/\/lifesavers.a.land\/index.php?rest_route=\/wp\/v2\/pages\/77\/revisions"}],"predecessor-version":[{"id":499,"href":"https:\/\/lifesavers.a.land\/index.php?rest_route=\/wp\/v2\/pages\/77\/revisions\/499"}],"up":[{"embeddable":true,"href":"https:\/\/lifesavers.a.land\/index.php?rest_route=\/wp\/v2\/pages\/70"}],"wp:attachment":[{"href":"https:\/\/lifesavers.a.land\/index.php?rest_route=%2Fwp%2Fv2%2Fmedia&parent=77"}],"curies":[{"name":"wp","href":"https:\/\/api.w.org\/{rel}","templated":true}]}}