{"id":794,"date":"2023-10-23T03:40:29","date_gmt":"2023-10-23T03:40:29","guid":{"rendered":"https:\/\/lifesavers.a.land\/?page_id=794"},"modified":"2023-10-23T05:14:58","modified_gmt":"2023-10-23T05:14:58","slug":"quellenverzeichnis","status":"publish","type":"page","link":"https:\/\/lifesavers.a.land\/?page_id=794","title":{"rendered":"Quellenverzeichnis"},"content":{"rendered":"\n<p>Folgende Quellen wurden f\u00fcr die Posts verwendet:<\/p>\n\n\n\n<p>Malteser: Erste-Hilfe-Handbuch. Wissen, Ratschl\u00e4ge, Selbsthilfe<\/p>\n\n\n\n<p>Stefan Herger, Roland Albrecht: Erste Hilfe leisten. sicher handeln<\/p>\n\n\n\n<p>J\u00fcrgen Luxem, Klaus Runggaldier: Rettungssanit\u00e4ter Heute<\/p>\n\n\n\n<p>Schweizer Armee: Der Menschliche K\u00f6rper. Grundlage f\u00fcr den Sanit\u00e4tsdienst<\/p>\n\n\n\n<p>Schweizer Armee: Selbst- und Kameradenhilfe<\/p>\n\n\n\n<p>Die Bundesversammlung der Schweizerischen Eidgenossenschaft: Bundesgesetz \u00fcber den Datenschutz. Bern, 1992.<\/p>\n\n\n\n<p>Die Bundesversammlung der Schweizerischen Eidgenossenschaft: Schweizerisches Strafgesetzbuch. Bern, 1942.<\/p>\n\n\n\n<p>Die Bundesversammlung der Schweizerischen Eidgenossenschaft: Schweizerisches Zivilgesetzbuch. Bern, 1907.<\/p>\n\n\n\n<p>Die Bundesversammlung der Schweizerischen Eidgenossenschaft: Strassenverkehrsgesetz. Bern, 1958.<\/p>\n\n\n\n<p>Herger, Stefam; Albrecht, Roland: Erste Hilfe leisten. sicher handeln. careum Verlag, 2014.<\/p>\n\n\n\n<p>Helsana: Erste Hilfe: Nur jede zweite Person traut sich zu, im Notfall zu helfen. Auf: https:\/\/www.helsana.ch\/de\/helsana-gruppe\/medien-publikationen\/mitteilungen\/studie-erste-hilfe.html (abgerufen am 23.10.2023)<\/p>\n\n\n\n<p>Interverband f\u00fcr Rettungswesen: Smedrix. Algorithmen f\u00fcr Ersthelfer in pr\u00e4klinischen Notfallsituationen, 2022.<\/p>\n\n\n\n<p>Trema Guidelines: https:\/\/www.trema-europe.de\/wp-content\/uploads\/2018\/10\/TREMA-e.V.-Guidelines-fuer-TCCC-3.0.pdf<\/p>\n\n\n\n<p>TCCC Guidelines: https:\/\/learning-media.allogy.com\/api\/v1\/pdf\/1045f287-baa4-4990-8951-de517a262ee2\/contents<\/p>\n\n\n\n<p>Luxem, J\u00fcrgen; Runggaldier, Klaus: Rettungssanit\u00e4ter Heute. Elsevier, 5. Auflage, 2022.<\/p>\n\n\n\n<p>Malteser: Erste-Hilfe-Handbuch. Wissen, Ratschl\u00e4ge, Selbsthilfe. DK-Verlag<\/p>\n\n\n\n<p>Schweizer Armee: Der menschliche K\u00f6rper. Grundlage f\u00fcr den Sanit\u00e4tsdienst, 2017.<\/p>\n\n\n\n<p>Schweizerisches Gesundheitsobservatorium: Rettungsdienste in der Schweiz. Auf: https:\/\/www.obsan.admin.ch\/sites\/default\/files\/obsan_bulletin_2017-01_d.pdf (abgerufen am 23.10.2023)<\/p>\n\n\n\n<p>Universit\u00e4t Bern: Sanit\u00e4tspolizei Bern Schulungsunterlagen Erste Hilfe: Auf: https:\/\/www.dcbp.unibe.ch\/e39511\/e111125\/e113243\/e113588\/SkriptVersionAugust2007_ger.pdf (abgerufen am 18.10.2023)<\/p>\n\n\n\n<p>Viele Inhalte von: https:\/\/flexikon.doccheck.com\/de\/DocCheck, https:\/\/www.gesundheit.gv.at\/, https:\/\/www.usz.ch\/, https:\/\/www.netdoktor.ch\/<\/p>\n\n\n\n<p>https:\/\/www.blick.ch\/auto\/service\/so-schafft-man-rettern-platz-fuer-blaulicht-uebers-rotlicht-id15358383.html<\/p>\n\n\n\n<p>https:\/\/www.police.be.ch\/de\/start\/themen\/verkehr\/verkehrsunfall.html<\/p>\n\n\n\n<p>https:\/\/www.bepanthen.ch\/de\/wundheilung\/wundversorgung<\/p>\n\n\n\n<p>Notfallsanit\u00e4ter Lehrbuch f\u00fcr den Rettungsdienst Cornelsen Verlag:<\/p>\n\n\n\n<p>https:\/\/beckassets.blob.core.windows.net\/product\/readingsample\/13830428\/notfallsanitaeter_kapitel_4_(klein).pdf<\/p>\n\n\n\n<p>https:\/\/www.stadt-zuerich.ch\/pd\/de\/index\/das_departement\/medien\/medienmitteilung\/2023\/januar\/230130a.html<\/p>\n","protected":false},"excerpt":{"rendered":"<p>Folgende Quellen wurden f\u00fcr die Posts verwendet: Malteser: Erste-Hilfe-Handbuch. Wissen, Ratschl\u00e4ge, Selbsthilfe Stefan Herger, Roland Albrecht: Erste Hilfe leisten. sicher handeln J\u00fcrgen Luxem, Klaus Runggaldier: Rettungssanit\u00e4ter Heute Schweizer Armee: Der Menschliche K\u00f6rper. Grundlage f\u00fcr den Sanit\u00e4tsdienst Schweizer Armee: Selbst- und Kameradenhilfe Die Bundesversammlung der Schweizerischen Eidgenossenschaft: Bundesgesetz \u00fcber den Datenschutz. Bern, 1992. Die Bundesversammlung der [&hellip;]<\/p>\n","protected":false},"author":1,"featured_media":0,"parent":0,"menu_order":3,"comment_status":"closed","ping_status":"closed","template":"","meta":{"footnotes":""},"_links":{"self":[{"href":"https:\/\/lifesavers.a.land\/index.php?rest_route=\/wp\/v2\/pages\/794"}],"collection":[{"href":"https:\/\/lifesavers.a.land\/index.php?rest_route=\/wp\/v2\/pages"}],"about":[{"href":"https:\/\/lifesavers.a.land\/index.php?rest_route=\/wp\/v2\/types\/page"}],"author":[{"embeddable":true,"href":"https:\/\/lifesavers.a.land\/index.php?rest_route=\/wp\/v2\/users\/1"}],"replies":[{"embeddable":true,"href":"https:\/\/lifesavers.a.land\/index.php?rest_route=%2Fwp%2Fv2%2Fcomments&post=794"}],"version-history":[{"count":5,"href":"https:\/\/lifesavers.a.land\/index.php?rest_route=\/wp\/v2\/pages\/794\/revisions"}],"predecessor-version":[{"id":832,"href":"https:\/\/lifesavers.a.land\/index.php?rest_route=\/wp\/v2\/pages\/794\/revisions\/832"}],"wp:attachment":[{"href":"https:\/\/lifesavers.a.land\/index.php?rest_route=%2Fwp%2Fv2%2Fmedia&parent=794"}],"curies":[{"name":"wp","href":"https:\/\/api.w.org\/{rel}","templated":true}]}}