{"id":91,"date":"2023-08-21T17:08:44","date_gmt":"2023-08-21T17:08:44","guid":{"rendered":"https:\/\/lifesavers.a.land\/?page_id=91"},"modified":"2023-10-23T04:44:28","modified_gmt":"2023-10-23T04:44:28","slug":"fallbeispiel-bewusstlosigkeit","status":"publish","type":"page","link":"https:\/\/lifesavers.a.land\/?page_id=91","title":{"rendered":"Fallbeispiel Bewusstlosigkeit"},"content":{"rendered":"\n<p>In diesem Abschnitt bearbeiten Sie ein Fallbeispiel zum Thema Bewusstlosigkeit. Sie haben mehrere Optionen, w\u00e4hlen Sie ihre Handlungsschritte auf und wenden Sie ihr gelerntes Wissen an.<\/p>\n\n\n\n<figure class=\"wp-block-image size-large\"><img decoding=\"async\" loading=\"lazy\" width=\"1024\" height=\"683\" src=\"https:\/\/lifesavers.a.land\/wp-content\/uploads\/2023\/05\/mat-napo-ejWJ3a92FEs-unsplash-1024x683.jpg\" alt=\"\" class=\"wp-image-17\" srcset=\"https:\/\/lifesavers.a.land\/wp-content\/uploads\/2023\/05\/mat-napo-ejWJ3a92FEs-unsplash-1024x683.jpg 1024w, https:\/\/lifesavers.a.land\/wp-content\/uploads\/2023\/05\/mat-napo-ejWJ3a92FEs-unsplash-300x200.jpg 300w, https:\/\/lifesavers.a.land\/wp-content\/uploads\/2023\/05\/mat-napo-ejWJ3a92FEs-unsplash-768x512.jpg 768w, https:\/\/lifesavers.a.land\/wp-content\/uploads\/2023\/05\/mat-napo-ejWJ3a92FEs-unsplash-1536x1024.jpg 1536w, https:\/\/lifesavers.a.land\/wp-content\/uploads\/2023\/05\/mat-napo-ejWJ3a92FEs-unsplash-2048x1365.jpg 2048w\" sizes=\"(max-width: 1024px) 100vw, 1024px\" \/><\/figure>\n\n\n\n<p>Sie sind auf dem Weg zur Arbeit und treffen auf eine \u00e4ltere Person, die beim Trottoir ist und auf dem R\u00fccken liegt. Von weitem sehen Sie, dass die Person sich nicht bewegt, was tun sie?<\/p>\n\n\n\n<div class=\"wp-block-buttons is-layout-flex wp-block-buttons-is-layout-flex\">\n<div class=\"wp-block-button has-custom-width wp-block-button__width-100 is-style-fill\"><a class=\"wp-block-button__link wp-element-button\" href=\"https:\/\/lifesavers.a.land\/?page_id=95\">Es besteht keine akute Lebensgefahr. Es k\u00f6nnte sein, dass die Person einfach nur betrunken ist und am Boden liegt. Ich m\u00f6chte die Person nicht ansprechen, da dies gef\u00e4hrlich sein k\u00f6nnte und lasse die Person dort liegen zu meinem Eigenschutz.<\/a><\/div>\n\n\n\n<div class=\"wp-block-button has-custom-width wp-block-button__width-100 is-style-fill\"><a class=\"wp-block-button__link wp-element-button\" href=\"https:\/\/lifesavers.a.land\/?page_id=99\">Bevor ich zur Person gehe, schaue ich, ob Gefahren beim Unfallort vorhanden sind und handle dementsprechend. Danach spreche ich die Person laut und deutlich an, frage nach Ihrem Namen und schaue, ob sie Antwortet.<\/a><\/div>\n\n\n\n<div class=\"wp-block-button is-style-fill\"><a class=\"wp-block-button__link wp-element-button\" href=\"https:\/\/lifesavers.a.land\/?page_id=95\" style=\"padding-top:0;padding-bottom:0\">Ich lasse die Person so liegen, weil man in diesem Fall nicht viel Erste-Hilfe leisten kann. Am besten bewege ich die Person nicht, da es eine Verletzung an der Halswirbels\u00e4ule sein k\u00f6nnte. Ich alarmiere nur den Sanit\u00e4tsnotruf 144 und sichere die Unfallstelle.<\/a><\/div>\n<\/div>\n\n\n\n<p class=\"has-tiny-font-size\">Bildquelle: Unsplash<\/p>\n","protected":false},"excerpt":{"rendered":"<p>In diesem Abschnitt bearbeiten Sie ein Fallbeispiel zum Thema Bewusstlosigkeit. Sie haben mehrere Optionen, w\u00e4hlen Sie ihre Handlungsschritte auf und wenden Sie ihr gelerntes Wissen an. Sie sind auf dem Weg zur Arbeit und treffen auf eine \u00e4ltere Person, die beim Trottoir ist und auf dem R\u00fccken liegt. Von weitem sehen Sie, dass die Person [&hellip;]<\/p>\n","protected":false},"author":1,"featured_media":0,"parent":23,"menu_order":0,"comment_status":"closed","ping_status":"closed","template":"","meta":{"footnotes":""},"_links":{"self":[{"href":"https:\/\/lifesavers.a.land\/index.php?rest_route=\/wp\/v2\/pages\/91"}],"collection":[{"href":"https:\/\/lifesavers.a.land\/index.php?rest_route=\/wp\/v2\/pages"}],"about":[{"href":"https:\/\/lifesavers.a.land\/index.php?rest_route=\/wp\/v2\/types\/page"}],"author":[{"embeddable":true,"href":"https:\/\/lifesavers.a.land\/index.php?rest_route=\/wp\/v2\/users\/1"}],"replies":[{"embeddable":true,"href":"https:\/\/lifesavers.a.land\/index.php?rest_route=%2Fwp%2Fv2%2Fcomments&post=91"}],"version-history":[{"count":12,"href":"https:\/\/lifesavers.a.land\/index.php?rest_route=\/wp\/v2\/pages\/91\/revisions"}],"predecessor-version":[{"id":803,"href":"https:\/\/lifesavers.a.land\/index.php?rest_route=\/wp\/v2\/pages\/91\/revisions\/803"}],"up":[{"embeddable":true,"href":"https:\/\/lifesavers.a.land\/index.php?rest_route=\/wp\/v2\/pages\/23"}],"wp:attachment":[{"href":"https:\/\/lifesavers.a.land\/index.php?rest_route=%2Fwp%2Fv2%2Fmedia&parent=91"}],"curies":[{"name":"wp","href":"https:\/\/api.w.org\/{rel}","templated":true}]}}