{"id":99,"date":"2023-08-21T18:51:06","date_gmt":"2023-08-21T18:51:21","guid":{"rendered":"https:\/\/lifesavers.a.land\/?page_id=99"},"modified":"2023-09-16T19:37:27","modified_gmt":"2023-09-16T19:37:27","slug":"fallbeispiel-bewusstlosigkeit-1","status":"publish","type":"page","link":"https:\/\/lifesavers.a.land\/?page_id=99","title":{"rendered":"Antwort (1)"},"content":{"rendered":"\n<h1 class=\"wp-block-heading has-vivid-green-cyan-background-color has-background\">Korrekt!<\/h1>\n\n\n\n<p>Es besteht eine akute Lebensgefahr, die in jedem Fall Erste-Hilfe von Passanten ben\u00f6tigt. Wird dies nicht gemacht, besteht eine unterlassene Hilfeleistung, die Strafbar ist.&nbsp;<\/p>\n\n\n\n<p>Gem\u00e4ss Art. 128 StGB gilt :&#8221; Wer einem Menschen, den er verletzt hat, oder einem Menschen der in unmittelbarer Lebensgefahr schwebt, nicht hilft, obwohl es ihm den Umst\u00e4nden nach zugemutet werden k\u00f6nnte,<br>wer andere davon abh\u00e4lt, Nothilfe zu leisten, oder sie dabei behindert, wir mit Freiheitsstrafe bis zu drei Jahren oder Geldstrafe bestraft.<\/p>\n\n\n\n<p>Auch wenn man nur den Notruf t\u00e4tigt und keine Erste-Hilfe leistet, ist dies problematisch, da die Person auf der R\u00fcckenlage durch Speichel oder Erbrochenes, das eingeatmet wird oder der Zunge, die in den Rachenraum rutschen k\u00f6nnte und die Atemwege verlegt, sterben k\u00f6nnte.&nbsp;<\/p>\n\n\n\n<p>Falls Verletzungen an der Halswirbels\u00e4ule (HWS) m\u00f6glicherweise vorhanden sind, sollte man im Normalfall den Patienten m\u00f6glichst nicht bewegen und mit dem Halsschienengriff stabilisieren. Jedoch ist dies hier ein Spezialfall, falls eine HWS Verletzung vorliegt.<\/p>\n\n\n\n<div class=\"wp-block-buttons is-content-justification-right is-layout-flex wp-container-1 wp-block-buttons-is-layout-flex\">\n<div class=\"wp-block-button\"><a class=\"wp-block-button__link wp-element-button\" href=\"https:\/\/lifesavers.a.land\/?page_id=117\">Weiter<\/a><\/div>\n<\/div>\n","protected":false},"excerpt":{"rendered":"<p>Korrekt! Es besteht eine akute Lebensgefahr, die in jedem Fall Erste-Hilfe von Passanten ben\u00f6tigt. Wird dies nicht gemacht, besteht eine unterlassene Hilfeleistung, die Strafbar ist.&nbsp; Gem\u00e4ss Art. 128 StGB gilt :&#8221; Wer einem Menschen, den er verletzt hat, oder einem Menschen der in unmittelbarer Lebensgefahr schwebt, nicht hilft, obwohl es ihm den Umst\u00e4nden nach zugemutet [&hellip;]<\/p>\n","protected":false},"author":1,"featured_media":0,"parent":91,"menu_order":0,"comment_status":"closed","ping_status":"closed","template":"","meta":{"footnotes":""},"_links":{"self":[{"href":"https:\/\/lifesavers.a.land\/index.php?rest_route=\/wp\/v2\/pages\/99"}],"collection":[{"href":"https:\/\/lifesavers.a.land\/index.php?rest_route=\/wp\/v2\/pages"}],"about":[{"href":"https:\/\/lifesavers.a.land\/index.php?rest_route=\/wp\/v2\/types\/page"}],"author":[{"embeddable":true,"href":"https:\/\/lifesavers.a.land\/index.php?rest_route=\/wp\/v2\/users\/1"}],"replies":[{"embeddable":true,"href":"https:\/\/lifesavers.a.land\/index.php?rest_route=%2Fwp%2Fv2%2Fcomments&post=99"}],"version-history":[{"count":6,"href":"https:\/\/lifesavers.a.land\/index.php?rest_route=\/wp\/v2\/pages\/99\/revisions"}],"predecessor-version":[{"id":403,"href":"https:\/\/lifesavers.a.land\/index.php?rest_route=\/wp\/v2\/pages\/99\/revisions\/403"}],"up":[{"embeddable":true,"href":"https:\/\/lifesavers.a.land\/index.php?rest_route=\/wp\/v2\/pages\/91"}],"wp:attachment":[{"href":"https:\/\/lifesavers.a.land\/index.php?rest_route=%2Fwp%2Fv2%2Fmedia&parent=99"}],"curies":[{"name":"wp","href":"https:\/\/api.w.org\/{rel}","templated":true}]}}